{"id":584,"date":"2025-12-13T17:52:56","date_gmt":"2025-12-13T17:52:56","guid":{"rendered":"https:\/\/saskar.store\/?post_type=product&#038;p=584"},"modified":"2026-01-11T11:01:21","modified_gmt":"2026-01-11T11:01:21","slug":"collar-tibetano-turquesa-y-coral","status":"publish","type":"product","link":"https:\/\/saskar.store\/es\/producto\/collar-tibetano-turquesa-y-coral\/","title":{"rendered":"Collar Tibetano Turquesa y Coral"},"content":{"rendered":"<p>Collar Tibetano de joyer\u00eda tradicional, elaborado con, Turquesa, Coral y Lapisl\u00e1zuli. Un accesorio de corte cl\u00e1sico, y a la vez, con un toque ex\u00f3tico y oriental que marca la diferencia de tu estilo. Pieza \u00fanica para destacar tu belleza.<\/p>\n<p>&nbsp;<\/p>","protected":false},"excerpt":{"rendered":"<p>Collar Tibetano de joyer\u00eda tradicional, elaborado con, Turquesa, Coral y Lapisl\u00e1zuli. Un accesorio de corte cl\u00e1sico, y a la vez, con un toque ex\u00f3tico y oriental que marca la diferencia de tu estilo. Pieza \u00fanica para destacar tu belleza. &nbsp;<\/p>","protected":false},"featured_media":1168,"comment_status":"open","ping_status":"closed","template":"","meta":[],"product_brand":[],"product_cat":[47,44],"product_tag":[],"class_list":{"0":"post-584","1":"product","2":"type-product","3":"status-publish","4":"has-post-thumbnail","6":"product_cat-collar","7":"product_cat-joyeria","9":"first","10":"instock","11":"taxable","12":"shipping-taxable","13":"purchasable","14":"product-type-simple"},"jetpack_sharing_enabled":true,"_links":{"self":[{"href":"https:\/\/saskar.store\/es\/wp-json\/wp\/v2\/product\/584","targetHints":{"allow":["GET"]}}],"collection":[{"href":"https:\/\/saskar.store\/es\/wp-json\/wp\/v2\/product"}],"about":[{"href":"https:\/\/saskar.store\/es\/wp-json\/wp\/v2\/types\/product"}],"replies":[{"embeddable":true,"href":"https:\/\/saskar.store\/es\/wp-json\/wp\/v2\/comments?post=584"}],"wp:featuredmedia":[{"embeddable":true,"href":"https:\/\/saskar.store\/es\/wp-json\/wp\/v2\/media\/1168"}],"wp:attachment":[{"href":"https:\/\/saskar.store\/es\/wp-json\/wp\/v2\/media?parent=584"}],"wp:term":[{"taxonomy":"product_brand","embeddable":true,"href":"https:\/\/saskar.store\/es\/wp-json\/wp\/v2\/product_brand?post=584"},{"taxonomy":"product_cat","embeddable":true,"href":"https:\/\/saskar.store\/es\/wp-json\/wp\/v2\/product_cat?post=584"},{"taxonomy":"product_tag","embeddable":true,"href":"https:\/\/saskar.store\/es\/wp-json\/wp\/v2\/product_tag?post=584"}],"curies":[{"name":"wp","href":"https:\/\/api.w.org\/{rel}","templated":true}]}}