{"id":403,"date":"2025-12-06T19:03:01","date_gmt":"2025-12-06T19:03:01","guid":{"rendered":"https:\/\/saskar.store\/?post_type=product&#038;p=403"},"modified":"2026-01-26T12:31:42","modified_gmt":"2026-01-26T12:31:42","slug":"mascara-tradicional-de-bhairava-blanco","status":"publish","type":"product","link":"https:\/\/saskar.store\/es\/producto\/mascara-tradicional-de-bhairava-blanco\/","title":{"rendered":"M\u00e1scara tradicional de Bhairab (Bhairava \/ Mahakala)- Blanco"},"content":{"rendered":"<h2>Descripci\u00f3n del Producto: M\u00e1scara tradicional de Bhairab (Bhairava \/ Mahakala)-Blanco<\/h2>\n<p>Esta m\u00e1scara de madera, tallada y pintada a mano, representa a <strong data-start=\"287\" data-end=\"298\">Bhairab<\/strong>, una deidad de car\u00e1cter feroz venerada en el hinduismo y en el budismo tibetano. Procedente de la regi\u00f3n del Himalaya, especialmente de <strong data-start=\"435\" data-end=\"444\">Nepal<\/strong>, es una pieza elaborada por artesanos locales y apreciada tanto por su valor cultural como espiritual.<\/p>\n<div id=\"tw-container\" class=\"nev7se\" data-cp=\"1\" data-nnttsvi=\"1\" data-sletp=\"false\" data-sm=\"1\" data-ssbp=\"false\" data-sugg-time=\"500\" data-sugg-url=\"https:\/\/clients1.google.com\/complete\/search\" data-uilc=\"es\" data-vil=\",af,af-ZA,am,am-ET,ar-EG,ar-AE,ar-KW,ar-QA,ar,ar-IL,ar-JO,ar-LB,ar-PS,az,az-AZ,bg,bg-BG,bn,bn-BD,bn-IN,ca,ca-es,cs,cs-CZ,de,de-DE,de-CH,de-AT,de-LI,en,en-US,en-CA,en-AU,en-NZ,en-GB,en-IN,en-KE,en-TZ,en-NG,en-GH,en-PH,en-ZA,es,es-ES,es-AR,es-UY,es-419,es-BO,es-CL,es-CR,es-CO,es-DO,es-EC,es-GT,es-HN,es-NI,es-PA,es-PE,es-PR,es-PY,es-SV,es-VE,es-MX,es-US,eu,eu-ES,fi,fi-FI,fr,fr-FR,fr-CH,fr-BE,gl,gl-ES,gu,gu-IN,he,he-IL,iw,iw-IL,hu,hu-HU,hy,hy-AM,id,id-ID,is,is-IS,it,it-IT,it-CH,ja,ja-JP,jv,jv-ID,ka,ka-GE,km,km-KH,kn,kn-IN,ko,ko-KR,la,lo,lo-LA,lv,lv-LV,ml,ml-IN,mr,mr-IN,ms,ms-MY,nl,nl-NL,nb,nb-NO,ne,ne-NP,pl,pl-PL,pt,pt-BR,pt-PT,ro,ro-RO,ru,ru-RU,si-LK,sk,sk-SK,sr,sr-RS,su,su-ID,sv,sv-SE,sw,sw-TZ,sw-KE,ta,ta-IN,ta-SG,ta-LK,ta-MY,te,te-IN,tr,tr-TR,ur,ur-PK,ur-IN,yue,yue-HK,yue-Hant-HK,zh-HK,zh,zh-CN,zh-cmn,zh-cmn-CN,zh-Hans,zh-Hans-CN,zh-cmn-Hans,zh-cmn-Hans-CN,cmn-CN,cmn-Hans,cmn-Hans-CN,zh-TW,zh-Hant-TW,cmn-TW,cmn-Hant-TW,zh-cmn-TW,zh-cmn-Hant-TW,zu,zu-ZA,hi,hi-IN,tl,tl-PH,pa,pa-IN\">\n<div>\n<div>\n<div id=\"tw-ob\" class=\"tw-src-ltr\">\n<div class=\"oSioSc\">\n<div id=\"tw-target\" class=\"\">\n<div id=\"kAz1tf\" class=\"g9WsWb PZPZlf\" data-attrid=\"tw-targetArea\" data-entityname=\"Google Translate\">\n<div id=\"tw-target-text-container\" class=\"tw-ta-container tw-nfl\" tabindex=\"0\" role=\"text\">\n<p id=\"tw-target-text\" class=\"tw-data-text tw-text-large tw-ta\" dir=\"ltr\" tabindex=\"-1\" role=\"text\" data-placeholder=\"Traducci\u00f3n\" data-ved=\"2ahUKEwio9ObY-qiSAxXY1wIHHWvICfYQ3ewLegQIDBAW\" aria-label=\"Texto traducido: tama\u00f1o 6 pulgadas\"><span class=\"Y2IQFc\" lang=\"es\"><strong>Tama\u00f1o<\/strong>: 6 pulgadas<\/span><\/p>\n<\/div>\n<\/div>\n<\/div>\n<\/div>\n<\/div>\n<\/div>\n<\/div>\n<\/div>\n<p><strong data-start=\"549\" data-end=\"575\">Significado espiritual<\/strong><br data-start=\"575\" data-end=\"578\" \/>Bhairab es una forma iracunda del <strong data-start=\"612\" data-end=\"626\">dios Shiva<\/strong>, asociada con la eliminaci\u00f3n de obst\u00e1culos, la protecci\u00f3n del orden c\u00f3smico (Dharma) y la defensa frente a energ\u00edas negativas. Su expresi\u00f3n intimidante simboliza fuerza protectora y transformaci\u00f3n.<\/p>\n<p><strong data-start=\"826\" data-end=\"840\">Simbolismo<\/strong><br data-start=\"840\" data-end=\"843\" \/>Tradicionalmente, se cree que la presencia de esta deidad favorece la <strong data-start=\"913\" data-end=\"937\">protecci\u00f3n del hogar<\/strong>, la prosperidad y el \u00e9xito, adem\u00e1s de actuar como resguardo frente a influencias adversas y la muerte prematura.<\/p>\n<p><strong data-start=\"1052\" data-end=\"1074\">Rasgos distintivos<\/strong><br data-start=\"1074\" data-end=\"1077\" \/>La m\u00e1scara suele presentar un <strong data-start=\"1107\" data-end=\"1129\">intenso color blanco<\/strong>, <strong data-start=\"1131\" data-end=\"1151\">ojos prominentes<\/strong>, <strong data-start=\"1153\" data-end=\"1175\">colmillos visibles<\/strong> y una <strong data-start=\"1182\" data-end=\"1220\">corona formada por cinco calaveras<\/strong>, elementos que representan la transformaci\u00f3n de las emociones negativas en sabidur\u00eda y conocimiento espiritual.<\/p>\n<p><strong data-start=\"1334\" data-end=\"1350\">Origen y uso<\/strong><br data-start=\"1350\" data-end=\"1353\" \/>Estas m\u00e1scaras forman parte del arte popular del Himalaya, especialmente de Nepal, y se utilizan principalmente como <strong data-start=\"1470\" data-end=\"1490\">decoraci\u00f3n mural<\/strong> en hogares, espacios de meditaci\u00f3n o entornos rituales, por su fuerte simbolismo protector.<\/p>","protected":false},"excerpt":{"rendered":"<p>Descripci\u00f3n del Producto: M\u00e1scara tradicional de Bhairab (Bhairava \/ Mahakala)-Blanco Esta m\u00e1scara de madera, tallada y pintada a mano, representa a Bhairab, una deidad de car\u00e1cter feroz venerada en el hinduismo y en el budismo tibetano. Procedente de la regi\u00f3n del Himalaya, especialmente de Nepal, es una pieza elaborada por artesanos locales y apreciada tanto [&#8230;]\n","protected":false},"featured_media":2113,"comment_status":"open","ping_status":"closed","template":"","meta":[],"product_brand":[],"product_cat":[19,29],"product_tag":[],"class_list":{"0":"post-403","1":"product","2":"type-product","3":"status-publish","4":"has-post-thumbnail","6":"product_cat-bhairava","7":"product_cat-mascara-de-madera","9":"first","10":"instock","11":"taxable","12":"shipping-taxable","13":"purchasable","14":"product-type-simple"},"jetpack_sharing_enabled":true,"_links":{"self":[{"href":"https:\/\/saskar.store\/es\/wp-json\/wp\/v2\/product\/403","targetHints":{"allow":["GET"]}}],"collection":[{"href":"https:\/\/saskar.store\/es\/wp-json\/wp\/v2\/product"}],"about":[{"href":"https:\/\/saskar.store\/es\/wp-json\/wp\/v2\/types\/product"}],"replies":[{"embeddable":true,"href":"https:\/\/saskar.store\/es\/wp-json\/wp\/v2\/comments?post=403"}],"wp:featuredmedia":[{"embeddable":true,"href":"https:\/\/saskar.store\/es\/wp-json\/wp\/v2\/media\/2113"}],"wp:attachment":[{"href":"https:\/\/saskar.store\/es\/wp-json\/wp\/v2\/media?parent=403"}],"wp:term":[{"taxonomy":"product_brand","embeddable":true,"href":"https:\/\/saskar.store\/es\/wp-json\/wp\/v2\/product_brand?post=403"},{"taxonomy":"product_cat","embeddable":true,"href":"https:\/\/saskar.store\/es\/wp-json\/wp\/v2\/product_cat?post=403"},{"taxonomy":"product_tag","embeddable":true,"href":"https:\/\/saskar.store\/es\/wp-json\/wp\/v2\/product_tag?post=403"}],"curies":[{"name":"wp","href":"https:\/\/api.w.org\/{rel}","templated":true}]}}