{"id":2977,"date":"2026-02-20T07:44:59","date_gmt":"2026-02-20T07:44:59","guid":{"rendered":"https:\/\/saskar.store\/?post_type=product&#038;p=2977"},"modified":"2026-02-20T07:44:59","modified_gmt":"2026-02-20T07:44:59","slug":"pantalones-harem-boho-patchwork-de-algodon-unisex-purpura","status":"publish","type":"product","link":"https:\/\/saskar.store\/es\/producto\/pantalones-harem-boho-patchwork-de-algodon-unisex-purpura\/","title":{"rendered":"Pantalones Harem Boho Patchwork de Algod\u00f3n \u2013 Unisex- P\u00farpura"},"content":{"rendered":"<div>\n<h3 class=\"AdPoic\" role=\"heading\" aria-level=\"3\" data-complete=\"true\" data-processed=\"true\">Detalles del producto : Pantalones Harem Boho Patchwork de Algod\u00f3n \u2013 Unisex- P\u00farpura<\/h3>\n<\/div>\n<div>Dale a tu look un estilo libre y aut\u00e9ntico con estos pantalones harem boho de patchwork en tonos mostaza y verde oliva, ideales para quienes buscan comodidad sin perder el estilo. Est\u00e1n confeccionados en algod\u00f3n suave y transpirable, perfectos para primavera, verano y entretiempo, manteniendo la piel fresca durante todo el d\u00eda.<br \/>\nSu dise\u00f1o holgado con corte harem y tiro bajo permite total libertad de movimiento, por lo que son excelentes para yoga, meditaci\u00f3n, viajes, festivales, playa o uso diario. La cintura es totalmente el\u00e1stica, se adapta c\u00f3modamente a diferentes tallas y facilita ponerlos y quitarlos sin esfuerzo. Los pu\u00f1os el\u00e1sticos en los tobillos mantienen la forma cl\u00e1sica del pantal\u00f3n harem.<br \/>\nEl patr\u00f3n patchwork artesanal combina bloques de color con detalles sutiles de rayas, dando a cada prenda un car\u00e1cter \u00fanico. Peque\u00f1as variaciones son parte del encanto hecho a mano y reflejando su origen artesanal.<br \/>\nSon unisex y vers\u00e1tiles, f\u00e1ciles de combinar con camisetas, tops, sudaderas o camisas boho. Ideales para quienes aman la moda bohemia, hippie y relajada.<\/div>\n<div>\n<div class=\"Y3BBE\" data-sfc-cp=\"\" data-hveid=\"CAEIBBAA\" data-complete=\"true\" data-processed=\"true\">Esta prenda se identifica como un\u00a0<strong class=\"Yjhzub\" data-complete=\"true\" data-processed=\"true\">pantal\u00f3n harem tipo Alad\u00edn<\/strong>, tambi\u00e9n conocido como pantal\u00f3n afgano o sarouel. Se caracteriza por su corte holgado, cintura el\u00e1stica con cord\u00f3n y una entrepierna extremadamente baja que cae cerca de los tobillos.<span class=\"uJ19be notranslate\" data-wiz-uids=\"OV7tdf_l,OV7tdf_m\" data-complete=\"true\" data-processed=\"true\"><span class=\"vKEkVd\" data-animation-atomic=\"\" data-wiz-attrbind=\"class=OV7tdf_k\/TKHnVd\" data-sae=\"\"><span aria-hidden=\"true\">\u00a0<\/span><button class=\"rBl3me IWyTpf pjvauc\" tabindex=\"0\" data-amic=\"true\" data-icl-uuid=\"8c51b756-b1ac-4156-a3bb-1057a47c6f95\" aria-label=\"Shantima (+2) - Ver enlaces relacionados\" data-wiz-attrbind=\"disabled=OV7tdf_k\/C5gNJc;aria-label=OV7tdf_k\/bOjMyf;class=OV7tdf_k\/UpSNec\" data-ved=\"2ahUKEwikt47YyOeSAxXcTKQEHXHWN88Qye0OegYIAQgEEAE\"><\/button><\/span><\/span><\/p>\n<div class=\"Fwa2Od\" data-animation-skip=\"\" data-signal-inputs=\"scS1X=OV7tdf_k\/scS1X\" data-ved=\"2ahUKEwikt47YyOeSAxXcTKQEHXHWN88Q3s0SegYIAQgEEAI\" data-complete=\"true\"><span class=\"wJwe6c\"><span class=\"iFMVXd\">Shantima<\/span><span class=\"IjM6od\">\u00a0+2<\/span><\/span><\/div>\n<\/div>\n<div class=\"Y3BBE\" data-sfc-cp=\"\" data-hveid=\"CAEIBhAA\" data-complete=\"true\" data-processed=\"true\"><\/div>\n<ul class=\"KsbFXc U6u95\" data-complete=\"true\" data-processed=\"true\">\n<li data-hveid=\"CAEIBxAA\" data-complete=\"true\" data-sae=\"\"><span class=\"T286Pc\" data-sfc-cp=\"\" data-complete=\"true\"><strong class=\"Yjhzub\" data-complete=\"true\">Dise\u00f1o:<\/strong>\u00a0Confeccionado con la t\u00e9cnica de\u00a0<strong class=\"Yjhzub\" data-complete=\"true\">patchwork<\/strong>, uniendo bloques de tela en tonos p\u00farpuras, rojos y azules con patrones de l\u00edneas integrados.<\/span><\/li>\n<li data-hveid=\"CAEIBxAB\" data-complete=\"true\" data-sae=\"\"><span class=\"T286Pc\" data-sfc-cp=\"\" data-complete=\"true\"><strong class=\"Yjhzub\" data-complete=\"true\">Material:<\/strong>\u00a0Generalmente est\u00e1n hechos de\u00a0<strong class=\"Yjhzub\" data-complete=\"true\">algod\u00f3n 100%<\/strong>, lo que los hace ligeros, transpirables y c\u00f3modos para actividades como yoga o festivales.<\/span><\/li>\n<li data-hveid=\"CAEIBxAC\" data-complete=\"true\" data-sae=\"\"><span class=\"T286Pc\" data-sfc-cp=\"\" data-complete=\"true\"><strong class=\"Yjhzub\" data-complete=\"true\">Origen:<\/strong>\u00a0Es com\u00fan que estas prendas sean de fabricaci\u00f3n artesanal, frecuentemente procedentes de\u00a0<strong class=\"Yjhzub\" data-complete=\"true\">Nepal<\/strong>\u00a0o Tailandia.<\/span><\/li>\n<li data-hveid=\"CAEIBxAD\" data-complete=\"true\" data-sae=\"\"><span class=\"T286Pc\" data-sfc-cp=\"\" data-complete=\"true\" aria-owns=\"action-menu-parent-container\"><strong class=\"Yjhzub\" data-complete=\"true\">Ajuste:<\/strong>\u00a0Suelen ser de\u00a0<strong class=\"Yjhzub\" data-complete=\"true\">talla \u00fanica<\/strong>\u00a0gracias a su cintura y pu\u00f1os de los tobillos el\u00e1sticos, lo que permite que se adapten a diversos tipos de cuerpo.<\/span><\/li>\n<\/ul>\n<\/div>","protected":false},"excerpt":{"rendered":"<p>Detalles del producto : Pantalones Harem Boho Patchwork de Algod\u00f3n \u2013 Unisex- P\u00farpura Dale a tu look un estilo libre y aut\u00e9ntico con estos pantalones harem boho de patchwork en tonos mostaza y verde oliva, ideales para quienes buscan comodidad sin perder el estilo. Est\u00e1n confeccionados en algod\u00f3n suave y transpirable, perfectos para primavera, verano [&#8230;]\n","protected":false},"featured_media":2979,"comment_status":"open","ping_status":"closed","template":"","meta":[],"product_brand":[],"product_cat":[31,20,26,37],"product_tag":[],"class_list":{"0":"post-2977","1":"product","2":"type-product","3":"status-publish","4":"has-post-thumbnail","6":"product_cat-pantalon","7":"product_cat-hombre","8":"product_cat-mujer","9":"product_cat-pantalones","11":"first","12":"instock","13":"taxable","14":"shipping-taxable","15":"purchasable","16":"product-type-simple"},"jetpack_sharing_enabled":true,"_links":{"self":[{"href":"https:\/\/saskar.store\/es\/wp-json\/wp\/v2\/product\/2977","targetHints":{"allow":["GET"]}}],"collection":[{"href":"https:\/\/saskar.store\/es\/wp-json\/wp\/v2\/product"}],"about":[{"href":"https:\/\/saskar.store\/es\/wp-json\/wp\/v2\/types\/product"}],"replies":[{"embeddable":true,"href":"https:\/\/saskar.store\/es\/wp-json\/wp\/v2\/comments?post=2977"}],"wp:featuredmedia":[{"embeddable":true,"href":"https:\/\/saskar.store\/es\/wp-json\/wp\/v2\/media\/2979"}],"wp:attachment":[{"href":"https:\/\/saskar.store\/es\/wp-json\/wp\/v2\/media?parent=2977"}],"wp:term":[{"taxonomy":"product_brand","embeddable":true,"href":"https:\/\/saskar.store\/es\/wp-json\/wp\/v2\/product_brand?post=2977"},{"taxonomy":"product_cat","embeddable":true,"href":"https:\/\/saskar.store\/es\/wp-json\/wp\/v2\/product_cat?post=2977"},{"taxonomy":"product_tag","embeddable":true,"href":"https:\/\/saskar.store\/es\/wp-json\/wp\/v2\/product_tag?post=2977"}],"curies":[{"name":"wp","href":"https:\/\/api.w.org\/{rel}","templated":true}]}}