{"id":2913,"date":"2026-02-17T10:02:31","date_gmt":"2026-02-17T10:02:31","guid":{"rendered":"https:\/\/saskar.store\/?post_type=product&#038;p=2913"},"modified":"2026-02-17T10:02:32","modified_gmt":"2026-02-17T10:02:32","slug":"pantalones-haren-pantalones-haren-bombachos-pantalones-aladdin-de-algodon-granate","status":"publish","type":"product","link":"https:\/\/saskar.store\/es\/producto\/pantalones-haren-pantalones-haren-bombachos-pantalones-aladdin-de-algodon-granate\/","title":{"rendered":"Pantalones har\u00e9n, pantalones har\u00e9n, bombachos, pantalones aladdin de algod\u00f3n, Granate"},"content":{"rendered":"<h2>Descripci\u00f3n del producto: Pantalones har\u00e9n, pantalones har\u00e9n, bombachos, pantalones aladdin de algod\u00f3n, Granate<\/h2>\n<p>Pantal\u00f3n har\u00e9n extra ancho con entrepierna escotada y cinturilla el\u00e1stica con cord\u00f3n extra. Estos c\u00f3modos pantalones han sido confeccionados a mano individualmente. El dise\u00f1o patchwork puede diferir ligeramente de la ilustraci\u00f3n en la disposici\u00f3n de los colores y aporta a cada pantal\u00f3n su toque distintivo. Lavar a mano por separado.<\/p>","protected":false},"excerpt":{"rendered":"<p>Descripci\u00f3n del producto: Pantalones har\u00e9n, pantalones har\u00e9n, bombachos, pantalones aladdin de algod\u00f3n, Granate Pantal\u00f3n har\u00e9n extra ancho con entrepierna escotada y cinturilla el\u00e1stica con cord\u00f3n extra. Estos c\u00f3modos pantalones han sido confeccionados a mano individualmente. El dise\u00f1o patchwork puede diferir ligeramente de la ilustraci\u00f3n en la disposici\u00f3n de los colores y aporta a cada pantal\u00f3n [&#8230;]\n","protected":false},"featured_media":2912,"comment_status":"open","ping_status":"closed","template":"","meta":[],"product_brand":[],"product_cat":[26,20,31,37],"product_tag":[],"class_list":{"0":"post-2913","1":"product","2":"type-product","3":"status-publish","4":"has-post-thumbnail","6":"product_cat-mujer","7":"product_cat-hombre","8":"product_cat-pantalon","9":"product_cat-pantalones","11":"first","12":"instock","13":"taxable","14":"shipping-taxable","15":"purchasable","16":"product-type-simple"},"jetpack_sharing_enabled":true,"_links":{"self":[{"href":"https:\/\/saskar.store\/es\/wp-json\/wp\/v2\/product\/2913","targetHints":{"allow":["GET"]}}],"collection":[{"href":"https:\/\/saskar.store\/es\/wp-json\/wp\/v2\/product"}],"about":[{"href":"https:\/\/saskar.store\/es\/wp-json\/wp\/v2\/types\/product"}],"replies":[{"embeddable":true,"href":"https:\/\/saskar.store\/es\/wp-json\/wp\/v2\/comments?post=2913"}],"wp:featuredmedia":[{"embeddable":true,"href":"https:\/\/saskar.store\/es\/wp-json\/wp\/v2\/media\/2912"}],"wp:attachment":[{"href":"https:\/\/saskar.store\/es\/wp-json\/wp\/v2\/media?parent=2913"}],"wp:term":[{"taxonomy":"product_brand","embeddable":true,"href":"https:\/\/saskar.store\/es\/wp-json\/wp\/v2\/product_brand?post=2913"},{"taxonomy":"product_cat","embeddable":true,"href":"https:\/\/saskar.store\/es\/wp-json\/wp\/v2\/product_cat?post=2913"},{"taxonomy":"product_tag","embeddable":true,"href":"https:\/\/saskar.store\/es\/wp-json\/wp\/v2\/product_tag?post=2913"}],"curies":[{"name":"wp","href":"https:\/\/api.w.org\/{rel}","templated":true}]}}