{"id":2857,"date":"2026-02-13T18:41:10","date_gmt":"2026-02-13T18:41:10","guid":{"rendered":"https:\/\/saskar.store\/?post_type=product&#038;p=2857"},"modified":"2026-02-15T10:42:42","modified_gmt":"2026-02-15T10:42:42","slug":"rosa-jaspeado-bolso-multifuncional-para-ballet-danza-y-fin-de-semana-diseno-ligero-y-resistente","status":"publish","type":"product","link":"https:\/\/saskar.store\/es\/producto\/rosa-jaspeado-bolso-multifuncional-para-ballet-danza-y-fin-de-semana-diseno-ligero-y-resistente\/","title":{"rendered":"Rosa Jaspeado &#8211; Bolso Multifuncional para Ballet, Danza y Fin de Semana &#8211; Dise\u00f1o Ligero y Resistente"},"content":{"rendered":"<h3 class=\"AdPoic\" role=\"heading\" aria-level=\"3\" data-complete=\"true\" data-processed=\"true\">Descripci\u00f3n del Producto : Rosa Jaspeado &#8211; Bolso Multifuncional para Ballet, Danza y Fin de Semana &#8211; Dise\u00f1o Ligero y Resistente<\/h3>\n<div class=\"Y3BBE\" data-sfc-cp=\"\" data-hveid=\"CAEIBxAA\" data-complete=\"true\" data-processed=\"true\">Haz que cada actividad sea especial con nuestra\u00a0<strong class=\"Yjhzub\" data-complete=\"true\">bolsa de deporte infantil en rosa suave<\/strong>. Este bolso vers\u00e1til ha sido dise\u00f1ado pensando en la comodidad de los m\u00e1s peque\u00f1os, ofreciendo un equilibrio perfecto entre un estilo dulce y una durabilidad excepcional para el uso diario.<\/div>\n<div class=\"Y3BBE\" data-sfc-cp=\"\" data-hveid=\"CAEICBAA\" data-complete=\"true\" data-processed=\"true\">Confeccionada con una c\u00e1\u00f1amo\u00a0de alta calidad, esta bolsa destaca por su textura visual \u00fanica y su resistencia al trote diario. Su dise\u00f1o tipo &#8220;duffle&#8221; es ideal para llevar todo lo necesario a clases de ballet, gimnasia, danza o incluso para una peque\u00f1a escapada de fin de semana.<\/div>\n<h3 class=\"Y3BBE\" data-hveid=\"CAEICRAA\" data-complete=\"true\" data-processed=\"true\">Caracter\u00edsticas que la hacen \u00fanica:<\/h3>\n<ul class=\"KsbFXc U6u95\" data-complete=\"true\" data-processed=\"true\">\n<li data-hveid=\"CAEIChAA\" data-complete=\"true\" data-sae=\"\"><span class=\"T286Pc\" data-sfc-cp=\"\" data-complete=\"true\"><strong class=\"Yjhzub\" data-complete=\"true\">Organizaci\u00f3n Inteligente:<\/strong>\u00a0Dispone de un\u00a0<strong class=\"Yjhzub\" data-complete=\"true\">amplio compartimento principal<\/strong>\u00a0y pr\u00e1cticos bolsillos exteriores con cremallera para guardar de forma segura objetos peque\u00f1os de f\u00e1cil acceso.<\/span><\/li>\n<li data-hveid=\"CAEIChAB\" data-complete=\"true\" data-sae=\"\"><span class=\"T286Pc\" data-sfc-cp=\"\" data-complete=\"true\"><strong class=\"Yjhzub\" data-complete=\"true\">Versatilidad de Transporte:<\/strong>\u00a0Incluye dos\u00a0<strong class=\"Yjhzub\" data-complete=\"true\">asas cortas reforzadas<\/strong>\u00a0para llevar en la mano y una\u00a0<strong class=\"Yjhzub\" data-complete=\"true\">correa ajustable<\/strong>\u00a0para el hombro que permite llevarla tipo bandolera, adapt\u00e1ndose al crecimiento del ni\u00f1o.<\/span><\/li>\n<li data-hveid=\"CAEIChAC\" data-complete=\"true\" data-sae=\"\"><span class=\"T286Pc\" data-sfc-cp=\"\" data-complete=\"true\"><strong class=\"Yjhzub\" data-complete=\"true\">Ligera y Confortable:<\/strong>\u00a0Su construcci\u00f3n liviana asegura que no sea una carga excesiva para los hombros, permitiendo que los ni\u00f1os la transporten con facilidad.<\/span><\/li>\n<li data-hveid=\"CAEIChAD\" data-complete=\"true\" data-sae=\"\"><span class=\"T286Pc\" data-sfc-cp=\"\" data-complete=\"true\"><strong class=\"Yjhzub\" data-complete=\"true\">Dise\u00f1o con Encanto:<\/strong>\u00a0El tono rosa jaspeado con detalles en crema aporta un aire moderno y tierno, convirti\u00e9ndola en el accesorio favorito para cualquier actividad extracurricular.<\/span><\/li>\n<li data-hveid=\"CAEIChAE\" data-complete=\"true\" data-sae=\"\"><span class=\"T286Pc\" data-sfc-cp=\"\" data-complete=\"true\"><strong class=\"Yjhzub\" data-complete=\"true\">Multifuncional:<\/strong>\u00a0Gracias a su tama\u00f1o y resistencia, puede utilizarse tambi\u00e9n como\u00a0<strong class=\"Yjhzub\" data-complete=\"true\">bolsa maternal<\/strong>\u00a0o cambiador para beb\u00e9s, ofreciendo una soluci\u00f3n est\u00e9tica y pr\u00e1ctica para padres.<\/span><\/li>\n<\/ul>\n<h3 class=\"Y3BBE\" data-hveid=\"CAEICxAA\" data-complete=\"true\" data-processed=\"true\">Especificaciones T\u00e9cnicas:<\/h3>\n<ul class=\"KsbFXc U6u95\" data-complete=\"true\" data-processed=\"true\">\n<li data-hveid=\"CAEIDBAA\" data-complete=\"true\" data-sae=\"\"><span class=\"T286Pc\" data-sfc-cp=\"\" data-complete=\"true\"><strong class=\"Yjhzub\" data-complete=\"true\">Material:<\/strong> 100% c\u00e1\u00f1amo duradero y f\u00e1cil de limpiar.<\/span><\/li>\n<li data-hveid=\"CAEIDBAC\" data-complete=\"true\" data-sae=\"\"><span class=\"T286Pc\" data-sfc-cp=\"\" data-complete=\"true\" aria-owns=\"action-menu-parent-container\"><strong class=\"Yjhzub\" data-complete=\"true\">Cuidado:<\/strong>\u00a0Se recomienda lavado a mano para mantener la integridad de la tela jaspeada.<\/span><\/li>\n<\/ul>","protected":false},"excerpt":{"rendered":"<p>Descripci\u00f3n del Producto : Rosa Jaspeado &#8211; Bolso Multifuncional para Ballet, Danza y Fin de Semana &#8211; Dise\u00f1o Ligero y Resistente Haz que cada actividad sea especial con nuestra\u00a0bolsa de deporte infantil en rosa suave. Este bolso vers\u00e1til ha sido dise\u00f1ado pensando en la comodidad de los m\u00e1s peque\u00f1os, ofreciendo un equilibrio perfecto entre un [&#8230;]\n","protected":false},"featured_media":2832,"comment_status":"open","ping_status":"closed","template":"","meta":[],"product_brand":[],"product_cat":[43,39],"product_tag":[],"class_list":{"0":"post-2857","1":"product","2":"type-product","3":"status-publish","4":"has-post-thumbnail","6":"product_cat-handmande-products","7":"product_cat-accessories","9":"first","10":"instock","11":"taxable","12":"shipping-taxable","13":"purchasable","14":"product-type-simple"},"jetpack_sharing_enabled":true,"_links":{"self":[{"href":"https:\/\/saskar.store\/es\/wp-json\/wp\/v2\/product\/2857","targetHints":{"allow":["GET"]}}],"collection":[{"href":"https:\/\/saskar.store\/es\/wp-json\/wp\/v2\/product"}],"about":[{"href":"https:\/\/saskar.store\/es\/wp-json\/wp\/v2\/types\/product"}],"replies":[{"embeddable":true,"href":"https:\/\/saskar.store\/es\/wp-json\/wp\/v2\/comments?post=2857"}],"wp:featuredmedia":[{"embeddable":true,"href":"https:\/\/saskar.store\/es\/wp-json\/wp\/v2\/media\/2832"}],"wp:attachment":[{"href":"https:\/\/saskar.store\/es\/wp-json\/wp\/v2\/media?parent=2857"}],"wp:term":[{"taxonomy":"product_brand","embeddable":true,"href":"https:\/\/saskar.store\/es\/wp-json\/wp\/v2\/product_brand?post=2857"},{"taxonomy":"product_cat","embeddable":true,"href":"https:\/\/saskar.store\/es\/wp-json\/wp\/v2\/product_cat?post=2857"},{"taxonomy":"product_tag","embeddable":true,"href":"https:\/\/saskar.store\/es\/wp-json\/wp\/v2\/product_tag?post=2857"}],"curies":[{"name":"wp","href":"https:\/\/api.w.org\/{rel}","templated":true}]}}