{"id":2849,"date":"2026-02-13T18:11:17","date_gmt":"2026-02-13T18:11:17","guid":{"rendered":"https:\/\/saskar.store\/?post_type=product&#038;p=2849"},"modified":"2026-02-13T18:11:18","modified_gmt":"2026-02-13T18:11:18","slug":"mochila-de-canamo-del-himalaya-con-panel-etnico-a-rayas","status":"publish","type":"product","link":"https:\/\/saskar.store\/es\/producto\/mochila-de-canamo-del-himalaya-con-panel-etnico-a-rayas\/","title":{"rendered":"Mochila de C\u00e1\u00f1amo del Himalaya con Panel \u00c9tnico a Rayas"},"content":{"rendered":"<h3 class=\"AdPoic\" role=\"heading\" aria-level=\"3\" data-complete=\"true\" data-processed=\"true\">Descripci\u00f3n del Producto : Mochila de C\u00e1\u00f1amo del Himalaya con Panel \u00c9tnico a Rayas<\/h3>\n<div class=\"Y3BBE\" data-sfc-cp=\"\" data-hveid=\"CAEIBxAA\" data-complete=\"true\" data-processed=\"true\">A\u00f1ade un toque de color y conciencia ambiental a tu estilo diario con nuestra\u00a0<strong class=\"Yjhzub\" data-complete=\"true\">mochila de c\u00e1\u00f1amo del Himalaya<\/strong>. Esta pieza es una celebraci\u00f3n de la artesan\u00eda tradicional nepal\u00ed, combinando la legendaria durabilidad de la\u00a0<strong class=\"Yjhzub\" data-complete=\"true\">fibra de c\u00e1\u00f1amo 100% natural<\/strong>\u00a0con un dise\u00f1o vibrante y moderno de\u00a0<strong class=\"Yjhzub\" data-complete=\"true\">tela Gheri tejida a mano<\/strong>.<\/div>\n<div class=\"Y3BBE\" data-sfc-cp=\"\" data-hveid=\"CAEICBAA\" data-complete=\"true\" data-processed=\"true\">El dise\u00f1o destaca por su panel superior de rayas verticales en tonos azules, negros y amarillos, que contrasta elegantemente con el cuerpo de c\u00e1\u00f1amo en tono arena. Cada mochila es una\u00a0<strong class=\"Yjhzub\" data-complete=\"true\">pieza \u00fanica<\/strong>, reflejando el toque individual del artesano que la confeccion\u00f3 en el valle de Katmand\u00fa, Nepal.<\/div>\n<h3 class=\"Y3BBE\" data-hveid=\"CAEICRAA\" data-complete=\"true\" data-processed=\"true\">Caracter\u00edsticas que la hacen \u00fanica:<\/h3>\n<ul class=\"KsbFXc U6u95\" data-complete=\"true\" data-processed=\"true\">\n<li data-hveid=\"CAEICxAA\" data-complete=\"true\" data-sae=\"\"><span class=\"T286Pc\" data-sfc-cp=\"\" data-complete=\"true\"><strong class=\"Yjhzub\" data-complete=\"true\">Sostenibilidad Superior:<\/strong>\u00a0Fabricada con c\u00e1\u00f1amo org\u00e1nico recolectado en las monta\u00f1as del Himalaya, una de las fibras m\u00e1s ecol\u00f3gicas, resistentes y biodegradables del mundo.<\/span><\/li>\n<li data-hveid=\"CAEICxAB\" data-complete=\"true\" data-sae=\"\"><span class=\"T286Pc\" data-sfc-cp=\"\" data-complete=\"true\"><strong class=\"Yjhzub\" data-complete=\"true\">Dise\u00f1o Funcional de Parche:<\/strong>\u00a0Presenta un panel frontal de\u00a0<strong class=\"Yjhzub\" data-complete=\"true\">doble parche<\/strong>\u00a0que combina c\u00e1\u00f1amo texturizado y detalles tejidos, aportando una est\u00e9tica bohemia y r\u00fastica.<\/span><\/li>\n<li data-hveid=\"CAEICxAC\" data-complete=\"true\" data-sae=\"\"><span class=\"T286Pc\" data-sfc-cp=\"\" data-complete=\"true\"><strong class=\"Yjhzub\" data-complete=\"true\">Organizaci\u00f3n Vers\u00e1til:<\/strong>\u00a0Cuenta con un amplio compartimento principal (ideal para libros o una laptop peque\u00f1a) y un bolsillo frontal con cremallera para tus objetos m\u00e1s importantes.<\/span><\/li>\n<li data-hveid=\"CAEICxAD\" data-complete=\"true\" data-sae=\"\"><span class=\"T286Pc\" data-sfc-cp=\"\" data-complete=\"true\"><strong class=\"Yjhzub\" data-complete=\"true\">Comodidad en Movimiento:<\/strong>\u00a0Dise\u00f1ada con correas acolchadas y totalmente ajustables que aseguran una experiencia de uso c\u00f3moda durante todo el d\u00eda.<\/span><\/li>\n<li data-hveid=\"CAEICxAE\" data-complete=\"true\" data-sae=\"\"><span class=\"T286Pc\" data-sfc-cp=\"\" data-complete=\"true\"><strong class=\"Yjhzub\" data-complete=\"true\">Detalles Artesanales:<\/strong>\u00a0Incluye la etiqueta aut\u00e9ntica &#8220;Himalayan Hemp&#8221;, certificando su origen en Nepal y garantizando que es un producto libre de THC.<\/span><\/li>\n<li data-hveid=\"CAEICxAF\" data-complete=\"true\" data-sae=\"\"><span class=\"T286Pc\" data-sfc-cp=\"\" data-complete=\"true\"><strong class=\"Yjhzub\" data-complete=\"true\">Bolsillos Laterales:<\/strong>\u00a0Equipada con bolsillos externos, perfectos para botellas de agua o accesorios de f\u00e1cil acceso.<\/span><\/li>\n<\/ul>\n<h3 class=\"Y3BBE\" data-hveid=\"CAEIDBAA\" data-complete=\"true\" data-processed=\"true\">Especificaciones T\u00e9cnicas:<\/h3>\n<ul class=\"KsbFXc U6u95\" data-complete=\"true\" data-processed=\"true\">\n<li data-hveid=\"CAEIDRAA\" data-complete=\"true\" data-sae=\"\"><span class=\"T286Pc\" data-sfc-cp=\"\" data-complete=\"true\"><strong class=\"Yjhzub\" data-complete=\"true\">Material:<\/strong>\u00a0C\u00e1\u00f1amo natural puro y algod\u00f3n resistente de Nepal.<\/span><\/li>\n<li data-hveid=\"CAEIDRAC\" data-complete=\"true\" data-sae=\"\"><span class=\"T286Pc\" data-sfc-cp=\"\" data-complete=\"true\" aria-owns=\"action-menu-parent-container\"><strong class=\"Yjhzub\" data-complete=\"true\">Origen:<\/strong>\u00a0Fabricado artesanalmente bajo est\u00e1ndares de comercio justo en Nepal<\/span><\/li>\n<\/ul>","protected":false},"excerpt":{"rendered":"<p>Descripci\u00f3n del Producto : Mochila de C\u00e1\u00f1amo del Himalaya con Panel \u00c9tnico a Rayas A\u00f1ade un toque de color y conciencia ambiental a tu estilo diario con nuestra\u00a0mochila de c\u00e1\u00f1amo del Himalaya. Esta pieza es una celebraci\u00f3n de la artesan\u00eda tradicional nepal\u00ed, combinando la legendaria durabilidad de la\u00a0fibra de c\u00e1\u00f1amo 100% natural\u00a0con un dise\u00f1o vibrante [&#8230;]\n","protected":false},"featured_media":2818,"comment_status":"open","ping_status":"closed","template":"","meta":[],"product_brand":[],"product_cat":[43,39],"product_tag":[],"class_list":{"0":"post-2849","1":"product","2":"type-product","3":"status-publish","4":"has-post-thumbnail","6":"product_cat-handmande-products","7":"product_cat-accessories","9":"first","10":"instock","11":"taxable","12":"shipping-taxable","13":"purchasable","14":"product-type-simple"},"jetpack_sharing_enabled":true,"_links":{"self":[{"href":"https:\/\/saskar.store\/es\/wp-json\/wp\/v2\/product\/2849","targetHints":{"allow":["GET"]}}],"collection":[{"href":"https:\/\/saskar.store\/es\/wp-json\/wp\/v2\/product"}],"about":[{"href":"https:\/\/saskar.store\/es\/wp-json\/wp\/v2\/types\/product"}],"replies":[{"embeddable":true,"href":"https:\/\/saskar.store\/es\/wp-json\/wp\/v2\/comments?post=2849"}],"wp:featuredmedia":[{"embeddable":true,"href":"https:\/\/saskar.store\/es\/wp-json\/wp\/v2\/media\/2818"}],"wp:attachment":[{"href":"https:\/\/saskar.store\/es\/wp-json\/wp\/v2\/media?parent=2849"}],"wp:term":[{"taxonomy":"product_brand","embeddable":true,"href":"https:\/\/saskar.store\/es\/wp-json\/wp\/v2\/product_brand?post=2849"},{"taxonomy":"product_cat","embeddable":true,"href":"https:\/\/saskar.store\/es\/wp-json\/wp\/v2\/product_cat?post=2849"},{"taxonomy":"product_tag","embeddable":true,"href":"https:\/\/saskar.store\/es\/wp-json\/wp\/v2\/product_tag?post=2849"}],"curies":[{"name":"wp","href":"https:\/\/api.w.org\/{rel}","templated":true}]}}