{"id":2725,"date":"2026-02-12T15:00:50","date_gmt":"2026-02-12T15:00:50","guid":{"rendered":"https:\/\/saskar.store\/?post_type=product&#038;p=2725"},"modified":"2026-02-12T15:00:50","modified_gmt":"2026-02-12T15:00:50","slug":"pulsera-bohemio-etnica-de-hilos-multiples-cuentas-verdes-con-detalles-en-plata-oxidada-brazalete-artesanal-de-la-amistad","status":"publish","type":"product","link":"https:\/\/saskar.store\/es\/producto\/pulsera-bohemio-etnica-de-hilos-multiples-cuentas-verdes-con-detalles-en-plata-oxidada-brazalete-artesanal-de-la-amistad\/","title":{"rendered":"Pulsera Bohemio-\u00c9tnica de Hilos M\u00faltiples \u2013 Cuentas Verdes con Detalles en Plata Oxidada \u2013 Brazalete Artesanal de la Amistad"},"content":{"rendered":"<h3 class=\"AdPoic\" role=\"heading\" aria-level=\"3\" data-complete=\"true\" data-processed=\"true\">Descripci\u00f3n \u00danica del Producto : Pulsera Bohemio-\u00c9tnica de Hilos M\u00faltiples<\/h3>\n<div class=\"Y3BBE\" data-sfc-cp=\"\" data-hveid=\"CAEIBBAA\" data-complete=\"true\" data-processed=\"true\">A\u00f1ade un toque de color y sofisticaci\u00f3n r\u00fastica a tu colecci\u00f3n con esta\u00a0<strong class=\"Yjhzub\" data-complete=\"true\" data-processed=\"true\">pulsera artesanal de hilos m\u00faltiples<\/strong>. Meticulosamente elaborada, esta pieza presenta una serie de hilos paralelos con delicadas\u00a0<strong class=\"Yjhzub\" data-complete=\"true\" data-processed=\"true\">cuentas de color verde bosque<\/strong>, acentuadas por separadores de\u00a0<strong class=\"Yjhzub\" data-complete=\"true\" data-processed=\"true\">plata de ley 925<\/strong>\u00a0con acabado oxidado que resaltan sus intrincados detalles grabados.<\/div>\n<h3 class=\"Y3BBE\" data-hveid=\"CAEIBRAA\" data-complete=\"true\" data-processed=\"true\">Caracter\u00edsticas y Beneficios Clave:<\/h3>\n<ul class=\"KsbFXc U6u95\" data-complete=\"true\" data-processed=\"true\">\n<li data-hveid=\"CAEIBhAA\" data-complete=\"true\" data-sae=\"\"><span class=\"T286Pc\" data-sfc-cp=\"\" data-complete=\"true\"><strong class=\"Yjhzub\" data-complete=\"true\">Dise\u00f1o Artesanal:<\/strong>\u00a0Cada pulsera es una pieza \u00fanica, reflejando una herencia de artesan\u00eda tradicional combinada con un estilo contempor\u00e1neo.<\/span><\/li>\n<li data-hveid=\"CAEIBhAB\" data-complete=\"true\" data-sae=\"\"><span class=\"T286Pc\" data-sfc-cp=\"\" data-complete=\"true\"><strong class=\"Yjhzub\" data-complete=\"true\">Materiales de Calidad:<\/strong>\u00a0Elaborada con cuentas resistentes y componentes de\u00a0<strong class=\"Yjhzub\" data-complete=\"true\">plata con acabado envejecido<\/strong>\u00a0para una mayor durabilidad y un aspecto &#8220;vintage&#8221; aut\u00e9ntico.<\/span><\/li>\n<li data-hveid=\"CAEIBhAC\" data-complete=\"true\" data-sae=\"\"><span class=\"T286Pc\" data-sfc-cp=\"\" data-complete=\"true\"><strong class=\"Yjhzub\" data-complete=\"true\">Cierre Seguro:<\/strong>\u00a0Cuenta con un pr\u00e1ctico\u00a0<strong class=\"Yjhzub\" data-complete=\"true\">cierre de gancho tipo langosta<\/strong>\u00a0o bot\u00f3n, garantizando un ajuste c\u00f3modo y seguro durante todo el d\u00eda.<\/span><\/li>\n<li data-hveid=\"CAEIBhAD\" data-complete=\"true\" data-sae=\"\"><span class=\"T286Pc\" data-sfc-cp=\"\" data-complete=\"true\"><strong class=\"Yjhzub\" data-complete=\"true\">Versatilidad de Estilo:<\/strong>\u00a0Su est\u00e9tica\u00a0<strong class=\"Yjhzub\" data-complete=\"true\">boho-chic<\/strong>\u00a0es ideal tanto para llevarla sola como una pieza central, como para apilarla con otros brazaletes para un look m\u00e1s ecl\u00e9ctico.<\/span><\/li>\n<li data-hveid=\"CAEIBhAE\" data-complete=\"true\" data-sae=\"\"><span class=\"T286Pc\" data-sfc-cp=\"\" data-complete=\"true\"><strong class=\"Yjhzub\" data-complete=\"true\">Significado y Tradici\u00f3n:<\/strong>\u00a0En muchas culturas, las pulseras verdes se asocian con la\u00a0<strong class=\"Yjhzub\" data-complete=\"true\">prosperidad, la curaci\u00f3n y la conexi\u00f3n con la naturaleza<\/strong>.<\/span><\/li>\n<\/ul>\n<h3 class=\"Y3BBE\" data-hveid=\"CAEIBxAA\" data-complete=\"true\" data-processed=\"true\">Especificaciones<strong class=\"Yjhzub\" data-complete=\"true\" data-processed=\"true\">:<\/strong><\/h3>\n<ul class=\"KsbFXc U6u95\" data-complete=\"true\" data-processed=\"true\">\n<li data-hveid=\"CAEICBAA\" data-complete=\"true\" data-sae=\"\"><span class=\"T286Pc\" data-sfc-cp=\"\" data-complete=\"true\"><strong class=\"Yjhzub\" data-complete=\"true\">Color:<\/strong>\u00a0Verde Bosque \/ Plata Oxidada.<\/span><\/li>\n<li data-hveid=\"CAEICBAB\" data-complete=\"true\" data-sae=\"\"><span class=\"T286Pc\" data-sfc-cp=\"\" data-complete=\"true\"><strong class=\"Yjhzub\" data-complete=\"true\">Material:<\/strong>\u00a0Cuentas de resina o vidrio y detalles met\u00e1licos de alta calidad.<\/span><\/li>\n<\/ul>\n<div class=\"Y3BBE\" data-sfc-cp=\"\" data-hveid=\"CAEICRAA\" data-complete=\"true\" data-processed=\"true\">Eleva tu estilo cotidiano con una joya que celebra la elegancia de lo hecho a mano.<\/div>","protected":false},"excerpt":{"rendered":"<p>Descripci\u00f3n \u00danica del Producto : Pulsera Bohemio-\u00c9tnica de Hilos M\u00faltiples A\u00f1ade un toque de color y sofisticaci\u00f3n r\u00fastica a tu colecci\u00f3n con esta\u00a0pulsera artesanal de hilos m\u00faltiples. Meticulosamente elaborada, esta pieza presenta una serie de hilos paralelos con delicadas\u00a0cuentas de color verde bosque, acentuadas por separadores de\u00a0plata de ley 925\u00a0con acabado oxidado que resaltan sus [&#8230;]\n","protected":false},"featured_media":2726,"comment_status":"open","ping_status":"closed","template":"","meta":[],"product_brand":[],"product_cat":[48,44],"product_tag":[],"class_list":{"0":"post-2725","1":"product","2":"type-product","3":"status-publish","4":"has-post-thumbnail","6":"product_cat-pulsera","7":"product_cat-joyeria","9":"first","10":"instock","11":"taxable","12":"shipping-taxable","13":"purchasable","14":"product-type-simple"},"jetpack_sharing_enabled":true,"_links":{"self":[{"href":"https:\/\/saskar.store\/es\/wp-json\/wp\/v2\/product\/2725","targetHints":{"allow":["GET"]}}],"collection":[{"href":"https:\/\/saskar.store\/es\/wp-json\/wp\/v2\/product"}],"about":[{"href":"https:\/\/saskar.store\/es\/wp-json\/wp\/v2\/types\/product"}],"replies":[{"embeddable":true,"href":"https:\/\/saskar.store\/es\/wp-json\/wp\/v2\/comments?post=2725"}],"wp:featuredmedia":[{"embeddable":true,"href":"https:\/\/saskar.store\/es\/wp-json\/wp\/v2\/media\/2726"}],"wp:attachment":[{"href":"https:\/\/saskar.store\/es\/wp-json\/wp\/v2\/media?parent=2725"}],"wp:term":[{"taxonomy":"product_brand","embeddable":true,"href":"https:\/\/saskar.store\/es\/wp-json\/wp\/v2\/product_brand?post=2725"},{"taxonomy":"product_cat","embeddable":true,"href":"https:\/\/saskar.store\/es\/wp-json\/wp\/v2\/product_cat?post=2725"},{"taxonomy":"product_tag","embeddable":true,"href":"https:\/\/saskar.store\/es\/wp-json\/wp\/v2\/product_tag?post=2725"}],"curies":[{"name":"wp","href":"https:\/\/api.w.org\/{rel}","templated":true}]}}