{"id":2702,"date":"2026-02-12T08:38:58","date_gmt":"2026-02-12T08:38:58","guid":{"rendered":"https:\/\/saskar.store\/?post_type=product&#038;p=2702"},"modified":"2026-02-12T08:38:58","modified_gmt":"2026-02-12T08:38:58","slug":"juego-de-tarjetas-de-felicitacion-de-papel-lokta-nepali-hecho-a-mano-papeleria-en-blanco-ecologica-con-sobres-y-arte-tradicional-del-himalaya","status":"publish","type":"product","link":"https:\/\/saskar.store\/es\/producto\/juego-de-tarjetas-de-felicitacion-de-papel-lokta-nepali-hecho-a-mano-papeleria-en-blanco-ecologica-con-sobres-y-arte-tradicional-del-himalaya\/","title":{"rendered":"Juego de tarjetas de felicitaci\u00f3n de papel lokta nepal\u00ed hecho a mano: papeler\u00eda en blanco ecol\u00f3gica con sobres y arte tradicional del Himalaya"},"content":{"rendered":"<h2>Descripci\u00f3n del Producto : Juego de tarjetas de felicitaci\u00f3n de papel lokta nepal\u00ed hecho a mano: papeler\u00eda en blanco ecol\u00f3gica con sobres y arte tradicional del Himalaya<\/h2>\n<p>Eleva tus mensajes escritos a mano con el alma antigua del Himalaya. Este juego de tarjetas de felicitaci\u00f3n hechas a mano en Nepal est\u00e1 elaborado con aut\u00e9ntico papel Lokta, derivado de la corteza del arbusto Daphne que se encuentra a grandes altitudes de m\u00e1s de 6500 pies. Conocido como &#8220;Nepali Kagaz&#8221;, este papel es un s\u00edmbolo de cultura y resiliencia, utilizado tradicionalmente para edictos reales y manuscritos budistas sagrados debido a su duraci\u00f3n de siglos.<\/p>\n<h2>Presupuesto:<\/h2>\n<ul>\n<li><strong>Material<\/strong>: 100% tela de c\u00e1\u00f1amo puro con ribete de cuero natural\/ante.<\/li>\n<li><strong>Dimensiones<\/strong>: Dimensiones est\u00e1ndar de las tarjetas de felicitaci\u00f3n (normalmente 4&#215;6 o 4,5&#215;6 pulgadas).<\/li>\n<li><strong>Instrucciones de cuidado:<\/strong> F\u00e1cil de mantener con opciones de lavado a mano o a m\u00e1quina debido a sus fibras naturales duraderas.<br \/>\nExperimente la combinaci\u00f3n perfecta de tradici\u00f3n n\u00f3mada y durabilidad moderna con esta billetera plegable ecol\u00f3gica esencial.<\/li>\n<\/ul>\n<h2>Caracter\u00edsticas y beneficios clave:<\/h2>\n<ul>\n<li><strong>Fibra de c\u00e1\u00f1amo 100 % sostenible:<\/strong> elaborada con c\u00e1\u00f1amo (Cannabis Sativa) ecol\u00f3gico y de alta calidad procedente de las altas colinas de Nepal, conocido por su incre\u00edble durabilidad y resistencia natural.<\/li>\n<li><strong>Adornos de cuero artesanal:<\/strong> reforzado con cuero genuino curtido naturalmente para una apariencia r\u00fastica y atemporal que adquiere una hermosa p\u00e1tina vintage con el uso.<\/li>\n<li><strong>Dise\u00f1o funcional y organizado:<\/strong> meticulosamente dise\u00f1ado para un uso diario pr\u00e1ctico, con m\u00faltiples ranuras para tarjetas, una bolsa segura para efectivo\/billetes y un compartimento con cremallera exclusivo para monedas y peque\u00f1os art\u00edculos esenciales.<\/li>\n<li><strong>Construcci\u00f3n transpirable y duradera:<\/strong> la tela de c\u00e1\u00f1amo natural es naturalmente transpirable y resistente a la humedad, lo que garantiza que sus objetos de valor permanezcan protegidos en cualquier entorno.<\/li>\n<li><strong>Hecho a mano \u00e9ticamente en Nepal:<\/strong> cada pieza est\u00e1 hecha meticulosamente por expertos artesanos en Katmand\u00fa, lo que garantiza que su compra apoye directamente las pr\u00e1cticas de comercio justo y el patrimonio tradicional.<\/li>\n<\/ul>","protected":false},"excerpt":{"rendered":"<p>Descripci\u00f3n del Producto : Juego de tarjetas de felicitaci\u00f3n de papel lokta nepal\u00ed hecho a mano: papeler\u00eda en blanco ecol\u00f3gica con sobres y arte tradicional del Himalaya Eleva tus mensajes escritos a mano con el alma antigua del Himalaya. Este juego de tarjetas de felicitaci\u00f3n hechas a mano en Nepal est\u00e1 elaborado con aut\u00e9ntico papel [&#8230;]\n","protected":false},"featured_media":2703,"comment_status":"open","ping_status":"closed","template":"","meta":[],"product_brand":[],"product_cat":[139],"product_tag":[],"class_list":{"0":"post-2702","1":"product","2":"type-product","3":"status-publish","4":"has-post-thumbnail","6":"product_cat-accesorios","8":"first","9":"instock","10":"taxable","11":"shipping-taxable","12":"purchasable","13":"product-type-simple"},"jetpack_sharing_enabled":true,"_links":{"self":[{"href":"https:\/\/saskar.store\/es\/wp-json\/wp\/v2\/product\/2702","targetHints":{"allow":["GET"]}}],"collection":[{"href":"https:\/\/saskar.store\/es\/wp-json\/wp\/v2\/product"}],"about":[{"href":"https:\/\/saskar.store\/es\/wp-json\/wp\/v2\/types\/product"}],"replies":[{"embeddable":true,"href":"https:\/\/saskar.store\/es\/wp-json\/wp\/v2\/comments?post=2702"}],"wp:featuredmedia":[{"embeddable":true,"href":"https:\/\/saskar.store\/es\/wp-json\/wp\/v2\/media\/2703"}],"wp:attachment":[{"href":"https:\/\/saskar.store\/es\/wp-json\/wp\/v2\/media?parent=2702"}],"wp:term":[{"taxonomy":"product_brand","embeddable":true,"href":"https:\/\/saskar.store\/es\/wp-json\/wp\/v2\/product_brand?post=2702"},{"taxonomy":"product_cat","embeddable":true,"href":"https:\/\/saskar.store\/es\/wp-json\/wp\/v2\/product_cat?post=2702"},{"taxonomy":"product_tag","embeddable":true,"href":"https:\/\/saskar.store\/es\/wp-json\/wp\/v2\/product_tag?post=2702"}],"curies":[{"name":"wp","href":"https:\/\/api.w.org\/{rel}","templated":true}]}}