{"id":2679,"date":"2026-02-11T19:06:19","date_gmt":"2026-02-11T19:06:19","guid":{"rendered":"https:\/\/saskar.store\/?post_type=product&#038;p=2679"},"modified":"2026-02-11T19:06:20","modified_gmt":"2026-02-11T19:06:20","slug":"monedero-tejido-tradicional-y-cartera-bohemia-sostenible","status":"publish","type":"product","link":"https:\/\/saskar.store\/es\/producto\/monedero-tejido-tradicional-y-cartera-bohemia-sostenible\/","title":{"rendered":"Monedero tejido tradicional y cartera bohemia sostenible"},"content":{"rendered":"<h2>Descripci\u00f3n del Producto : Monedero tejido tradicional y cartera bohemia sostenible<\/h2>\n<p>Mejore su transporte diario con esta billetera plegable hecha a mano, una obra maestra de dise\u00f1o sustentable y arte tradicional del Himalaya. Esta billetera combina de manera experta fibras de c\u00e1\u00f1amo 100 % naturales con cuero de b\u00fafalo curtido naturalmente de primera calidad, ofreciendo una est\u00e9tica resistente pero sofisticada que celebra la aut\u00e9ntica artesan\u00eda \u00e9tnica.<\/p>\n<h2>Presupuesto:<\/h2>\n<ul>\n<li><strong>Material<\/strong>: 100% tela de c\u00e1\u00f1amo puro con ribete de cuero natural\/ante.<\/li>\n<li><strong>Dimensiones<\/strong>: Aproximadamente 23 cm (largo) x 9,5 cm (alto) cuando est\u00e1 abierto, dise\u00f1ado para caber c\u00f3modamente en cualquier bolsillo.<\/li>\n<li><strong>Instrucciones de cuidado:<\/strong> F\u00e1cil de mantener con opciones de lavado a mano o a m\u00e1quina debido a sus fibras naturales duraderas.<br \/>\nExperimente la combinaci\u00f3n perfecta de tradici\u00f3n n\u00f3mada y durabilidad moderna con esta billetera plegable ecol\u00f3gica esencial.<\/li>\n<\/ul>\n<h2>Caracter\u00edsticas y beneficios clave:<\/h2>\n<ul>\n<li><strong>Fibra de c\u00e1\u00f1amo 100 % sostenible:<\/strong> elaborada con c\u00e1\u00f1amo (Cannabis Sativa) ecol\u00f3gico y de alta calidad procedente de las altas colinas de Nepal, conocido por su incre\u00edble durabilidad y resistencia natural.<\/li>\n<li><strong>Adornos de cuero artesanal:<\/strong> reforzado con cuero genuino curtido naturalmente para una apariencia r\u00fastica y atemporal que adquiere una hermosa p\u00e1tina vintage con el uso.<\/li>\n<li><strong>Dise\u00f1o funcional y organizado:<\/strong> meticulosamente dise\u00f1ado para un uso diario pr\u00e1ctico, con m\u00faltiples ranuras para tarjetas, una bolsa segura para efectivo\/billetes y un compartimento con cremallera exclusivo para monedas y peque\u00f1os art\u00edculos esenciales.<\/li>\n<li><strong>Construcci\u00f3n transpirable y duradera:<\/strong> la tela de c\u00e1\u00f1amo natural es naturalmente transpirable y resistente a la humedad, lo que garantiza que sus objetos de valor permanezcan protegidos en cualquier entorno.<\/li>\n<li><strong>Hecho a mano \u00e9ticamente en Nepal:<\/strong> cada pieza est\u00e1 hecha meticulosamente por expertos artesanos en Katmand\u00fa, lo que garantiza que su compra apoye directamente las pr\u00e1cticas de comercio justo y el patrimonio tradicional.<\/li>\n<\/ul>","protected":false},"excerpt":{"rendered":"<p>Descripci\u00f3n del Producto : Monedero tejido tradicional y cartera bohemia sostenible Mejore su transporte diario con esta billetera plegable hecha a mano, una obra maestra de dise\u00f1o sustentable y arte tradicional del Himalaya. Esta billetera combina de manera experta fibras de c\u00e1\u00f1amo 100 % naturales con cuero de b\u00fafalo curtido naturalmente de primera calidad, ofreciendo [&#8230;]\n","protected":false},"featured_media":2674,"comment_status":"open","ping_status":"closed","template":"","meta":[],"product_brand":[],"product_cat":[43],"product_tag":[],"class_list":{"0":"post-2679","1":"product","2":"type-product","3":"status-publish","4":"has-post-thumbnail","6":"product_cat-handmande-products","8":"first","9":"instock","10":"taxable","11":"shipping-taxable","12":"purchasable","13":"product-type-simple"},"jetpack_sharing_enabled":true,"_links":{"self":[{"href":"https:\/\/saskar.store\/es\/wp-json\/wp\/v2\/product\/2679","targetHints":{"allow":["GET"]}}],"collection":[{"href":"https:\/\/saskar.store\/es\/wp-json\/wp\/v2\/product"}],"about":[{"href":"https:\/\/saskar.store\/es\/wp-json\/wp\/v2\/types\/product"}],"replies":[{"embeddable":true,"href":"https:\/\/saskar.store\/es\/wp-json\/wp\/v2\/comments?post=2679"}],"wp:featuredmedia":[{"embeddable":true,"href":"https:\/\/saskar.store\/es\/wp-json\/wp\/v2\/media\/2674"}],"wp:attachment":[{"href":"https:\/\/saskar.store\/es\/wp-json\/wp\/v2\/media?parent=2679"}],"wp:term":[{"taxonomy":"product_brand","embeddable":true,"href":"https:\/\/saskar.store\/es\/wp-json\/wp\/v2\/product_brand?post=2679"},{"taxonomy":"product_cat","embeddable":true,"href":"https:\/\/saskar.store\/es\/wp-json\/wp\/v2\/product_cat?post=2679"},{"taxonomy":"product_tag","embeddable":true,"href":"https:\/\/saskar.store\/es\/wp-json\/wp\/v2\/product_tag?post=2679"}],"curies":[{"name":"wp","href":"https:\/\/api.w.org\/{rel}","templated":true}]}}