{"id":2668,"date":"2026-02-11T18:41:27","date_gmt":"2026-02-11T18:41:27","guid":{"rendered":"https:\/\/saskar.store\/?post_type=product&#038;p=2668"},"modified":"2026-02-11T18:41:27","modified_gmt":"2026-02-11T18:41:27","slug":"cartera-plegable-hecha-a-mano-de-algodon-y-cuero-gheri-monedero-tejido-tradicional-nepali-y-cartera-tribal-bohemia","status":"publish","type":"product","link":"https:\/\/saskar.store\/es\/producto\/cartera-plegable-hecha-a-mano-de-algodon-y-cuero-gheri-monedero-tejido-tradicional-nepali-y-cartera-tribal-bohemia\/","title":{"rendered":"Cartera plegable hecha a mano de algod\u00f3n y cuero Gheri \u2013 Monedero tejido tradicional nepal\u00ed y cartera tribal bohemia"},"content":{"rendered":"<h2>Descripci\u00f3n del Producto : Cartera plegable hecha a mano de algod\u00f3n y cuero Gheri \u2013 Monedero tejido tradicional nepal\u00ed y cartera tribal bohemia<\/h2>\n<p>Agregue un toque de encanto vibrante y artesanal a sus art\u00edculos esenciales diarios con esta billetera plegable hecha a mano. Esta billetera de algod\u00f3n Gheri, que combina de manera experta textiles tradicionales del Himalaya con cuero natural duradero, es un accesorio elegante y funcional que celebra la artesan\u00eda \u00e9tnica.<\/p>\n<h2>Presupuesto:<\/h2>\n<ul>\n<li><strong>Material<\/strong>: 100% tela Gheri de algod\u00f3n y ante\/cuero natural.<\/li>\n<li><strong>Dimensiones<\/strong>: Aproximadamente 14&#215;10 cm (Bifold compacto).<\/li>\n<li><strong>Construcci\u00f3n<\/strong>: Cosido a mano con bordes reforzados y un broche de lat\u00f3n seguro.<br \/>\nExperimente la belleza de la tradici\u00f3n y la durabilidad del cuero acabado a mano con este accesorio bohemio esencial.<\/li>\n<\/ul>\n<h2>Caracter\u00edsticas y beneficios clave:<\/h2>\n<ul>\n<li><strong>Aut\u00e9ntico algod\u00f3n Gheri:<\/strong> presenta tela Gheri tejida a mano, conocida por sus atrevidos patrones geom\u00e9tricos y colores vibrantes, lo que hace de cada billetera una obra de arte \u00fanica.<\/li>\n<li><strong>Cuero natural de primera calidad:<\/strong> reforzado con cuero curtido naturalmente de alta calidad para una est\u00e9tica r\u00fastica y boho-chic que solo mejora con el tiempo.<\/li>\n<li><strong>Dise\u00f1o funcional y compacto:<\/strong> esta billetera unisex con clip corto tiene el tama\u00f1o perfecto para el uso diario, cuenta con m\u00faltiples ranuras para tarjetas, un cierre seguro con bot\u00f3n a presi\u00f3n y un compartimento exclusivo para monedas con cremallera.<\/li>\n<li><strong>Conciencia ecol\u00f3gica y comercio justo:<\/strong> Cada pieza est\u00e1 meticulosamente hecha a mano por expertos artesanos en Nepal utilizando materiales sostenibles y pr\u00e1cticas de comercio justo.<\/li>\n<li><strong>Estilo vers\u00e1til:<\/strong> ya sea que busque un estilo marroqu\u00ed, bohemio o n\u00f3mada, las texturas \u00e9tnicas de esta billetera la convierten en la compa\u00f1era perfecta para cualquier atuendo.<\/li>\n<\/ul>","protected":false},"excerpt":{"rendered":"<p>Descripci\u00f3n del Producto : Cartera plegable hecha a mano de algod\u00f3n y cuero Gheri \u2013 Monedero tejido tradicional nepal\u00ed y cartera tribal bohemia Agregue un toque de encanto vibrante y artesanal a sus art\u00edculos esenciales diarios con esta billetera plegable hecha a mano. Esta billetera de algod\u00f3n Gheri, que combina de manera experta textiles tradicionales [&#8230;]\n","protected":false},"featured_media":2670,"comment_status":"open","ping_status":"closed","template":"","meta":[],"product_brand":[],"product_cat":[43],"product_tag":[],"class_list":{"0":"post-2668","1":"product","2":"type-product","3":"status-publish","4":"has-post-thumbnail","6":"product_cat-handmande-products","8":"first","9":"instock","10":"taxable","11":"shipping-taxable","12":"purchasable","13":"product-type-simple"},"jetpack_sharing_enabled":true,"_links":{"self":[{"href":"https:\/\/saskar.store\/es\/wp-json\/wp\/v2\/product\/2668","targetHints":{"allow":["GET"]}}],"collection":[{"href":"https:\/\/saskar.store\/es\/wp-json\/wp\/v2\/product"}],"about":[{"href":"https:\/\/saskar.store\/es\/wp-json\/wp\/v2\/types\/product"}],"replies":[{"embeddable":true,"href":"https:\/\/saskar.store\/es\/wp-json\/wp\/v2\/comments?post=2668"}],"wp:featuredmedia":[{"embeddable":true,"href":"https:\/\/saskar.store\/es\/wp-json\/wp\/v2\/media\/2670"}],"wp:attachment":[{"href":"https:\/\/saskar.store\/es\/wp-json\/wp\/v2\/media?parent=2668"}],"wp:term":[{"taxonomy":"product_brand","embeddable":true,"href":"https:\/\/saskar.store\/es\/wp-json\/wp\/v2\/product_brand?post=2668"},{"taxonomy":"product_cat","embeddable":true,"href":"https:\/\/saskar.store\/es\/wp-json\/wp\/v2\/product_cat?post=2668"},{"taxonomy":"product_tag","embeddable":true,"href":"https:\/\/saskar.store\/es\/wp-json\/wp\/v2\/product_tag?post=2668"}],"curies":[{"name":"wp","href":"https:\/\/api.w.org\/{rel}","templated":true}]}}