{"id":2658,"date":"2026-02-11T18:13:34","date_gmt":"2026-02-11T18:13:34","guid":{"rendered":"https:\/\/saskar.store\/?post_type=product&#038;p=2658"},"modified":"2026-02-12T13:56:44","modified_gmt":"2026-02-12T13:56:44","slug":"arte-de-papel-lokta-nepali-impreso-a-mano-escena-de-pueblo-tradicional-mujer-moliendo-grano-autentica-decoracion-de-pared-de-arte-popular-del-himalaya","status":"publish","type":"product","link":"https:\/\/saskar.store\/es\/producto\/arte-de-papel-lokta-nepali-impreso-a-mano-escena-de-pueblo-tradicional-mujer-moliendo-grano-autentica-decoracion-de-pared-de-arte-popular-del-himalaya\/","title":{"rendered":"Arte de papel Lokta nepal\u00ed impreso a mano \u2013 Escena de pueblo tradicional: Mujer moliendo grano \u2013 Aut\u00e9ntica decoraci\u00f3n de pared de arte popular del Himalaya"},"content":{"rendered":"<h2>Descripci\u00f3n del Producto : Arte de papel Lokta nepal\u00ed impreso a mano \u2013 Escena de pueblo tradicional: Mujer moliendo grano \u2013 Aut\u00e9ntica decoraci\u00f3n de pared de arte popular del Himalaya<\/h2>\n<p>Aporta un toque de tradici\u00f3n del Himalaya y elegancia artesanal a tu hogar con este arte en papel Lokta exquisitamente impreso a mano. Esta pieza captura una escena atemporal de la vida rural y representa a una mujer moliendo grano meticulosamente utilizando un molinillo manual tradicional, un s\u00edmbolo del esp\u00edritu trabajador y la rica herencia cultural de Nepal.<\/p>\n<h2>Presupuesto:<\/h2>\n<ul>\n<li><strong>Material<\/strong>: papel lokta nepal\u00ed sostenible hecho a mano.<\/li>\n<li><strong>Proceso<\/strong>: Serigraf\u00eda manual tradicional<\/li>\n<li><strong>Origen<\/strong>: Arte certificado de comercio justo del valle de Katmand\u00fa, Nepal<\/li>\n<li><strong>Textura<\/strong>: Naturalmente fibrosa con un distintivo borde deshilachado.<br \/>\nCelebre la belleza de la artesan\u00eda humana y la herencia del Himalaya con esta impresionante pieza de historia funcional.<\/li>\n<\/ul>\n<h2>Caracter\u00edsticas y beneficios clave:<\/h2>\n<ul>\n<li><strong>Papel Lokta 100 % aut\u00e9ntico<\/strong>: elaborado a partir de la corteza del arbusto Daphne del Himalaya, este papel est\u00e1 hecho a mano utilizando m\u00e9todos tradicionales de 2000 a\u00f1os de antig\u00fcedad. Es naturalmente libre de \u00e1cidos, ecol\u00f3gico y muy duradero, y a menudo dura siglos.<\/li>\n<li><strong>Serigraf\u00eda artesanal:<\/strong> cada pieza presenta una serigraf\u00eda vibrante aplicada a mano. La textura \u00fanica del papel ba\u00f1ado por el sol garantiza que no haya dos piezas exactamente iguales, lo que le brinda una obra de arte verdaderamente \u00fanica.<\/li>\n<li><strong>Narraci\u00f3n cultural:<\/strong> este estilo de arte popular representa el &#8220;Janto&#8221; (molinillo de piedra tradicional) y el &#8220;Dalo&#8221; (cesta de bamb\u00fa), lo que ofrece una ventana al estilo de vida tranquilo y tradicional de las monta\u00f1as nepalesas.<\/li>\n<li><strong>Natural y sostenible:<\/strong> la recolecci\u00f3n de Lokta es totalmente sostenible; la planta se regenera completamente en un plazo de 5 a 7 a\u00f1os, lo que la convierte en una excelente opci\u00f3n para una decoraci\u00f3n del hogar respetuosa con el medio ambiente.<\/li>\n<li><strong>Perfecto para cualquier espacio:<\/strong> sus tonos tierra y su dise\u00f1o minimalista pero llamativo lo convierten en una pieza central ideal para habitaciones con tem\u00e1tica zen, estudios de yoga o como un regalo significativo para los amantes del arte internacional.<\/li>\n<\/ul>","protected":false},"excerpt":{"rendered":"<p>Descripci\u00f3n del Producto : Arte de papel Lokta nepal\u00ed impreso a mano \u2013 Escena de pueblo tradicional: Mujer moliendo grano \u2013 Aut\u00e9ntica decoraci\u00f3n de pared de arte popular del Himalaya Aporta un toque de tradici\u00f3n del Himalaya y elegancia artesanal a tu hogar con este arte en papel Lokta exquisitamente impreso a mano. Esta pieza [&#8230;]\n","protected":false},"featured_media":2660,"comment_status":"open","ping_status":"closed","template":"","meta":[],"product_brand":[],"product_cat":[139],"product_tag":[],"class_list":{"0":"post-2658","1":"product","2":"type-product","3":"status-publish","4":"has-post-thumbnail","6":"product_cat-accesorios","8":"first","9":"instock","10":"taxable","11":"shipping-taxable","12":"purchasable","13":"product-type-simple"},"jetpack_sharing_enabled":true,"_links":{"self":[{"href":"https:\/\/saskar.store\/es\/wp-json\/wp\/v2\/product\/2658","targetHints":{"allow":["GET"]}}],"collection":[{"href":"https:\/\/saskar.store\/es\/wp-json\/wp\/v2\/product"}],"about":[{"href":"https:\/\/saskar.store\/es\/wp-json\/wp\/v2\/types\/product"}],"replies":[{"embeddable":true,"href":"https:\/\/saskar.store\/es\/wp-json\/wp\/v2\/comments?post=2658"}],"wp:featuredmedia":[{"embeddable":true,"href":"https:\/\/saskar.store\/es\/wp-json\/wp\/v2\/media\/2660"}],"wp:attachment":[{"href":"https:\/\/saskar.store\/es\/wp-json\/wp\/v2\/media?parent=2658"}],"wp:term":[{"taxonomy":"product_brand","embeddable":true,"href":"https:\/\/saskar.store\/es\/wp-json\/wp\/v2\/product_brand?post=2658"},{"taxonomy":"product_cat","embeddable":true,"href":"https:\/\/saskar.store\/es\/wp-json\/wp\/v2\/product_cat?post=2658"},{"taxonomy":"product_tag","embeddable":true,"href":"https:\/\/saskar.store\/es\/wp-json\/wp\/v2\/product_tag?post=2658"}],"curies":[{"name":"wp","href":"https:\/\/api.w.org\/{rel}","templated":true}]}}