{"id":2653,"date":"2026-02-11T17:45:03","date_gmt":"2026-02-11T17:45:03","guid":{"rendered":"https:\/\/saskar.store\/?post_type=product&#038;p=2653"},"modified":"2026-02-11T17:45:04","modified_gmt":"2026-02-11T17:45:04","slug":"farol-de-papel-lokta-tenido-anudado-hecho","status":"publish","type":"product","link":"https:\/\/saskar.store\/es\/producto\/farol-de-papel-lokta-tenido-anudado-hecho\/","title":{"rendered":"Farol de papel Lokta te\u00f1ido anudado hecho a mano- pantalla colgante tradicional de mandala nepal\u00ed e iluminaci\u00f3n ambiental bohemia"},"content":{"rendered":"<h2>Descripci\u00f3n del Producto : Farol de papel Lokta te\u00f1ido anudado hecho a mano: pantalla colgante tradicional de mandala nepal\u00ed e iluminaci\u00f3n ambiental bohemia<\/h2>\n<p>Agregue un toque art\u00edstico y vibrante a su hogar con esta linterna de papel Lokta exquisitamente hecha a mano. Con un impresionante patr\u00f3n de te\u00f1ido anudado estilo mandala, esta pantalla de l\u00e1mpara cuadrada tradicional est\u00e1 meticulosamente elaborada en Nepal para crear una est\u00e9tica bohemia \u00fanica que difunde la luz con un brillo suave, c\u00e1lido y acogedor.<\/p>\n<h2>Presupuesto<\/h2>\n<ul>\n<li><strong>Material<\/strong>: Papel Lokta hecho a mano, sostenible y sin \u00e1cidos.<\/li>\n<li><strong>Dise\u00f1o<\/strong>: Buda sentado serigrafiado con detalles tradicionales del Himalaya.<\/li>\n<li><strong>Estilo<\/strong>: Arte popular espiritual tibetano\/nepal\u00ed<\/li>\n<\/ul>\n<p>Transforme su espacio en un santuario de tranquilidad con este s\u00edmbolo de paz magistralmente elaborado.<\/p>\n<h2>Caracter\u00edsticas y beneficios clave:<\/h2>\n<ul>\n<li><strong>Artesan\u00eda artesanal antigua<\/strong>: Cada linterna est\u00e1 hecha a mano con papel Lokta, un papel no \u00e1rbol libre de \u00e1cido derivado de la corteza del arbusto Daphne Cannabina, un proceso sostenible que se ha mantenido sin cambios durante m\u00e1s de 2000 a\u00f1os.<\/li>\n<li><strong>Dise\u00f1o Sagrado Zen:<\/strong> Presenta un llamativo estampado rojo de Buda meditando, a menudo acompa\u00f1ado de intrincados motivos tradicionales como dragones tibetanos, que simbolizan protecci\u00f3n, sabidur\u00eda y armon\u00eda espiritual.<\/li>\n<li><strong>Iluminaci\u00f3n ambiental:<\/strong> la textura \u00fanica y natural del papel Lokta act\u00faa como un suave difusor, proyectando un brillo c\u00e1lido y sereno, perfecto para salas de meditaci\u00f3n, espacios de yoga o como una relajante luz nocturna. Respetuoso con el medio ambiente y duradero: el papel Lokta es naturalmente resistente a los insectos y al moho, lo que lo convierte en una adici\u00f3nduradera a su decoraci\u00f3n bohemia o zen.<\/li>\n<li><strong>Pantalla vers\u00e1til:<\/strong> esta linterna de cuatro esquinas est\u00e1 dise\u00f1ada para aplicaciones colgantes y de pie, lo que le permite integrarla f\u00e1cilmente en su altar, sala de estar o dormitorio.<\/li>\n<\/ul>","protected":false},"excerpt":{"rendered":"<p>Descripci\u00f3n del Producto : Farol de papel Lokta te\u00f1ido anudado hecho a mano: pantalla colgante tradicional de mandala nepal\u00ed e iluminaci\u00f3n ambiental bohemia Agregue un toque art\u00edstico y vibrante a su hogar con esta linterna de papel Lokta exquisitamente hecha a mano. Con un impresionante patr\u00f3n de te\u00f1ido anudado estilo mandala, esta pantalla de l\u00e1mpara [&#8230;]\n","protected":false},"featured_media":2645,"comment_status":"open","ping_status":"closed","template":"","meta":[],"product_brand":[],"product_cat":[139,41],"product_tag":[],"class_list":{"0":"post-2653","1":"product","2":"type-product","3":"status-publish","4":"has-post-thumbnail","6":"product_cat-accesorios","7":"product_cat-decoracion-del-hogar","9":"first","10":"instock","11":"taxable","12":"shipping-taxable","13":"purchasable","14":"product-type-simple"},"jetpack_sharing_enabled":true,"_links":{"self":[{"href":"https:\/\/saskar.store\/es\/wp-json\/wp\/v2\/product\/2653","targetHints":{"allow":["GET"]}}],"collection":[{"href":"https:\/\/saskar.store\/es\/wp-json\/wp\/v2\/product"}],"about":[{"href":"https:\/\/saskar.store\/es\/wp-json\/wp\/v2\/types\/product"}],"replies":[{"embeddable":true,"href":"https:\/\/saskar.store\/es\/wp-json\/wp\/v2\/comments?post=2653"}],"wp:featuredmedia":[{"embeddable":true,"href":"https:\/\/saskar.store\/es\/wp-json\/wp\/v2\/media\/2645"}],"wp:attachment":[{"href":"https:\/\/saskar.store\/es\/wp-json\/wp\/v2\/media?parent=2653"}],"wp:term":[{"taxonomy":"product_brand","embeddable":true,"href":"https:\/\/saskar.store\/es\/wp-json\/wp\/v2\/product_brand?post=2653"},{"taxonomy":"product_cat","embeddable":true,"href":"https:\/\/saskar.store\/es\/wp-json\/wp\/v2\/product_cat?post=2653"},{"taxonomy":"product_tag","embeddable":true,"href":"https:\/\/saskar.store\/es\/wp-json\/wp\/v2\/product_tag?post=2653"}],"curies":[{"name":"wp","href":"https:\/\/api.w.org\/{rel}","templated":true}]}}