{"id":2642,"date":"2026-02-11T12:24:01","date_gmt":"2026-02-11T12:24:01","guid":{"rendered":"https:\/\/saskar.store\/?post_type=product&#038;p=2642"},"modified":"2026-02-11T12:24:01","modified_gmt":"2026-02-11T12:24:01","slug":"farol-de-papel-lokta-floral-hecho-a-mano-pantalla-ovalada-de-estilo-japones-tradicional-e-iluminacion-ambiental-decorativa-zen","status":"publish","type":"product","link":"https:\/\/saskar.store\/es\/producto\/farol-de-papel-lokta-floral-hecho-a-mano-pantalla-ovalada-de-estilo-japones-tradicional-e-iluminacion-ambiental-decorativa-zen\/","title":{"rendered":"Farol de papel Lokta floral hecho a mano \u2013 Pantalla ovalada de estilo japon\u00e9s tradicional e iluminaci\u00f3n ambiental decorativa Zen"},"content":{"rendered":"<h2>Descripci\u00f3n del Producto : Farol de papel Lokta floral hecho a mano \u2013 Pantalla ovalada de estilo japon\u00e9s tradicional e iluminaci\u00f3n ambiental decorativa Zen<\/h2>\n<p>Transforme su espacio vital en un refugio sereno con esta l\u00e1mpara de papel Lokta exquisitamente hecha a mano. Esta pantalla de l\u00e1mpara de forma ovalada presenta aut\u00e9nticos dise\u00f1os florales prensados, meticulosamente aplicados al papel tradicional hecho a mano para crear una est\u00e9tica \u00fanica y natural que difunde la luz con un brillo suave y c\u00e1lido.<\/p>\n<h2>Presupuesto:<\/h2>\n<ul>\n<li><strong>Material<\/strong>: papel Lokta sostenible hecho a mano y refuerzo de alambre resistente<\/li>\n<li><strong>Dise\u00f1o<\/strong>: Linterna ovalada con detalles florales naturales prensados<\/li>\n<li><strong>Estilo<\/strong>: Decoraci\u00f3n Zen tradicional de inspiraci\u00f3n asi\u00e1tica<\/li>\n<\/ul>\n<p>Lleve hoy a su hogar la belleza eterna de la artesan\u00eda tradicional y la relajante luz ambiental.<\/p>\n<h2>Caracter\u00edsticas y beneficios clave:<\/h2>\n<ul>\n<li><strong>Artesan\u00eda artesanal:<\/strong> Meticulosamente hecha a mano utilizando t\u00e9cnicas antiguas, cada linterna muestra flores prensadas reales para una apariencia org\u00e1nica \u00fanica.<\/li>\n<li><strong>Material ecol\u00f3gico:<\/strong> elaborado con papel Lokta (Daphne Cannabina) sostenible y sin \u00e1cidos, conocido por su durabilidad y textura natural \u00fanica.<\/li>\n<li><strong>Est\u00e9tica Zen tradicional:<\/strong> Inspirada en dise\u00f1os cl\u00e1sicos de linternas japonesas y chinas, perfecta para a\u00f1adir un toque de elegancia minimalista a cualquier habitaci\u00f3n.<\/li>\n<li><strong>Soluci\u00f3n de iluminaci\u00f3n ambiental:<\/strong> la delicada textura del papel act\u00faa como un difusor natural, creando una atm\u00f3sfera tranquila y acogedora para dormitorios, salas de estar o espacios espirituales.<\/li>\n<li><strong>Decoraci\u00f3n vers\u00e1til para el hogar:<\/strong> su silueta ovalada atemporal la convierte en una impresionante pieza central colgante o una hermosa adici\u00f3n a la base de una l\u00e1mpara de mesa.<\/li>\n<\/ul>","protected":false},"excerpt":{"rendered":"<p>Descripci\u00f3n del Producto : Farol de papel Lokta floral hecho a mano \u2013 Pantalla ovalada de estilo japon\u00e9s tradicional e iluminaci\u00f3n ambiental decorativa Zen Transforme su espacio vital en un refugio sereno con esta l\u00e1mpara de papel Lokta exquisitamente hecha a mano. Esta pantalla de l\u00e1mpara de forma ovalada presenta aut\u00e9nticos dise\u00f1os florales prensados, meticulosamente [&#8230;]\n","protected":false},"featured_media":2649,"comment_status":"open","ping_status":"closed","template":"","meta":[],"product_brand":[],"product_cat":[39,41],"product_tag":[],"class_list":{"0":"post-2642","1":"product","2":"type-product","3":"status-publish","4":"has-post-thumbnail","6":"product_cat-accessories","7":"product_cat-decoracion-del-hogar","9":"first","10":"instock","11":"taxable","12":"shipping-taxable","13":"purchasable","14":"product-type-simple"},"jetpack_sharing_enabled":true,"_links":{"self":[{"href":"https:\/\/saskar.store\/es\/wp-json\/wp\/v2\/product\/2642","targetHints":{"allow":["GET"]}}],"collection":[{"href":"https:\/\/saskar.store\/es\/wp-json\/wp\/v2\/product"}],"about":[{"href":"https:\/\/saskar.store\/es\/wp-json\/wp\/v2\/types\/product"}],"replies":[{"embeddable":true,"href":"https:\/\/saskar.store\/es\/wp-json\/wp\/v2\/comments?post=2642"}],"wp:featuredmedia":[{"embeddable":true,"href":"https:\/\/saskar.store\/es\/wp-json\/wp\/v2\/media\/2649"}],"wp:attachment":[{"href":"https:\/\/saskar.store\/es\/wp-json\/wp\/v2\/media?parent=2642"}],"wp:term":[{"taxonomy":"product_brand","embeddable":true,"href":"https:\/\/saskar.store\/es\/wp-json\/wp\/v2\/product_brand?post=2642"},{"taxonomy":"product_cat","embeddable":true,"href":"https:\/\/saskar.store\/es\/wp-json\/wp\/v2\/product_cat?post=2642"},{"taxonomy":"product_tag","embeddable":true,"href":"https:\/\/saskar.store\/es\/wp-json\/wp\/v2\/product_tag?post=2642"}],"curies":[{"name":"wp","href":"https:\/\/api.w.org\/{rel}","templated":true}]}}