{"id":2641,"date":"2026-02-11T11:42:59","date_gmt":"2026-02-11T11:42:59","guid":{"rendered":"https:\/\/saskar.store\/?post_type=product&#038;p=2641"},"modified":"2026-02-11T11:42:59","modified_gmt":"2026-02-11T11:42:59","slug":"autentico-cobre-puro-puja-thali-plato-tradicional-de-ofrenda-espiritual-de-7-pulgadas-y-bandeja-decorativa-ritual","status":"publish","type":"product","link":"https:\/\/saskar.store\/es\/producto\/autentico-cobre-puro-puja-thali-plato-tradicional-de-ofrenda-espiritual-de-7-pulgadas-y-bandeja-decorativa-ritual\/","title":{"rendered":"Aut\u00e9ntico cobre puro Puja Thali \u2013 Plato tradicional de ofrenda espiritual de 7 pulgadas y bandeja decorativa ritual"},"content":{"rendered":"<h2>Descripci\u00f3n del Producto : Aut\u00e9ntico cobre puro Puja Thali \u2013 Plato tradicional de ofrenda espiritual de 7 pulgadas y bandeja decorativa ritual<\/h2>\n<p>Eleva tu espacio espiritual con este Puja Thali de cobre puro exquisitamente hecho a mano, tambi\u00e9n conocido como plato Tamba. Esta vasija tradicional es la piedra angular de los rituales sagrados, meticulosamente dise\u00f1ada para aportar pureza y energ\u00eda positiva a sus oraciones diarias y celebraciones festivas.<\/p>\n<h2>Caracter\u00edsticas y beneficios clave:<\/h2>\n<ul>\n<li><strong>Cobre 100 % de alta calidad<\/strong>: elaborado con cobre de primera calidad, conocido en las tradiciones ayurv\u00e9dicas por sus propiedades antimicrobianas y purificadoras de agua naturales.<\/li>\n<li><strong>Dise\u00f1o espiritual tradicional:<\/strong> presenta una silueta circular atemporal con un borde ligeramente elevado, perfecta para organizar cuidadosamente flores, diyas y otras ofrendas sagradas.<\/li>\n<li><strong>Uso vers\u00e1til y multiusos:<\/strong> ideal para pooja, tihar, bodas o como base decorativa para cargar cristales y joyas.<\/li>\n<li><strong>Artesan\u00eda artesanal:<\/strong> cada plato cuenta con un acabado suave y pulido que desarrolla una p\u00e1tina vintage \u00fanica con el tiempo, que simboliza una conexi\u00f3n duradera con el patrimonio.<\/li>\n<li><strong>Duradera y f\u00e1cil de mantener:<\/strong> una herramienta espiritual muy duradera y lavable dise\u00f1ada para durar generaciones.<\/li>\n<\/ul>\n<h2>Presupuesto<\/h2>\n<ul>\n<li><strong>Material<\/strong>: 100% cobre puro<\/li>\n<li><strong>Configuraci\u00f3n<\/strong>: Plato ritual redondo \u00fanico<\/li>\n<li><strong>Dimensiones<\/strong>: Aproximadamente 7 pulgadas de di\u00e1metro (tama\u00f1os personalizados disponibles)<\/li>\n<li><strong>Mantenimiento<\/strong>: Se limpia f\u00e1cilmente con polvo pulidor tradicional para mantener su radiante brillo sagrado.<br \/>\nInvita la tradici\u00f3n y la energ\u00eda positiva a tu hogar con este plato de ofrenda de cobre magistralmente elaborado.<\/li>\n<\/ul>","protected":false},"excerpt":{"rendered":"<p>Descripci\u00f3n del Producto : Aut\u00e9ntico cobre puro Puja Thali \u2013 Plato tradicional de ofrenda espiritual de 7 pulgadas y bandeja decorativa ritual Eleva tu espacio espiritual con este Puja Thali de cobre puro exquisitamente hecho a mano, tambi\u00e9n conocido como plato Tamba. Esta vasija tradicional es la piedra angular de los rituales sagrados, meticulosamente dise\u00f1ada [&#8230;]\n","protected":false},"featured_media":2636,"comment_status":"open","ping_status":"closed","template":"","meta":[],"product_brand":[],"product_cat":[39,41],"product_tag":[],"class_list":{"0":"post-2641","1":"product","2":"type-product","3":"status-publish","4":"has-post-thumbnail","6":"product_cat-accessories","7":"product_cat-decoracion-del-hogar","9":"first","10":"instock","11":"taxable","12":"shipping-taxable","13":"purchasable","14":"product-type-simple"},"jetpack_sharing_enabled":true,"_links":{"self":[{"href":"https:\/\/saskar.store\/es\/wp-json\/wp\/v2\/product\/2641","targetHints":{"allow":["GET"]}}],"collection":[{"href":"https:\/\/saskar.store\/es\/wp-json\/wp\/v2\/product"}],"about":[{"href":"https:\/\/saskar.store\/es\/wp-json\/wp\/v2\/types\/product"}],"replies":[{"embeddable":true,"href":"https:\/\/saskar.store\/es\/wp-json\/wp\/v2\/comments?post=2641"}],"wp:featuredmedia":[{"embeddable":true,"href":"https:\/\/saskar.store\/es\/wp-json\/wp\/v2\/media\/2636"}],"wp:attachment":[{"href":"https:\/\/saskar.store\/es\/wp-json\/wp\/v2\/media?parent=2641"}],"wp:term":[{"taxonomy":"product_brand","embeddable":true,"href":"https:\/\/saskar.store\/es\/wp-json\/wp\/v2\/product_brand?post=2641"},{"taxonomy":"product_cat","embeddable":true,"href":"https:\/\/saskar.store\/es\/wp-json\/wp\/v2\/product_cat?post=2641"},{"taxonomy":"product_tag","embeddable":true,"href":"https:\/\/saskar.store\/es\/wp-json\/wp\/v2\/product_tag?post=2641"}],"curies":[{"name":"wp","href":"https:\/\/api.w.org\/{rel}","templated":true}]}}