{"id":2640,"date":"2026-02-11T11:36:41","date_gmt":"2026-02-11T11:36:41","guid":{"rendered":"https:\/\/saskar.store\/?post_type=product&#038;p=2640"},"modified":"2026-02-11T11:36:41","modified_gmt":"2026-02-11T11:36:41","slug":"saptapala-puja-thali-de-cobre-puro-hecho-a-mano-plato-ritual-tradicional-de-7-compartimentos-y-bandeja-decorativa-espiritual","status":"publish","type":"product","link":"https:\/\/saskar.store\/es\/producto\/saptapala-puja-thali-de-cobre-puro-hecho-a-mano-plato-ritual-tradicional-de-7-compartimentos-y-bandeja-decorativa-espiritual\/","title":{"rendered":"Saptapala Puja Thali de cobre puro hecho a mano \u2013 Plato ritual tradicional de 7 compartimentos y bandeja decorativa espiritual"},"content":{"rendered":"<h2>Descripci\u00f3n del Producto : Saptapala Puja Thali de cobre puro hecho a mano \u2013 Plato ritual tradicional de 7 compartimentos y bandeja decorativa espiritual<\/h2>\n<p>Mejora tus rituales espirituales con este aut\u00e9ntico Saptapala Copper Puja Thali. Magn\u00edficamente elaborado a mano, este plato tradicional de siete compartimentos (Sapta significa siete, Payala significa peque\u00f1os cuencos\/vasijas) est\u00e1 dise\u00f1ado espec\u00edficamente para el culto hind\u00fa y las ceremonias sagradas.<\/p>\n<h2>Caracter\u00edsticas y beneficios exquisitos:<\/h2>\n<p><strong>Dise\u00f1o tradicional de siete secciones<\/strong>: dividido por expertos en siete pozos distintos para organizar varios pooja samagri como roli, chawal, flores y agua bendita con facilidad y elegancia.<br \/>\n<strong>Construcci\u00f3n 100 % de cobre puro:<\/strong> conocido por su importancia tradicional y sus propiedades antimicrobianas naturales, este thali ofrece una durabilidad duradera y un brillo radiante y sagrado.<br \/>\n<strong>Artesan\u00eda artesanal:<\/strong> Cada pieza est\u00e1 meticulosamente moldeada por expertos artesanos, lo que la convierte en una adici\u00f3n \u00fanica al altar de su hogar o espacio espiritual.<br \/>\n<strong>Uso vers\u00e1til y multiusos:<\/strong> aunque se utiliza principalmente para el festival Tihar, bodas y oraciones diarias, su elegante dise\u00f1o circular tambi\u00e9n sirve como una impresionante pieza central decorativa o un acento r\u00fastico para el hogar.<br \/>\n<strong>Regalo espiritual reflexivo:<\/strong> un regalo ideal y auspicioso para inauguraciones de casas, reuniones espirituales o como recuerdo tradicional significativo.<\/p>\n<h2>Presupuesto<\/h2>\n<p><strong>Material<\/strong>: cobre puro de alta calidad.<br \/>\n<strong>Configuraci\u00f3n<\/strong>: Thali redondo con 7 compartimentos integrados (Khande\/Saptapala)<br \/>\n<strong>Origen<\/strong>: Aut\u00e9ntico dise\u00f1o tradicional inspirado en la herencia nepal\u00ed e india.<br \/>\nEleve su pr\u00e1ctica devocional con una pieza que combina una tradici\u00f3n centenaria con una maestr\u00eda artesanal.<\/p>","protected":false},"excerpt":{"rendered":"<p>Descripci\u00f3n del Producto : Saptapala Puja Thali de cobre puro hecho a mano \u2013 Plato ritual tradicional de 7 compartimentos y bandeja decorativa espiritual Mejora tus rituales espirituales con este aut\u00e9ntico Saptapala Copper Puja Thali. Magn\u00edficamente elaborado a mano, este plato tradicional de siete compartimentos (Sapta significa siete, Payala significa peque\u00f1os cuencos\/vasijas) est\u00e1 dise\u00f1ado espec\u00edficamente [&#8230;]\n","protected":false},"featured_media":2637,"comment_status":"open","ping_status":"closed","template":"","meta":[],"product_brand":[],"product_cat":[39,41],"product_tag":[],"class_list":{"0":"post-2640","1":"product","2":"type-product","3":"status-publish","4":"has-post-thumbnail","6":"product_cat-accessories","7":"product_cat-decoracion-del-hogar","9":"first","10":"instock","11":"taxable","12":"shipping-taxable","13":"purchasable","14":"product-type-simple"},"jetpack_sharing_enabled":true,"_links":{"self":[{"href":"https:\/\/saskar.store\/es\/wp-json\/wp\/v2\/product\/2640","targetHints":{"allow":["GET"]}}],"collection":[{"href":"https:\/\/saskar.store\/es\/wp-json\/wp\/v2\/product"}],"about":[{"href":"https:\/\/saskar.store\/es\/wp-json\/wp\/v2\/types\/product"}],"replies":[{"embeddable":true,"href":"https:\/\/saskar.store\/es\/wp-json\/wp\/v2\/comments?post=2640"}],"wp:featuredmedia":[{"embeddable":true,"href":"https:\/\/saskar.store\/es\/wp-json\/wp\/v2\/media\/2637"}],"wp:attachment":[{"href":"https:\/\/saskar.store\/es\/wp-json\/wp\/v2\/media?parent=2640"}],"wp:term":[{"taxonomy":"product_brand","embeddable":true,"href":"https:\/\/saskar.store\/es\/wp-json\/wp\/v2\/product_brand?post=2640"},{"taxonomy":"product_cat","embeddable":true,"href":"https:\/\/saskar.store\/es\/wp-json\/wp\/v2\/product_cat?post=2640"},{"taxonomy":"product_tag","embeddable":true,"href":"https:\/\/saskar.store\/es\/wp-json\/wp\/v2\/product_tag?post=2640"}],"curies":[{"name":"wp","href":"https:\/\/api.w.org\/{rel}","templated":true}]}}