{"id":2634,"date":"2026-02-11T11:28:28","date_gmt":"2026-02-11T11:28:28","guid":{"rendered":"https:\/\/saskar.store\/?post_type=product&#038;p=2634"},"modified":"2026-02-11T11:28:28","modified_gmt":"2026-02-11T11:28:28","slug":"olla-de-agua-de-cobre-puro-tallada-a-mano-buque-ayurvedico-tradicional-kalash-lota","status":"publish","type":"product","link":"https:\/\/saskar.store\/es\/producto\/olla-de-agua-de-cobre-puro-tallada-a-mano-buque-ayurvedico-tradicional-kalash-lota\/","title":{"rendered":"Olla de agua de cobre puro tallada a mano | Buque ayurv\u00e9dico tradicional Kalash Lota"},"content":{"rendered":"<h2>Descripci\u00f3n del Producto : Olla de agua de cobre puro tallada a mano | Buque ayurv\u00e9dico tradicional Kalash Lota<\/h2>\n<p>Eleva la decoraci\u00f3n de tu hogar o tu pr\u00e1ctica espiritual con esta aut\u00e9ntica olla de agua de cobre puro hecha a mano, tambi\u00e9n conocida como Kalash o Lota. Esta vasija tradicional no es s\u00f3lo una hermosa pieza decorativa sino que tambi\u00e9n cumple un prop\u00f3sito funcional basado en los principios ayurv\u00e9dicos.<\/p>\n<div class=\"WaaZC\">\n<div class=\"RJPOee EIJn2\">\n<div class=\"WaaZC\">\n<div class=\"RJPOee EIJn2\">\n<h2>Caracter\u00edsticas<\/h2>\n<ul>\n<li><strong>Material Premium<\/strong>: Hecho de cobre 100% puro y de alta calidad.<\/li>\n<li><strong>Artesan\u00eda artesanal:<\/strong> Presenta un dise\u00f1o \u00fanico tallado a mano con intrincadas bandas decorativas alrededor del cuello, que muestran el arte tradicional.<\/li>\n<li><strong>Beneficios ayurv\u00e9dicos:<\/strong> seg\u00fan el Ayurveda, almacenar agua en un recipiente de cobre durante la noche puede tener propiedades rejuvenecedoras y purificadoras.<\/li>\n<li><strong>Uso vers\u00e1til:<\/strong> ideal para usar en los rituales diarios de Pooja, como recipiente para servir \u00fanico o simplemente como una elegante pieza de decoraci\u00f3n del hogar.<\/li>\n<\/ul>\n<\/div>\n<\/div>\n<\/div>\n<\/div>","protected":false},"excerpt":{"rendered":"<p>Descripci\u00f3n del Producto : Olla de agua de cobre puro tallada a mano | Buque ayurv\u00e9dico tradicional Kalash Lota Eleva la decoraci\u00f3n de tu hogar o tu pr\u00e1ctica espiritual con esta aut\u00e9ntica olla de agua de cobre puro hecha a mano, tambi\u00e9n conocida como Kalash o Lota. Esta vasija tradicional no es s\u00f3lo una hermosa [&#8230;]\n","protected":false},"featured_media":2638,"comment_status":"open","ping_status":"closed","template":"","meta":[],"product_brand":[],"product_cat":[39,41],"product_tag":[],"class_list":{"0":"post-2634","1":"product","2":"type-product","3":"status-publish","4":"has-post-thumbnail","6":"product_cat-accessories","7":"product_cat-decoracion-del-hogar","9":"first","10":"instock","11":"taxable","12":"shipping-taxable","13":"purchasable","14":"product-type-simple"},"jetpack_sharing_enabled":true,"_links":{"self":[{"href":"https:\/\/saskar.store\/es\/wp-json\/wp\/v2\/product\/2634","targetHints":{"allow":["GET"]}}],"collection":[{"href":"https:\/\/saskar.store\/es\/wp-json\/wp\/v2\/product"}],"about":[{"href":"https:\/\/saskar.store\/es\/wp-json\/wp\/v2\/types\/product"}],"replies":[{"embeddable":true,"href":"https:\/\/saskar.store\/es\/wp-json\/wp\/v2\/comments?post=2634"}],"wp:featuredmedia":[{"embeddable":true,"href":"https:\/\/saskar.store\/es\/wp-json\/wp\/v2\/media\/2638"}],"wp:attachment":[{"href":"https:\/\/saskar.store\/es\/wp-json\/wp\/v2\/media?parent=2634"}],"wp:term":[{"taxonomy":"product_brand","embeddable":true,"href":"https:\/\/saskar.store\/es\/wp-json\/wp\/v2\/product_brand?post=2634"},{"taxonomy":"product_cat","embeddable":true,"href":"https:\/\/saskar.store\/es\/wp-json\/wp\/v2\/product_cat?post=2634"},{"taxonomy":"product_tag","embeddable":true,"href":"https:\/\/saskar.store\/es\/wp-json\/wp\/v2\/product_tag?post=2634"}],"curies":[{"name":"wp","href":"https:\/\/api.w.org\/{rel}","templated":true}]}}