{"id":2631,"date":"2026-02-11T09:59:02","date_gmt":"2026-02-11T09:59:02","guid":{"rendered":"https:\/\/saskar.store\/?post_type=product&#038;p=2631"},"modified":"2026-02-11T09:59:02","modified_gmt":"2026-02-11T09:59:02","slug":"incienso-lavender-satya-sai-baba-varillas-originales-calidad-exportacion-15gm-2","status":"publish","type":"product","link":"https:\/\/saskar.store\/es\/producto\/incienso-lavender-satya-sai-baba-varillas-originales-calidad-exportacion-15gm-2\/","title":{"rendered":"Incienso Lavender Satya Sai Baba \u2013 Varillas Originales Calidad Exportaci\u00f3n 15gm"},"content":{"rendered":"<h2>Descripci\u00f3n del Producto : Incienso Lavender Satya Sai Baba \u2013 Varillas Originales Calidad Exportaci\u00f3n 15gm<\/h2>\n<p data-start=\"641\" data-end=\"924\">Disfruta del aut\u00e9ntico <strong data-start=\"664\" data-end=\"702\">incienso Lavender Satya Sai Baba<\/strong>, uno de los inciensos m\u00e1s reconocidos y vendidos en el mundo. Elaborado en India siguiendo m\u00e9todos tradicionales, este incienso combina <strong data-start=\"839\" data-end=\"867\">s\u00e1ndalo y flor de champa<\/strong>, creando un aroma lavender, floral y ligeramente amaderado.<\/p>\n<p data-start=\"926\" data-end=\"1149\">Las varillas de incienso Lavender son ideales para <strong data-start=\"979\" data-end=\"1049\">meditaci\u00f3n, yoga, relajaci\u00f3n, aromaterapia y rituales espirituales<\/strong>. Gracias a su combusti\u00f3n lenta y uniforme, llenan el ambiente con una fragancia intensa y duradera.<\/p>\n<h3 data-start=\"1156\" data-end=\"1187\">Caracter\u00edsticas Principales<\/h3>\n<ul data-start=\"1189\" data-end=\"1411\">\n<li data-start=\"1189\" data-end=\"1227\">\n<p data-start=\"1191\" data-end=\"1227\">Incienso original Satya Sai Baba<\/p>\n<\/li>\n<li data-start=\"1228\" data-end=\"1274\">\n<p data-start=\"1230\" data-end=\"1274\">Fabricado en India \u2013 Calidad exportaci\u00f3n<\/p>\n<\/li>\n<li data-start=\"1275\" data-end=\"1316\">\n<p data-start=\"1277\" data-end=\"1316\">Elaboraci\u00f3n tradicional tipo masala<\/p>\n<\/li>\n<li data-start=\"1317\" data-end=\"1337\">\n<p data-start=\"1319\" data-end=\"1337\">Larga duraci\u00f3n<\/p>\n<\/li>\n<li data-start=\"1338\" data-end=\"1372\">\n<p data-start=\"1340\" data-end=\"1372\">Ideal para meditaci\u00f3n y yoga<\/p>\n<\/li>\n<li data-start=\"1373\" data-end=\"1411\">\n<p data-start=\"1375\" data-end=\"1411\">Aroma natural floral y amaderado<\/p>\n<\/li>\n<\/ul>\n<h3 data-start=\"1418\" data-end=\"1438\">Perfil Arom\u00e1tico<\/h3>\n<ul data-start=\"1440\" data-end=\"1547\">\n<li data-start=\"1440\" data-end=\"1473\">\n<p data-start=\"1442\" data-end=\"1473\"><strong data-start=\"1442\" data-end=\"1458\">Notas altas:<\/strong> Floral lavender<\/p>\n<\/li>\n<li data-start=\"1474\" data-end=\"1510\">\n<p data-start=\"1476\" data-end=\"1510\"><strong data-start=\"1476\" data-end=\"1493\">Notas medias:<\/strong> Flor de champa<\/p>\n<\/li>\n<li data-start=\"1511\" data-end=\"1547\">\n<p data-start=\"1513\" data-end=\"1547\"><strong data-start=\"1513\" data-end=\"1528\">Notas base:<\/strong> S\u00e1ndalo y madera<\/p>\n<\/li>\n<\/ul>\n<h3 data-start=\"1372\" data-end=\"1392\">Perfil Arom\u00e1tico<\/h3>\n<ul data-start=\"1393\" data-end=\"1533\">\n<li data-start=\"1393\" data-end=\"1434\">\n<p data-start=\"1395\" data-end=\"1434\"><strong data-start=\"1395\" data-end=\"1416\">Notas superiores:<\/strong> Herbal, natural<\/p>\n<\/li>\n<li data-start=\"1435\" data-end=\"1478\">\n<p data-start=\"1437\" data-end=\"1478\"><strong data-start=\"1437\" data-end=\"1454\">Notas medias:<\/strong> Amaderadas, resinosas<\/p>\n<\/li>\n<li data-start=\"1479\" data-end=\"1533\">\n<p data-start=\"1481\" data-end=\"1533\"><strong data-start=\"1481\" data-end=\"1496\">Notas base:<\/strong> C\u00e1lidas, profundas y equilibrantes<\/p>\n<\/li>\n<\/ul>\n<h3 data-start=\"1613\" data-end=\"1645\">Usos del Incienso Lavender<\/h3>\n<ul data-start=\"1647\" data-end=\"1819\">\n<li data-start=\"1647\" data-end=\"1678\">\n<p data-start=\"1649\" data-end=\"1678\">Meditaci\u00f3n y mindfulness<\/p>\n<\/li>\n<li data-start=\"1679\" data-end=\"1714\">\n<p data-start=\"1681\" data-end=\"1714\">Ritual espiritual y oraci\u00f3n<\/p>\n<\/li>\n<li data-start=\"1715\" data-end=\"1741\">\n<p data-start=\"1717\" data-end=\"1741\">Aromatizar el hogar<\/p>\n<\/li>\n<li data-start=\"1742\" data-end=\"1773\">\n<p data-start=\"1744\" data-end=\"1773\">Sesiones de aromaterapia<\/p>\n<\/li>\n<li data-start=\"1774\" data-end=\"1819\">\n<p data-start=\"1776\" data-end=\"1819\">Regalo ideal para amantes del incienso<\/p>\n<\/li>\n<\/ul>","protected":false},"excerpt":{"rendered":"<p>Descripci\u00f3n del Producto : Incienso Lavender Satya Sai Baba \u2013 Varillas Originales Calidad Exportaci\u00f3n 15gm Disfruta del aut\u00e9ntico incienso Lavender Satya Sai Baba, uno de los inciensos m\u00e1s reconocidos y vendidos en el mundo. Elaborado en India siguiendo m\u00e9todos tradicionales, este incienso combina s\u00e1ndalo y flor de champa, creando un aroma lavender, floral y ligeramente [&#8230;]\n","protected":false},"featured_media":2622,"comment_status":"open","ping_status":"closed","template":"","meta":[],"product_brand":[],"product_cat":[39,40],"product_tag":[],"class_list":{"0":"post-2631","1":"product","2":"type-product","3":"status-publish","4":"has-post-thumbnail","6":"product_cat-accessories","7":"product_cat-inciensos","9":"first","10":"instock","11":"taxable","12":"shipping-taxable","13":"purchasable","14":"product-type-simple"},"jetpack_sharing_enabled":true,"_links":{"self":[{"href":"https:\/\/saskar.store\/es\/wp-json\/wp\/v2\/product\/2631","targetHints":{"allow":["GET"]}}],"collection":[{"href":"https:\/\/saskar.store\/es\/wp-json\/wp\/v2\/product"}],"about":[{"href":"https:\/\/saskar.store\/es\/wp-json\/wp\/v2\/types\/product"}],"replies":[{"embeddable":true,"href":"https:\/\/saskar.store\/es\/wp-json\/wp\/v2\/comments?post=2631"}],"wp:featuredmedia":[{"embeddable":true,"href":"https:\/\/saskar.store\/es\/wp-json\/wp\/v2\/media\/2622"}],"wp:attachment":[{"href":"https:\/\/saskar.store\/es\/wp-json\/wp\/v2\/media?parent=2631"}],"wp:term":[{"taxonomy":"product_brand","embeddable":true,"href":"https:\/\/saskar.store\/es\/wp-json\/wp\/v2\/product_brand?post=2631"},{"taxonomy":"product_cat","embeddable":true,"href":"https:\/\/saskar.store\/es\/wp-json\/wp\/v2\/product_cat?post=2631"},{"taxonomy":"product_tag","embeddable":true,"href":"https:\/\/saskar.store\/es\/wp-json\/wp\/v2\/product_tag?post=2631"}],"curies":[{"name":"wp","href":"https:\/\/api.w.org\/{rel}","templated":true}]}}