{"id":2614,"date":"2026-02-10T19:02:01","date_gmt":"2026-02-10T19:02:01","guid":{"rendered":"https:\/\/saskar.store\/?post_type=product&#038;p=2614"},"modified":"2026-02-10T19:03:49","modified_gmt":"2026-02-10T19:03:49","slug":"incienso-herbal-budista-aroma-natural-para-meditacion-y-espiritualidad","status":"publish","type":"product","link":"https:\/\/saskar.store\/es\/producto\/incienso-herbal-budista-aroma-natural-para-meditacion-y-espiritualidad\/","title":{"rendered":"Incienso Herbal Budista \u2013 Aroma Natural para Meditaci\u00f3n y Espiritualidad"},"content":{"rendered":"<h2>Descripci\u00f3n del Producto : Incienso Herbal Budista \u2013 Aroma Natural para Meditaci\u00f3n y Espiritualidad<\/h2>\n<p data-start=\"274\" data-end=\"554\">El <strong data-start=\"277\" data-end=\"304\">Incienso Herbal Budista<\/strong> es un incienso tradicional elaborado de forma artesanal con hierbas naturales del Himalaya. Se utiliza ampliamente en rituales budistas, meditaci\u00f3n, yoga, oraci\u00f3n y limpieza energ\u00e9tica, creando un ambiente de paz, armon\u00eda y concentraci\u00f3n espiritual.<\/p>\n<p data-start=\"556\" data-end=\"695\">Fabricado en <strong data-start=\"569\" data-end=\"599\">Nepal (regi\u00f3n de Katmand\u00fa)<\/strong>, este incienso representa la aut\u00e9ntica tradici\u00f3n budista y antiguas pr\u00e1cticas de mezcla herbal.<\/p>\n<h3 data-start=\"702\" data-end=\"739\">Caracter\u00edsticas Principales<\/h3>\n<ul data-start=\"740\" data-end=\"1048\">\n<li data-start=\"740\" data-end=\"785\">\n<p data-start=\"742\" data-end=\"785\">Ingredientes herbales 100% naturales<\/p>\n<\/li>\n<li data-start=\"786\" data-end=\"836\">\n<p data-start=\"788\" data-end=\"836\">Ideal para meditaci\u00f3n, yoga y mindfulness<\/p>\n<\/li>\n<li data-start=\"837\" data-end=\"875\">\n<p data-start=\"839\" data-end=\"875\">Incienso tradicional budista<\/p>\n<\/li>\n<li data-start=\"876\" data-end=\"918\">\n<p data-start=\"878\" data-end=\"918\">Larga duraci\u00f3n y combusti\u00f3n lenta<\/p>\n<\/li>\n<li data-start=\"919\" data-end=\"961\">\n<p data-start=\"921\" data-end=\"961\">Aroma herbal, amaderado y terroso<\/p>\n<\/li>\n<li data-start=\"962\" data-end=\"992\">\n<p data-start=\"964\" data-end=\"992\">Hecho a mano en Nepal<\/p>\n<\/li>\n<li data-start=\"993\" data-end=\"1048\">\n<p data-start=\"995\" data-end=\"1048\">Sin fragancias qu\u00edmicas ni aditivos sint\u00e9ticos<\/p>\n<\/li>\n<\/ul>\n<h3 data-start=\"1055\" data-end=\"1069\">Beneficios<\/h3>\n<ul data-start=\"1070\" data-end=\"1365\">\n<li data-start=\"1070\" data-end=\"1119\">\n<p data-start=\"1072\" data-end=\"1119\">Favorece la <strong data-start=\"1084\" data-end=\"1119\">relajaci\u00f3n y la claridad mental<\/strong><\/p>\n<\/li>\n<li data-start=\"1120\" data-end=\"1180\">\n<p data-start=\"1122\" data-end=\"1180\">Ayuda a mejorar la <strong data-start=\"1141\" data-end=\"1180\">concentraci\u00f3n durante la meditaci\u00f3n<\/strong><\/p>\n<\/li>\n<li data-start=\"1181\" data-end=\"1223\">\n<p data-start=\"1183\" data-end=\"1223\">Crea un <strong data-start=\"1191\" data-end=\"1223\">ambiente sagrado y armonioso<\/strong><\/p>\n<\/li>\n<li data-start=\"1224\" data-end=\"1291\">\n<p data-start=\"1226\" data-end=\"1291\">Tradicionalmente usado para <strong data-start=\"1254\" data-end=\"1291\">oraciones y rituales espirituales<\/strong><\/p>\n<\/li>\n<li data-start=\"1292\" data-end=\"1365\">\n<p data-start=\"1294\" data-end=\"1365\">Ideal para <strong data-start=\"1305\" data-end=\"1365\">hogares, templos, centros de yoga y espacios de sanaci\u00f3n<\/strong><\/p>\n<\/li>\n<\/ul>\n<h3 data-start=\"1372\" data-end=\"1392\">Perfil Arom\u00e1tico<\/h3>\n<ul data-start=\"1393\" data-end=\"1533\">\n<li data-start=\"1393\" data-end=\"1434\">\n<p data-start=\"1395\" data-end=\"1434\"><strong data-start=\"1395\" data-end=\"1416\">Notas superiores:<\/strong> Herbal, natural<\/p>\n<\/li>\n<li data-start=\"1435\" data-end=\"1478\">\n<p data-start=\"1437\" data-end=\"1478\"><strong data-start=\"1437\" data-end=\"1454\">Notas medias:<\/strong> Amaderadas, resinosas<\/p>\n<\/li>\n<li data-start=\"1479\" data-end=\"1533\">\n<p data-start=\"1481\" data-end=\"1533\"><strong data-start=\"1481\" data-end=\"1496\">Notas base:<\/strong> C\u00e1lidas, profundas y equilibrantes<\/p>\n<\/li>\n<\/ul>\n<h3 data-start=\"1741\" data-end=\"1774\">Especificaciones del Producto<\/h3>\n<ul data-start=\"1775\" data-end=\"2033\">\n<li data-start=\"1775\" data-end=\"1828\">\n<p data-start=\"1777\" data-end=\"1828\"><strong data-start=\"1777\" data-end=\"1798\">Tipo de producto:<\/strong> Incienso herbal en varillas<\/p>\n<\/li>\n<li data-start=\"1829\" data-end=\"1850\">\n<p data-start=\"1831\" data-end=\"1850\"><strong data-start=\"1831\" data-end=\"1842\">Origen:<\/strong> Nepal<\/p>\n<\/li>\n<li data-start=\"1851\" data-end=\"1899\">\n<p data-start=\"1853\" data-end=\"1899\"><strong data-start=\"1853\" data-end=\"1867\">Categor\u00eda:<\/strong> Incienso budista \/ espiritual<\/p>\n<\/li>\n<li data-start=\"1900\" data-end=\"1973\">\n<p data-start=\"1902\" data-end=\"1973\"><strong data-start=\"1902\" data-end=\"1929\">Duraci\u00f3n de combusti\u00f3n:<\/strong> Aproximadamente 30\u201345 minutos por varilla<\/p>\n<\/li>\n<li data-start=\"1974\" data-end=\"2033\">\n<p data-start=\"1976\" data-end=\"2033\"><strong data-start=\"1976\" data-end=\"1993\">Presentaci\u00f3n:<\/strong> Caja rectangular con dise\u00f1o tradicional<\/p>\n<\/li>\n<\/ul>\n<h3 data-start=\"2253\" data-end=\"2267\">Ideal Para<\/h3>\n<ul data-start=\"2268\" data-end=\"2449\">\n<li data-start=\"2268\" data-end=\"2307\">\n<p data-start=\"2270\" data-end=\"2307\">Meditaci\u00f3n y pr\u00e1cticas espirituales<\/p>\n<\/li>\n<li data-start=\"2308\" data-end=\"2342\">\n<p data-start=\"2310\" data-end=\"2342\">Rituales budistas y ceremonias<\/p>\n<\/li>\n<li data-start=\"2343\" data-end=\"2375\">\n<p data-start=\"2345\" data-end=\"2375\">Estudios de yoga y bienestar<\/p>\n<\/li>\n<li data-start=\"2376\" data-end=\"2411\">\n<p data-start=\"2378\" data-end=\"2411\">Aromatizaci\u00f3n natural del hogar<\/p>\n<\/li>\n<li data-start=\"2412\" data-end=\"2449\">\n<p data-start=\"2414\" data-end=\"2449\">Regalos espirituales y hol\u00edsticos<\/p>\n<\/li>\n<\/ul>\n<h3 data-start=\"1540\" data-end=\"1555\">Modo de Uso<\/h3>\n<ul>\n<li data-start=\"1559\" data-end=\"1590\">Encienda la punta del incienso.<\/li>\n<li data-start=\"1594\" data-end=\"1637\">Deje arder unos segundos y apague la llama.<\/li>\n<li data-start=\"1641\" data-end=\"1672\">Col\u00f3quelo en un porta incienso.<\/li>\n<li data-start=\"1676\" data-end=\"1734\">Disfrute del aroma relajante que se libera en el ambiente.<\/li>\n<\/ul>","protected":false},"excerpt":{"rendered":"<p>Descripci\u00f3n del Producto : Incienso Herbal Budista \u2013 Aroma Natural para Meditaci\u00f3n y Espiritualidad El Incienso Herbal Budista es un incienso tradicional elaborado de forma artesanal con hierbas naturales del Himalaya. Se utiliza ampliamente en rituales budistas, meditaci\u00f3n, yoga, oraci\u00f3n y limpieza energ\u00e9tica, creando un ambiente de paz, armon\u00eda y concentraci\u00f3n espiritual. Fabricado en Nepal [&#8230;]\n","protected":false},"featured_media":2608,"comment_status":"open","ping_status":"closed","template":"","meta":[],"product_brand":[],"product_cat":[39,40],"product_tag":[],"class_list":{"0":"post-2614","1":"product","2":"type-product","3":"status-publish","4":"has-post-thumbnail","6":"product_cat-accessories","7":"product_cat-inciensos","9":"first","10":"instock","11":"taxable","12":"shipping-taxable","13":"purchasable","14":"product-type-simple"},"jetpack_sharing_enabled":true,"_links":{"self":[{"href":"https:\/\/saskar.store\/es\/wp-json\/wp\/v2\/product\/2614","targetHints":{"allow":["GET"]}}],"collection":[{"href":"https:\/\/saskar.store\/es\/wp-json\/wp\/v2\/product"}],"about":[{"href":"https:\/\/saskar.store\/es\/wp-json\/wp\/v2\/types\/product"}],"replies":[{"embeddable":true,"href":"https:\/\/saskar.store\/es\/wp-json\/wp\/v2\/comments?post=2614"}],"wp:featuredmedia":[{"embeddable":true,"href":"https:\/\/saskar.store\/es\/wp-json\/wp\/v2\/media\/2608"}],"wp:attachment":[{"href":"https:\/\/saskar.store\/es\/wp-json\/wp\/v2\/media?parent=2614"}],"wp:term":[{"taxonomy":"product_brand","embeddable":true,"href":"https:\/\/saskar.store\/es\/wp-json\/wp\/v2\/product_brand?post=2614"},{"taxonomy":"product_cat","embeddable":true,"href":"https:\/\/saskar.store\/es\/wp-json\/wp\/v2\/product_cat?post=2614"},{"taxonomy":"product_tag","embeddable":true,"href":"https:\/\/saskar.store\/es\/wp-json\/wp\/v2\/product_tag?post=2614"}],"curies":[{"name":"wp","href":"https:\/\/api.w.org\/{rel}","templated":true}]}}