{"id":2530,"date":"2026-02-02T18:11:16","date_gmt":"2026-02-02T18:11:16","guid":{"rendered":"https:\/\/saskar.store\/?post_type=product&#038;p=2530"},"modified":"2026-02-12T11:14:14","modified_gmt":"2026-02-12T11:14:14","slug":"estatua-grande-de-buda-shakyamuni-plateado-32-cm","status":"publish","type":"product","link":"https:\/\/saskar.store\/es\/producto\/estatua-grande-de-buda-shakyamuni-plateado-32-cm\/","title":{"rendered":"Estatua Grande de Buda Shakyamuni Plateado, 32 cm"},"content":{"rendered":"<h2>Descripci\u00f3n del Producto: Estatua Grande de Buda Shakyamuni Plateado, 32 cm<\/h2>\n<p>Esta es una estatua de Buda Shakyamuni que representa el momento de su iluminaci\u00f3n, como lo indica la postura de tocar la tierra (Bhumisparsha mudra). Est\u00e1 elaborada con un cuerpo de metal, probablemente cobre o lat\u00f3n, y presenta un ba\u00f1o de plata con detalles ornamentados, lo que le otorga un acabado brillante y sereno.<\/p>\n<ul>\n<li>Material: Cuerpo de cobre o lat\u00f3n con ba\u00f1o de plata de alta calidad.<\/li>\n<li>Dimensiones: Altura de 32 cm (aproximadamente 12.5 pulgadas).<\/li>\n<li><strong>Peso: 4.20 kg.<\/strong><\/li>\n<li>Origen: Hecho a mano por artesanos expertos de Nepal, una regi\u00f3n conocida por estas artesan\u00edas.<\/li>\n<li>Mudra (Gesto): Sentado en meditaci\u00f3n con la mano derecha en el Bhumisparsha mudra (gesto de &#8220;tocar la tierra&#8221;), simbolizando la iluminaci\u00f3n y la invocaci\u00f3n de la tierra como testigo de su despertar.<\/li>\n<li>Detalles: Acabado plateado detallado y brillante, con grabados intrincados en la t\u00fanica y la base de loto.<\/li>\n<li>Uso: Ideal para altares dom\u00e9sticos, espacios de meditaci\u00f3n, estudios de yoga u oficinas, aportando un ambiente de paz, sabidur\u00eda y claridad espiritualUna pieza compacta pero con gran presencia simb\u00f3lica, perfecta para atraer energ\u00eda positiva a cualquier espacio.es el complemento perfecto para cualquier espacio de meditaci\u00f3n, altar o rinc\u00f3n tranquilo de tu hogar u oficina.<\/li>\n<li><strong>Regalo ideal:<\/strong>Un regalo significativo para entusiastas del yoga, la meditaci\u00f3n o la cultura oriental.\u00a0Aporta un toque de espiritualidad y decoraci\u00f3n atemporal.<\/li>\n<\/ul>","protected":false},"excerpt":{"rendered":"<p>Descripci\u00f3n del Producto: Estatua Grande de Buda Shakyamuni Plateado, 32 cm Esta es una estatua de Buda Shakyamuni que representa el momento de su iluminaci\u00f3n, como lo indica la postura de tocar la tierra (Bhumisparsha mudra). Est\u00e1 elaborada con un cuerpo de metal, probablemente cobre o lat\u00f3n, y presenta un ba\u00f1o de plata con detalles [&#8230;]\n","protected":false},"featured_media":2526,"comment_status":"open","ping_status":"closed","template":"","meta":[],"product_brand":[],"product_cat":[56,29],"product_tag":[],"class_list":{"0":"post-2530","1":"product","2":"type-product","3":"status-publish","4":"has-post-thumbnail","6":"product_cat-buda","7":"product_cat-mascara-de-madera","9":"first","10":"instock","11":"taxable","12":"shipping-taxable","13":"purchasable","14":"product-type-simple"},"jetpack_sharing_enabled":true,"_links":{"self":[{"href":"https:\/\/saskar.store\/es\/wp-json\/wp\/v2\/product\/2530","targetHints":{"allow":["GET"]}}],"collection":[{"href":"https:\/\/saskar.store\/es\/wp-json\/wp\/v2\/product"}],"about":[{"href":"https:\/\/saskar.store\/es\/wp-json\/wp\/v2\/types\/product"}],"replies":[{"embeddable":true,"href":"https:\/\/saskar.store\/es\/wp-json\/wp\/v2\/comments?post=2530"}],"wp:featuredmedia":[{"embeddable":true,"href":"https:\/\/saskar.store\/es\/wp-json\/wp\/v2\/media\/2526"}],"wp:attachment":[{"href":"https:\/\/saskar.store\/es\/wp-json\/wp\/v2\/media?parent=2530"}],"wp:term":[{"taxonomy":"product_brand","embeddable":true,"href":"https:\/\/saskar.store\/es\/wp-json\/wp\/v2\/product_brand?post=2530"},{"taxonomy":"product_cat","embeddable":true,"href":"https:\/\/saskar.store\/es\/wp-json\/wp\/v2\/product_cat?post=2530"},{"taxonomy":"product_tag","embeddable":true,"href":"https:\/\/saskar.store\/es\/wp-json\/wp\/v2\/product_tag?post=2530"}],"curies":[{"name":"wp","href":"https:\/\/api.w.org\/{rel}","templated":true}]}}