{"id":2520,"date":"2026-02-02T17:34:28","date_gmt":"2026-02-02T17:34:28","guid":{"rendered":"https:\/\/saskar.store\/?post_type=product&#038;p=2520"},"modified":"2026-02-12T11:13:25","modified_gmt":"2026-02-12T11:13:25","slug":"estatua-de-buda-sentado-en-laton-9-cm","status":"publish","type":"product","link":"https:\/\/saskar.store\/es\/producto\/estatua-de-buda-sentado-en-laton-9-cm\/","title":{"rendered":"Estatua de Buda sentado en lat\u00f3n ( 9 cm)"},"content":{"rendered":"<h2><strong>Descripci\u00f3n: Estatua de Buda sentado en lat\u00f3n (9 cm)<\/strong><\/h2>\n<ul>\n<li><strong>Armon\u00eda y paz:<\/strong>Esta exquisita estatua de Buda sentado, elaborada en lat\u00f3n con un acabado dorado, es el complemento perfecto para cualquier espacio de meditaci\u00f3n, altar o rinc\u00f3n tranquilo de tu hogar u oficina.<\/li>\n<li><strong>Detalles aut\u00e9nticos:<\/strong>Con una altura de 9 cm, la figura captura la serenidad del Buda, mostrando detalles intrincados en su vestimenta y una expresi\u00f3n facial pac\u00edfica. La base decorativa a\u00f1ade un toque de elegancia y estabilidad.<\/li>\n<li><strong>S\u00edmbolo de iluminaci\u00f3n:<\/strong>El gesto de la mano (mudra) simboliza la superaci\u00f3n de obst\u00e1culos y la disipaci\u00f3n del miedo, aportando una energ\u00eda positiva y de calma al entorno.<\/li>\n<li><strong>Regalo ideal:<\/strong>Un regalo significativo para entusiastas del yoga, la meditaci\u00f3n o la cultura oriental.\u00a0Aporta un toque de espiritualidad y decoraci\u00f3n atemporal.<\/li>\n<li><strong>Precio:<\/strong>49\u20ac<\/li>\n<li><strong>Altura:\u00a0 9 <\/strong>cm<\/li>\n<li><strong>Material:<\/strong>Lat\u00f3n de alta calidad<\/li>\n<\/ul>","protected":false},"excerpt":{"rendered":"<p>Descripci\u00f3n: Estatua de Buda sentado en lat\u00f3n (9 cm) Armon\u00eda y paz:Esta exquisita estatua de Buda sentado, elaborada en lat\u00f3n con un acabado dorado, es el complemento perfecto para cualquier espacio de meditaci\u00f3n, altar o rinc\u00f3n tranquilo de tu hogar u oficina. Detalles aut\u00e9nticos:Con una altura de 9 cm, la figura captura la serenidad del [&#8230;]\n","protected":false},"featured_media":2509,"comment_status":"open","ping_status":"closed","template":"","meta":[],"product_brand":[],"product_cat":[56,29],"product_tag":[],"class_list":{"0":"post-2520","1":"product","2":"type-product","3":"status-publish","4":"has-post-thumbnail","6":"product_cat-buda","7":"product_cat-mascara-de-madera","9":"first","10":"instock","11":"taxable","12":"shipping-taxable","13":"purchasable","14":"product-type-simple"},"jetpack_sharing_enabled":true,"_links":{"self":[{"href":"https:\/\/saskar.store\/es\/wp-json\/wp\/v2\/product\/2520","targetHints":{"allow":["GET"]}}],"collection":[{"href":"https:\/\/saskar.store\/es\/wp-json\/wp\/v2\/product"}],"about":[{"href":"https:\/\/saskar.store\/es\/wp-json\/wp\/v2\/types\/product"}],"replies":[{"embeddable":true,"href":"https:\/\/saskar.store\/es\/wp-json\/wp\/v2\/comments?post=2520"}],"wp:featuredmedia":[{"embeddable":true,"href":"https:\/\/saskar.store\/es\/wp-json\/wp\/v2\/media\/2509"}],"wp:attachment":[{"href":"https:\/\/saskar.store\/es\/wp-json\/wp\/v2\/media?parent=2520"}],"wp:term":[{"taxonomy":"product_brand","embeddable":true,"href":"https:\/\/saskar.store\/es\/wp-json\/wp\/v2\/product_brand?post=2520"},{"taxonomy":"product_cat","embeddable":true,"href":"https:\/\/saskar.store\/es\/wp-json\/wp\/v2\/product_cat?post=2520"},{"taxonomy":"product_tag","embeddable":true,"href":"https:\/\/saskar.store\/es\/wp-json\/wp\/v2\/product_tag?post=2520"}],"curies":[{"name":"wp","href":"https:\/\/api.w.org\/{rel}","templated":true}]}}