{"id":2514,"date":"2026-02-02T17:10:51","date_gmt":"2026-02-02T17:10:51","guid":{"rendered":"https:\/\/saskar.store\/?post_type=product&#038;p=2514"},"modified":"2026-02-12T11:12:26","modified_gmt":"2026-02-12T11:12:26","slug":"murti-de-ganesha-en-metal-10-cm","status":"publish","type":"product","link":"https:\/\/saskar.store\/es\/producto\/murti-de-ganesha-en-metal-10-cm\/","title":{"rendered":"Murti de Ganesha en metal \u2013 10 cm"},"content":{"rendered":"<h2><strong>Descripci\u00f3n del Producto: <\/strong><strong data-start=\"73\" data-end=\"110\">Murti de Ganesha en metal \u2013 10 cm<\/strong><\/h2>\n<p data-start=\"112\" data-end=\"467\">Elegante murti de <strong data-start=\"130\" data-end=\"141\">Ganesha<\/strong>, el dios hind\u00fa de la sabidur\u00eda, la prosperidad y la eliminaci\u00f3n de obst\u00e1culos. Finamente elaborada en metal con acabado envejecido, esta pieza destaca por su gran nivel de detalle: Ganesha aparece sentado sobre un pedestal ornamental, con sus atributos tradicionales y una expresi\u00f3n serena que transmite armon\u00eda y protecci\u00f3n.<\/p>\n<p data-start=\"469\" data-end=\"579\">Ideal para altares, espacios de meditaci\u00f3n, decoraci\u00f3n espiritual o como regalo especial lleno de significado.<\/p>\n<p data-start=\"581\" data-end=\"601\"><strong data-start=\"581\" data-end=\"601\">Caracter\u00edsticas:<\/strong><\/p>\n<ul data-start=\"602\" data-end=\"740\">\n<li data-start=\"602\" data-end=\"621\">\n<p data-start=\"604\" data-end=\"621\">Altura: <strong data-start=\"612\" data-end=\"621\">10 cm<\/strong><\/p>\n<\/li>\n<li data-start=\"622\" data-end=\"639\">\n<p data-start=\"624\" data-end=\"639\">Material: Metal<\/p>\n<\/li>\n<li data-start=\"640\" data-end=\"668\">\n<p data-start=\"642\" data-end=\"668\">Acabado: Dorado envejecido<\/p>\n<\/li>\n<li data-start=\"669\" data-end=\"696\">\n<p data-start=\"671\" data-end=\"696\">Estilo: Tradicional hind\u00fa<\/p>\n<\/li>\n<li data-start=\"697\" data-end=\"740\">\n<p data-start=\"699\" data-end=\"740\">Uso: Decoraci\u00f3n, altar, regalo espiritual<\/p>\n<\/li>\n<\/ul>\n<p data-start=\"742\" data-end=\"762\"><strong data-start=\"742\" data-end=\"753\">Precio:<\/strong> <strong data-start=\"754\" data-end=\"762\">49 \u20ac<\/strong><\/p>\n<p data-start=\"764\" data-end=\"877\">Una pieza compacta pero con gran presencia simb\u00f3lica, perfecta para atraer energ\u00eda positiva a cualquier espacio<\/p>","protected":false},"excerpt":{"rendered":"<p>Descripci\u00f3n del Producto: Murti de Ganesha en metal \u2013 10 cm Elegante murti de Ganesha, el dios hind\u00fa de la sabidur\u00eda, la prosperidad y la eliminaci\u00f3n de obst\u00e1culos. Finamente elaborada en metal con acabado envejecido, esta pieza destaca por su gran nivel de detalle: Ganesha aparece sentado sobre un pedestal ornamental, con sus atributos tradicionales [&#8230;]\n","protected":false},"featured_media":2507,"comment_status":"open","ping_status":"closed","template":"","meta":[],"product_brand":[],"product_cat":[56,29],"product_tag":[],"class_list":{"0":"post-2514","1":"product","2":"type-product","3":"status-publish","4":"has-post-thumbnail","6":"product_cat-buda","7":"product_cat-mascara-de-madera","9":"first","10":"instock","11":"taxable","12":"shipping-taxable","13":"purchasable","14":"product-type-simple"},"jetpack_sharing_enabled":true,"_links":{"self":[{"href":"https:\/\/saskar.store\/es\/wp-json\/wp\/v2\/product\/2514","targetHints":{"allow":["GET"]}}],"collection":[{"href":"https:\/\/saskar.store\/es\/wp-json\/wp\/v2\/product"}],"about":[{"href":"https:\/\/saskar.store\/es\/wp-json\/wp\/v2\/types\/product"}],"replies":[{"embeddable":true,"href":"https:\/\/saskar.store\/es\/wp-json\/wp\/v2\/comments?post=2514"}],"wp:featuredmedia":[{"embeddable":true,"href":"https:\/\/saskar.store\/es\/wp-json\/wp\/v2\/media\/2507"}],"wp:attachment":[{"href":"https:\/\/saskar.store\/es\/wp-json\/wp\/v2\/media?parent=2514"}],"wp:term":[{"taxonomy":"product_brand","embeddable":true,"href":"https:\/\/saskar.store\/es\/wp-json\/wp\/v2\/product_brand?post=2514"},{"taxonomy":"product_cat","embeddable":true,"href":"https:\/\/saskar.store\/es\/wp-json\/wp\/v2\/product_cat?post=2514"},{"taxonomy":"product_tag","embeddable":true,"href":"https:\/\/saskar.store\/es\/wp-json\/wp\/v2\/product_tag?post=2514"}],"curies":[{"name":"wp","href":"https:\/\/api.w.org\/{rel}","templated":true}]}}