{"id":2400,"date":"2026-01-31T09:46:57","date_gmt":"2026-01-31T09:46:57","guid":{"rendered":"https:\/\/saskar.store\/?post_type=product&#038;p=2400"},"modified":"2026-02-12T11:10:07","modified_gmt":"2026-02-12T11:10:07","slug":"campanas-tingsha-espirituales-de-tono-puro","status":"publish","type":"product","link":"https:\/\/saskar.store\/es\/producto\/campanas-tingsha-espirituales-de-tono-puro\/","title":{"rendered":"Campanas Tingsha espirituales de tono puro 8cm"},"content":{"rendered":"<h2>Descripci\u00f3n del Producto: Campanas Tingsha espirituales de tono puro<\/h2>\n<p>Estos son los tingsha tibetanos, tambi\u00e9n conocidos como platillos rituales, utilizados en la oraci\u00f3n, la meditaci\u00f3n y las pr\u00e1cticas de curaci\u00f3n sonora dentro del budismo tibetano. Est\u00e1n formados por dos peque\u00f1os discos met\u00e1licos, unidos entre s\u00ed mediante una correa de cuero, lo que facilita su manejo y portabilidad.<\/p>\n<p>Los discos est\u00e1n hechos de una aleaci\u00f3n de siete metales, considerados sagrados en la tradici\u00f3n tibetana, asociados simb\u00f3licamente con diferentes cuerpos celestes. Cada platillo presenta grabados y relieves tradicionales, incluidos s\u00edmbolos budistas como el \u201cOm\u201d tibetano y motivos vinculados a los Ocho Signos Auspiciosos (Ashtamangala), que representan cualidades como la sabidur\u00eda, la compasi\u00f3n y la buena fortuna.<\/p>\n<p>Cuando se golpean suavemente entre s\u00ed, los tingsha producen un sonido agudo, claro y sostenido, con una resonancia prolongada que se utiliza para marcar el comienzo o el final de una pr\u00e1ctica meditativa, limpiar energ\u00edas o promover la concentraci\u00f3n mental. Su tama\u00f1o compacto y construcci\u00f3n robusta los hacen adecuados para su uso tanto en espacios rituales como en contextos terap\u00e9uticos o personales.<\/p>\n<p>Tingsha Tibetanas de Siete Metales \u2013 C\u00edmbalos Sagrados con S\u00edmbolos Budistas<\/p>\n<p>Tingsha Tibetanas \u2013 C\u00edmbalos de Meditaci\u00f3n<\/p>\n<p>Tingsha Tibetanas para Meditaci\u00f3n, Bienestar, Yoga y Limpieza Energ\u00e9tica<\/p>","protected":false},"excerpt":{"rendered":"<p>Descripci\u00f3n del Producto: Campanas Tingsha espirituales de tono puro Estos son los tingsha tibetanos, tambi\u00e9n conocidos como platillos rituales, utilizados en la oraci\u00f3n, la meditaci\u00f3n y las pr\u00e1cticas de curaci\u00f3n sonora dentro del budismo tibetano. Est\u00e1n formados por dos peque\u00f1os discos met\u00e1licos, unidos entre s\u00ed mediante una correa de cuero, lo que facilita su manejo [&#8230;]\n","protected":false},"featured_media":2334,"comment_status":"open","ping_status":"closed","template":"","meta":[],"product_brand":[],"product_cat":[57,138],"product_tag":[],"class_list":{"0":"post-2400","1":"product","2":"type-product","3":"status-publish","4":"has-post-thumbnail","6":"product_cat-cuenco-tibetano","7":"product_cat-tingsha","9":"first","10":"instock","11":"taxable","12":"shipping-taxable","13":"purchasable","14":"product-type-simple"},"jetpack_sharing_enabled":true,"_links":{"self":[{"href":"https:\/\/saskar.store\/es\/wp-json\/wp\/v2\/product\/2400","targetHints":{"allow":["GET"]}}],"collection":[{"href":"https:\/\/saskar.store\/es\/wp-json\/wp\/v2\/product"}],"about":[{"href":"https:\/\/saskar.store\/es\/wp-json\/wp\/v2\/types\/product"}],"replies":[{"embeddable":true,"href":"https:\/\/saskar.store\/es\/wp-json\/wp\/v2\/comments?post=2400"}],"wp:featuredmedia":[{"embeddable":true,"href":"https:\/\/saskar.store\/es\/wp-json\/wp\/v2\/media\/2334"}],"wp:attachment":[{"href":"https:\/\/saskar.store\/es\/wp-json\/wp\/v2\/media?parent=2400"}],"wp:term":[{"taxonomy":"product_brand","embeddable":true,"href":"https:\/\/saskar.store\/es\/wp-json\/wp\/v2\/product_brand?post=2400"},{"taxonomy":"product_cat","embeddable":true,"href":"https:\/\/saskar.store\/es\/wp-json\/wp\/v2\/product_cat?post=2400"},{"taxonomy":"product_tag","embeddable":true,"href":"https:\/\/saskar.store\/es\/wp-json\/wp\/v2\/product_tag?post=2400"}],"curies":[{"name":"wp","href":"https:\/\/api.w.org\/{rel}","templated":true}]}}