{"id":2392,"date":"2026-01-30T19:40:13","date_gmt":"2026-01-30T19:40:13","guid":{"rendered":"https:\/\/saskar.store\/?post_type=product&#038;p=2392"},"modified":"2026-01-30T19:40:13","modified_gmt":"2026-01-30T19:40:13","slug":"pulsera-serpiente-cobre-y-dorada-fuerza-y-elegancia","status":"publish","type":"product","link":"https:\/\/saskar.store\/es\/producto\/pulsera-serpiente-cobre-y-dorada-fuerza-y-elegancia\/","title":{"rendered":"Pulsera Serpiente cobre y Dorada \u2013 Fuerza y Elegancia"},"content":{"rendered":"<h2>Descripci\u00f3n del Producto:\u00a0Pulsera Serpiente cobre y Dorada \u2013 Fuerza y Elegancia<\/h2>\n<p data-start=\"57\" data-end=\"340\">Pulsera r\u00edgida de dise\u00f1o abierto inspirada en la figura de la <strong data-start=\"119\" data-end=\"132\">serpiente<\/strong>, s\u00edmbolo de poder, transformaci\u00f3n y protecci\u00f3n. Elaborada en cobre metal con acabado dorado envejecido, presenta un detallado trabajo en la cabeza y textura escamada que realza su car\u00e1cter artesanal y sofisticado.<\/p>\n<p data-start=\"342\" data-end=\"477\">Una pieza llamativa y con personalidad, ideal para quienes buscan un accesorio diferente que destaque por su simbolismo y estilo \u00fanico.<\/p>\n<p data-start=\"479\" data-end=\"551\">Perfecta para elevar cualquier look con un toque audaz y elegante<\/p>","protected":false},"excerpt":{"rendered":"<p>Descripci\u00f3n del Producto:\u00a0Pulsera Serpiente cobre y Dorada \u2013 Fuerza y Elegancia Pulsera r\u00edgida de dise\u00f1o abierto inspirada en la figura de la serpiente, s\u00edmbolo de poder, transformaci\u00f3n y protecci\u00f3n. Elaborada en cobre metal con acabado dorado envejecido, presenta un detallado trabajo en la cabeza y textura escamada que realza su car\u00e1cter artesanal y sofisticado. Una [&#8230;]\n","protected":false},"featured_media":2386,"comment_status":"open","ping_status":"closed","template":"","meta":[],"product_brand":[],"product_cat":[48,20,44,26],"product_tag":[],"class_list":{"0":"post-2392","1":"product","2":"type-product","3":"status-publish","4":"has-post-thumbnail","6":"product_cat-pulsera","7":"product_cat-hombre","8":"product_cat-joyeria","9":"product_cat-mujer","11":"first","12":"instock","13":"taxable","14":"shipping-taxable","15":"purchasable","16":"product-type-simple"},"jetpack_sharing_enabled":true,"_links":{"self":[{"href":"https:\/\/saskar.store\/es\/wp-json\/wp\/v2\/product\/2392","targetHints":{"allow":["GET"]}}],"collection":[{"href":"https:\/\/saskar.store\/es\/wp-json\/wp\/v2\/product"}],"about":[{"href":"https:\/\/saskar.store\/es\/wp-json\/wp\/v2\/types\/product"}],"replies":[{"embeddable":true,"href":"https:\/\/saskar.store\/es\/wp-json\/wp\/v2\/comments?post=2392"}],"wp:featuredmedia":[{"embeddable":true,"href":"https:\/\/saskar.store\/es\/wp-json\/wp\/v2\/media\/2386"}],"wp:attachment":[{"href":"https:\/\/saskar.store\/es\/wp-json\/wp\/v2\/media?parent=2392"}],"wp:term":[{"taxonomy":"product_brand","embeddable":true,"href":"https:\/\/saskar.store\/es\/wp-json\/wp\/v2\/product_brand?post=2392"},{"taxonomy":"product_cat","embeddable":true,"href":"https:\/\/saskar.store\/es\/wp-json\/wp\/v2\/product_cat?post=2392"},{"taxonomy":"product_tag","embeddable":true,"href":"https:\/\/saskar.store\/es\/wp-json\/wp\/v2\/product_tag?post=2392"}],"curies":[{"name":"wp","href":"https:\/\/api.w.org\/{rel}","templated":true}]}}