{"id":2375,"date":"2026-01-30T18:23:52","date_gmt":"2026-01-30T18:23:52","guid":{"rendered":"https:\/\/saskar.store\/?post_type=product&#038;p=2375"},"modified":"2026-01-30T18:23:53","modified_gmt":"2026-01-30T18:23:53","slug":"pulsera-artesanal-de-punoturquesa-pulsera-gitanapulsera-vaquera","status":"publish","type":"product","link":"https:\/\/saskar.store\/es\/producto\/pulsera-artesanal-de-punoturquesa-pulsera-gitanapulsera-vaquera\/","title":{"rendered":"Pulsera Artesanal De Pu\u00f1oTurquesa \u2013 Pulsera Gitana,Pulsera Vaquera"},"content":{"rendered":"<h2>Descripci\u00f3n del Producto: Pulsera Artesanal De Pu\u00f1oTurquesa \u2013 Pulsera Gitana,Pulsera Vaquera<\/h2>\n<p data-start=\"154\" data-end=\"489\">Esta impresionante pulsera destaca por su dise\u00f1o artesanal de inspiraci\u00f3n \u00e9tnica, elaborada en metal plateado con un exquisito trabajo de detalles.Joyeria bohemia ajustable para hombres y mujeres, Est\u00e1 decorada con una piedra central de\u00a0<strong data-start=\"342\" data-end=\"362\">turquesa natural<\/strong>\u00a0de gran tama\u00f1o, rodeada por m\u00faltiples turquesas m\u00e1s peque\u00f1as que realzan su belleza y aportan un toque vibrante y sofisticado.Pulsera Gitana,Pulsera Vaquera.<\/p>\n<p data-start=\"154\" data-end=\"489\">Su dise\u00f1o ancho y estructurado la convierte en una pieza protagonista, perfecta para elevar cualquier look, ya sea casual o bohemio. Ideal para quienes buscan accesorios \u00fanicos con car\u00e1cter y estilo atemporal.<\/p>\n<p><img decoding=\"async\" class=\"emoji\" role=\"img\" draggable=\"false\" src=\"https:\/\/s.w.org\/images\/core\/emoji\/17.0.2\/svg\/1f539.svg\" alt=\"\ud83d\udd39\" \/>\u00a0Material: Metal plateado<br data-start=\"729\" data-end=\"732\" \/><img decoding=\"async\" class=\"emoji\" role=\"img\" draggable=\"false\" src=\"https:\/\/s.w.org\/images\/core\/emoji\/17.0.2\/svg\/1f539.svg\" alt=\"\ud83d\udd39\" \/>\u00a0Piedra: Turquesa<br data-start=\"751\" data-end=\"754\" \/><img decoding=\"async\" class=\"emoji\" role=\"img\" draggable=\"false\" src=\"https:\/\/s.w.org\/images\/core\/emoji\/17.0.2\/svg\/1f539.svg\" alt=\"\ud83d\udd39\" \/>\u00a0Estilo: \u00c9tnico \/ Artesanal<br data-start=\"783\" data-end=\"786\" \/><img decoding=\"async\" class=\"emoji\" role=\"img\" draggable=\"false\" src=\"https:\/\/s.w.org\/images\/core\/emoji\/17.0.2\/svg\/1f539.svg\" alt=\"\ud83d\udd39\" \/>\u00a0Ideal para: Uso diario o ocasiones especiales<\/p>\n<p data-start=\"838\" data-end=\"909\">Una joya \u00fanica que refleja personalidad, elegancia y autenticidad.<\/p>","protected":false},"excerpt":{"rendered":"<p>Descripci\u00f3n del Producto: Pulsera Artesanal De Pu\u00f1oTurquesa \u2013 Pulsera Gitana,Pulsera Vaquera Esta impresionante pulsera destaca por su dise\u00f1o artesanal de inspiraci\u00f3n \u00e9tnica, elaborada en metal plateado con un exquisito trabajo de detalles.Joyeria bohemia ajustable para hombres y mujeres, Est\u00e1 decorada con una piedra central de\u00a0turquesa natural\u00a0de gran tama\u00f1o, rodeada por m\u00faltiples turquesas m\u00e1s peque\u00f1as que [&#8230;]\n","protected":false},"featured_media":2364,"comment_status":"open","ping_status":"closed","template":"","meta":[],"product_brand":[],"product_cat":[44,20,26,48],"product_tag":[],"class_list":{"0":"post-2375","1":"product","2":"type-product","3":"status-publish","4":"has-post-thumbnail","6":"product_cat-joyeria","7":"product_cat-hombre","8":"product_cat-mujer","9":"product_cat-pulsera","11":"first","12":"instock","13":"taxable","14":"shipping-taxable","15":"purchasable","16":"product-type-simple"},"jetpack_sharing_enabled":true,"_links":{"self":[{"href":"https:\/\/saskar.store\/es\/wp-json\/wp\/v2\/product\/2375","targetHints":{"allow":["GET"]}}],"collection":[{"href":"https:\/\/saskar.store\/es\/wp-json\/wp\/v2\/product"}],"about":[{"href":"https:\/\/saskar.store\/es\/wp-json\/wp\/v2\/types\/product"}],"replies":[{"embeddable":true,"href":"https:\/\/saskar.store\/es\/wp-json\/wp\/v2\/comments?post=2375"}],"wp:featuredmedia":[{"embeddable":true,"href":"https:\/\/saskar.store\/es\/wp-json\/wp\/v2\/media\/2364"}],"wp:attachment":[{"href":"https:\/\/saskar.store\/es\/wp-json\/wp\/v2\/media?parent=2375"}],"wp:term":[{"taxonomy":"product_brand","embeddable":true,"href":"https:\/\/saskar.store\/es\/wp-json\/wp\/v2\/product_brand?post=2375"},{"taxonomy":"product_cat","embeddable":true,"href":"https:\/\/saskar.store\/es\/wp-json\/wp\/v2\/product_cat?post=2375"},{"taxonomy":"product_tag","embeddable":true,"href":"https:\/\/saskar.store\/es\/wp-json\/wp\/v2\/product_tag?post=2375"}],"curies":[{"name":"wp","href":"https:\/\/api.w.org\/{rel}","templated":true}]}}