{"id":2330,"date":"2026-01-28T20:24:38","date_gmt":"2026-01-28T20:24:38","guid":{"rendered":"https:\/\/saskar.store\/?post_type=product&#038;p=2330"},"modified":"2026-02-12T14:12:29","modified_gmt":"2026-02-12T14:12:29","slug":"cuenco-tibetano-para-rituales-espirituales","status":"publish","type":"product","link":"https:\/\/saskar.store\/es\/producto\/cuenco-tibetano-para-rituales-espirituales\/","title":{"rendered":"Cuenco Tibetano para Rituales Espirituales"},"content":{"rendered":"<h2>Descripci\u00f3n del Producto : Cuenco Tibetano para Rituales Espirituales<\/h2>\n<p>Juego de cuencos tibetanos hechos a mano, elaborados con una mezcla de metales. Estos instrumentos se utilizan para la meditaci\u00f3n, la curaci\u00f3n y la relajaci\u00f3n.<br \/>\nA menudo se elabora a partir de una mezcla tradicional de siete metales, incluidos oro, plata, cobre, hierro, esta\u00f1o, plomo y zinc, cada uno de los cuales representa una influencia planetaria.<br \/>\nProduce un sonido y una vibraci\u00f3n ricos y armoniosos cuando se toca con el mazo (palo) incluido.<br \/>\nSe cree que el sonido y las vibraciones promueven la calma, el alivio del estr\u00e9s y el equilibrio interior.<br \/>\nViene con un coj\u00edn de anillo (base) y un palo de madera (mazo).<\/p>\n<p><br data-start=\"1509\" data-end=\"1512\" \/>Cuenco tibetano aut\u00e9ntico acompa\u00f1ado de un mazo de madera, dise\u00f1ado para generar sonidos claros y resonantes. Ideal para rituales espirituales, limpieza energ\u00e9tica y sesiones de sanaci\u00f3n. Su resonancia prolongada favorece la relajaci\u00f3n profunda y el enfoque mental.<\/p>\n<p data-start=\"1779\" data-end=\"1801\"><strong data-start=\"1779\" data-end=\"1799\">Caracter\u00edsticas:<\/strong><\/p>\n<ul data-start=\"1802\" data-end=\"1900\">\n<li data-start=\"1802\" data-end=\"1818\">\n<p data-start=\"1804\" data-end=\"1818\">Incluye mazo<\/p>\n<\/li>\n<li data-start=\"1819\" data-end=\"1846\">\n<p data-start=\"1821\" data-end=\"1846\">Sonido claro y continuo<\/p>\n<\/li>\n<li data-start=\"1847\" data-end=\"1879\">\n<p data-start=\"1849\" data-end=\"1879\">Uso espiritual y terap\u00e9utico<\/p>\n<\/li>\n<li data-start=\"1880\" data-end=\"1900\">\n<p data-start=\"1882\" data-end=\"1900\">Alta durabilidad<\/p>\n<\/li>\n<\/ul>\n<p data-start=\"802\" data-end=\"824\"><strong data-start=\"802\" data-end=\"822\">Detalles del producto:<\/strong><\/p>\n<ul>\n<li><strong>Materiales<\/strong>: oro, plata, cobre, hierro, esta\u00f1o, plomo y zinc.<\/li>\n<li><strong>T\u00e9cnica<\/strong>: Artesanal.<\/li>\n<li><strong>Estilo<\/strong>: Oriental \/ Zen \/ Espiritual<\/li>\n<li><strong>Uso<\/strong>: meditaci\u00f3n, relajaci\u00f3n profunda, sanaci\u00f3n sonora y reducci\u00f3n del estr\u00e9s.<\/li>\n<li><strong>Dimensiones<\/strong>: 8*15 cm.<\/li>\n<li><strong>Peso<\/strong>: 600 gramos<\/li>\n<\/ul>","protected":false},"excerpt":{"rendered":"<p>Descripci\u00f3n del Producto : Cuenco Tibetano para Rituales Espirituales Juego de cuencos tibetanos hechos a mano, elaborados con una mezcla de metales. Estos instrumentos se utilizan para la meditaci\u00f3n, la curaci\u00f3n y la relajaci\u00f3n. A menudo se elabora a partir de una mezcla tradicional de siete metales, incluidos oro, plata, cobre, hierro, esta\u00f1o, plomo y [&#8230;]\n","protected":false},"featured_media":2251,"comment_status":"open","ping_status":"closed","template":"","meta":[],"product_brand":[],"product_cat":[57,58],"product_tag":[],"class_list":{"0":"post-2330","1":"product","2":"type-product","3":"status-publish","4":"has-post-thumbnail","6":"product_cat-cuenco-tibetano","7":"product_cat-cuenco-tibetanos","9":"first","10":"instock","11":"taxable","12":"shipping-taxable","13":"purchasable","14":"product-type-simple"},"jetpack_sharing_enabled":true,"_links":{"self":[{"href":"https:\/\/saskar.store\/es\/wp-json\/wp\/v2\/product\/2330","targetHints":{"allow":["GET"]}}],"collection":[{"href":"https:\/\/saskar.store\/es\/wp-json\/wp\/v2\/product"}],"about":[{"href":"https:\/\/saskar.store\/es\/wp-json\/wp\/v2\/types\/product"}],"replies":[{"embeddable":true,"href":"https:\/\/saskar.store\/es\/wp-json\/wp\/v2\/comments?post=2330"}],"wp:featuredmedia":[{"embeddable":true,"href":"https:\/\/saskar.store\/es\/wp-json\/wp\/v2\/media\/2251"}],"wp:attachment":[{"href":"https:\/\/saskar.store\/es\/wp-json\/wp\/v2\/media?parent=2330"}],"wp:term":[{"taxonomy":"product_brand","embeddable":true,"href":"https:\/\/saskar.store\/es\/wp-json\/wp\/v2\/product_brand?post=2330"},{"taxonomy":"product_cat","embeddable":true,"href":"https:\/\/saskar.store\/es\/wp-json\/wp\/v2\/product_cat?post=2330"},{"taxonomy":"product_tag","embeddable":true,"href":"https:\/\/saskar.store\/es\/wp-json\/wp\/v2\/product_tag?post=2330"}],"curies":[{"name":"wp","href":"https:\/\/api.w.org\/{rel}","templated":true}]}}