{"id":2329,"date":"2026-01-28T19:56:34","date_gmt":"2026-01-28T19:56:34","guid":{"rendered":"https:\/\/saskar.store\/?post_type=product&#038;p=2329"},"modified":"2026-02-12T14:12:43","modified_gmt":"2026-02-12T14:12:43","slug":"cuenco-tibetano-para-terapia-de-sonido","status":"publish","type":"product","link":"https:\/\/saskar.store\/es\/producto\/cuenco-tibetano-para-terapia-de-sonido\/","title":{"rendered":"Cuenco Tibetano para Terapia de Sonido"},"content":{"rendered":"<h2>Descripci\u00f3n del Producto : Cuenco Tibetano para Terapia de Sonido<\/h2>\n<p>Juego de cuencos tibetanos hechos a mano, elaborados con una mezcla de metales. Estos instrumentos se utilizan para la meditaci\u00f3n, la curaci\u00f3n y la relajaci\u00f3n.<br \/>\nA menudo se elabora a partir de una mezcla tradicional de siete metales, incluidos oro, plata, cobre, hierro, esta\u00f1o, plomo y zinc, cada uno de los cuales representa una influencia planetaria.<br \/>\nProduce un sonido y una vibraci\u00f3n ricos y armoniosos cuando se toca con el mazo (palo) incluido.<br \/>\nSe cree que el sonido y las vibraciones promueven la calma, el alivio del estr\u00e9s y el equilibrio interior.<br \/>\nViene con un coj\u00edn de anillo (base) y un palo de madera (mazo).<\/p>\n<p>&nbsp;<\/p>\n<p data-start=\"3553\" data-end=\"3750\">Este cuenco est\u00e1 dise\u00f1ado para terapias de sonido profesionales. Su vibraci\u00f3n prolongada act\u00faa sobre el sistema nervioso, promoviendo relajaci\u00f3n, equilibrio y bienestar integral.<\/p>\n<p data-start=\"3752\" data-end=\"3774\"><strong data-start=\"3752\" data-end=\"3772\">Caracter\u00edsticas:<\/strong><\/p>\n<ul data-start=\"3775\" data-end=\"3858\">\n<li data-start=\"3775\" data-end=\"3798\">\n<p data-start=\"3777\" data-end=\"3798\">Calidad terap\u00e9utica<\/p>\n<\/li>\n<li data-start=\"3799\" data-end=\"3819\">\n<p data-start=\"3801\" data-end=\"3819\">Resonancia larga<\/p>\n<\/li>\n<li data-start=\"3820\" data-end=\"3839\">\n<p data-start=\"3822\" data-end=\"3839\">Uso profesional<\/p>\n<\/li>\n<li data-start=\"3840\" data-end=\"3858\">\n<p data-start=\"3842\" data-end=\"3858\">Sonido estable<\/p>\n<\/li>\n<\/ul>\n<p data-start=\"802\" data-end=\"824\"><strong data-start=\"802\" data-end=\"822\">Detalles del producto:<\/strong><\/p>\n<ul>\n<li><strong>Materiales<\/strong>: oro, plata, cobre, hierro, esta\u00f1o, plomo y zinc.<\/li>\n<li><strong>T\u00e9cnica<\/strong>: Artesanal.<\/li>\n<li><strong>Estilo<\/strong>: Oriental \/ Zen \/ Espiritual<\/li>\n<li><strong>Uso<\/strong>: meditaci\u00f3n, relajaci\u00f3n profunda, sanaci\u00f3n sonora y reducci\u00f3n del estr\u00e9s.<\/li>\n<li><strong>Dimensiones<\/strong>: 8*10 cm.<\/li>\n<li><strong>Peso<\/strong>: 250 gramos<\/li>\n<\/ul>","protected":false},"excerpt":{"rendered":"<p>Descripci\u00f3n del Producto : Cuenco Tibetano para Terapia de Sonido Juego de cuencos tibetanos hechos a mano, elaborados con una mezcla de metales. Estos instrumentos se utilizan para la meditaci\u00f3n, la curaci\u00f3n y la relajaci\u00f3n. A menudo se elabora a partir de una mezcla tradicional de siete metales, incluidos oro, plata, cobre, hierro, esta\u00f1o, plomo [&#8230;]\n","protected":false},"featured_media":2250,"comment_status":"open","ping_status":"closed","template":"","meta":[],"product_brand":[],"product_cat":[57,58],"product_tag":[],"class_list":{"0":"post-2329","1":"product","2":"type-product","3":"status-publish","4":"has-post-thumbnail","6":"product_cat-cuenco-tibetano","7":"product_cat-cuenco-tibetanos","9":"first","10":"instock","11":"taxable","12":"shipping-taxable","13":"purchasable","14":"product-type-simple"},"jetpack_sharing_enabled":true,"_links":{"self":[{"href":"https:\/\/saskar.store\/es\/wp-json\/wp\/v2\/product\/2329","targetHints":{"allow":["GET"]}}],"collection":[{"href":"https:\/\/saskar.store\/es\/wp-json\/wp\/v2\/product"}],"about":[{"href":"https:\/\/saskar.store\/es\/wp-json\/wp\/v2\/types\/product"}],"replies":[{"embeddable":true,"href":"https:\/\/saskar.store\/es\/wp-json\/wp\/v2\/comments?post=2329"}],"wp:featuredmedia":[{"embeddable":true,"href":"https:\/\/saskar.store\/es\/wp-json\/wp\/v2\/media\/2250"}],"wp:attachment":[{"href":"https:\/\/saskar.store\/es\/wp-json\/wp\/v2\/media?parent=2329"}],"wp:term":[{"taxonomy":"product_brand","embeddable":true,"href":"https:\/\/saskar.store\/es\/wp-json\/wp\/v2\/product_brand?post=2329"},{"taxonomy":"product_cat","embeddable":true,"href":"https:\/\/saskar.store\/es\/wp-json\/wp\/v2\/product_cat?post=2329"},{"taxonomy":"product_tag","embeddable":true,"href":"https:\/\/saskar.store\/es\/wp-json\/wp\/v2\/product_tag?post=2329"}],"curies":[{"name":"wp","href":"https:\/\/api.w.org\/{rel}","templated":true}]}}