{"id":2328,"date":"2026-01-28T19:50:37","date_gmt":"2026-01-28T19:50:37","guid":{"rendered":"https:\/\/saskar.store\/?post_type=product&#038;p=2328"},"modified":"2026-02-12T14:13:04","modified_gmt":"2026-02-12T14:13:04","slug":"cuenco-tibetano-estilo-antiguo-hecho-a-mano","status":"publish","type":"product","link":"https:\/\/saskar.store\/es\/producto\/cuenco-tibetano-estilo-antiguo-hecho-a-mano\/","title":{"rendered":"Cuenco Tibetano Estilo Antiguo Hecho a Mano"},"content":{"rendered":"<h2>Descripci\u00f3n del Producto : Cuenco Tibetano Estilo Antiguo Hecho a Mano<\/h2>\n<p>Juego de cuencos tibetanos hechos a mano, elaborados con una mezcla de metales. Estos instrumentos se utilizan para la meditaci\u00f3n, la curaci\u00f3n y la relajaci\u00f3n.<br \/>\nA menudo se elabora a partir de una mezcla tradicional de siete metales, incluidos oro, plata, cobre, hierro, esta\u00f1o, plomo y zinc, cada uno de los cuales representa una influencia planetaria.<br \/>\nProduce un sonido y una vibraci\u00f3n ricos y armoniosos cuando se toca con el mazo (palo) incluido.<br \/>\nSe cree que el sonido y las vibraciones promueven la calma, el alivio del estr\u00e9s y el equilibrio interior.<br \/>\nViene con un coj\u00edn de anillo (base) y un palo de madera (mazo).<\/p>\n<p>&nbsp;<\/p>\n<p data-start=\"3193\" data-end=\"3395\">Cuenco de estilo antiguo con marcas artesanales visibles que reflejan la tradici\u00f3n tibetana. Produce un sonido profundo y terroso, ideal para meditaciones de conexi\u00f3n y enraizamiento.<\/p>\n<p data-start=\"3397\" data-end=\"3419\"><strong data-start=\"3397\" data-end=\"3417\">Caracter\u00edsticas:<\/strong><\/p>\n<ul data-start=\"3420\" data-end=\"3496\">\n<li data-start=\"3420\" data-end=\"3438\">\n<p data-start=\"3422\" data-end=\"3438\">Estilo antiguo<\/p>\n<\/li>\n<li data-start=\"3439\" data-end=\"3460\">\n<p data-start=\"3441\" data-end=\"3460\">Acabado artesanal<\/p>\n<\/li>\n<li data-start=\"3461\" data-end=\"3480\">\n<p data-start=\"3463\" data-end=\"3480\">Sonido profundo<\/p>\n<\/li>\n<li data-start=\"3481\" data-end=\"3496\">\n<p data-start=\"3483\" data-end=\"3496\">Pieza \u00fanica<\/p>\n<\/li>\n<\/ul>\n<p data-start=\"802\" data-end=\"824\"><strong data-start=\"802\" data-end=\"822\">Detalles del producto:<\/strong><\/p>\n<ul>\n<li><strong>Materiales<\/strong>: oro, plata, cobre, hierro, esta\u00f1o, plomo y zinc.<\/li>\n<li><strong>T\u00e9cnica<\/strong>: Artesanal.<\/li>\n<li><strong>Estilo<\/strong>: Oriental \/ Zen \/ Espiritual<\/li>\n<li><strong>Uso<\/strong>: meditaci\u00f3n, relajaci\u00f3n profunda, sanaci\u00f3n sonora y reducci\u00f3n del estr\u00e9s.<\/li>\n<li><strong>Dimensiones<\/strong>: 7*14,5 cm.<\/li>\n<li><strong>Peso<\/strong>: 550 gramos<\/li>\n<\/ul>","protected":false},"excerpt":{"rendered":"<p>Descripci\u00f3n del Producto : Cuenco Tibetano Estilo Antiguo Hecho a Mano Juego de cuencos tibetanos hechos a mano, elaborados con una mezcla de metales. Estos instrumentos se utilizan para la meditaci\u00f3n, la curaci\u00f3n y la relajaci\u00f3n. A menudo se elabora a partir de una mezcla tradicional de siete metales, incluidos oro, plata, cobre, hierro, esta\u00f1o, [&#8230;]\n","protected":false},"featured_media":2247,"comment_status":"open","ping_status":"closed","template":"","meta":[],"product_brand":[],"product_cat":[57,58],"product_tag":[],"class_list":{"0":"post-2328","1":"product","2":"type-product","3":"status-publish","4":"has-post-thumbnail","6":"product_cat-cuenco-tibetano","7":"product_cat-cuenco-tibetanos","9":"first","10":"instock","11":"taxable","12":"shipping-taxable","13":"purchasable","14":"product-type-simple"},"jetpack_sharing_enabled":true,"_links":{"self":[{"href":"https:\/\/saskar.store\/es\/wp-json\/wp\/v2\/product\/2328","targetHints":{"allow":["GET"]}}],"collection":[{"href":"https:\/\/saskar.store\/es\/wp-json\/wp\/v2\/product"}],"about":[{"href":"https:\/\/saskar.store\/es\/wp-json\/wp\/v2\/types\/product"}],"replies":[{"embeddable":true,"href":"https:\/\/saskar.store\/es\/wp-json\/wp\/v2\/comments?post=2328"}],"wp:featuredmedia":[{"embeddable":true,"href":"https:\/\/saskar.store\/es\/wp-json\/wp\/v2\/media\/2247"}],"wp:attachment":[{"href":"https:\/\/saskar.store\/es\/wp-json\/wp\/v2\/media?parent=2328"}],"wp:term":[{"taxonomy":"product_brand","embeddable":true,"href":"https:\/\/saskar.store\/es\/wp-json\/wp\/v2\/product_brand?post=2328"},{"taxonomy":"product_cat","embeddable":true,"href":"https:\/\/saskar.store\/es\/wp-json\/wp\/v2\/product_cat?post=2328"},{"taxonomy":"product_tag","embeddable":true,"href":"https:\/\/saskar.store\/es\/wp-json\/wp\/v2\/product_tag?post=2328"}],"curies":[{"name":"wp","href":"https:\/\/api.w.org\/{rel}","templated":true}]}}