{"id":2327,"date":"2026-01-28T19:43:55","date_gmt":"2026-01-28T19:43:55","guid":{"rendered":"https:\/\/saskar.store\/?post_type=product&#038;p=2327"},"modified":"2026-02-12T14:13:19","modified_gmt":"2026-02-12T14:13:19","slug":"cuenco-tibetano-para-yoga-y-mindfulness","status":"publish","type":"product","link":"https:\/\/saskar.store\/es\/producto\/cuenco-tibetano-para-yoga-y-mindfulness\/","title":{"rendered":"Cuenco Tibetano para Yoga y Mindfulness"},"content":{"rendered":"<h2>Descripci\u00f3n del Producto : Cuenco Tibetano para Yoga y Mindfulness<\/h2>\n<p>Juego de cuencos tibetanos hechos a mano, elaborados con una mezcla de metales. Estos instrumentos se utilizan para la meditaci\u00f3n, la curaci\u00f3n y la relajaci\u00f3n.<br \/>\nA menudo se elabora a partir de una mezcla tradicional de siete metales, incluidos oro, plata, cobre, hierro, esta\u00f1o, plomo y zinc, cada uno de los cuales representa una influencia planetaria.<br \/>\nProduce un sonido y una vibraci\u00f3n ricos y armoniosos cuando se toca con el mazo (palo) incluido.<br \/>\nSe cree que el sonido y las vibraciones promueven la calma, el alivio del estr\u00e9s y el equilibrio interior.<br \/>\nViene con un coj\u00edn de anillo (base) y un palo de madera (mazo).<\/p>\n<p>&nbsp;<\/p>\n<p data-start=\"2816\" data-end=\"3020\"><strong data-start=\"2816\" data-end=\"2832\">Descripci\u00f3n:<\/strong><br data-start=\"2832\" data-end=\"2835\" \/>Dise\u00f1ado para acompa\u00f1ar pr\u00e1cticas de yoga y mindfulness, este cuenco crea un ambiente de calma y equilibrio. Su sonido suave ayuda a sincronizar la respiraci\u00f3n y el movimiento corporal.<\/p>\n<p data-start=\"3022\" data-end=\"3044\"><strong data-start=\"3022\" data-end=\"3042\">Caracter\u00edsticas:<\/strong><\/p>\n<ul data-start=\"3045\" data-end=\"3131\">\n<li data-start=\"3045\" data-end=\"3064\">\n<p data-start=\"3047\" data-end=\"3064\">Ideal para yoga<\/p>\n<\/li>\n<li data-start=\"3065\" data-end=\"3089\">\n<p data-start=\"3067\" data-end=\"3089\">Tono suave y estable<\/p>\n<\/li>\n<li data-start=\"3090\" data-end=\"3110\">\n<p data-start=\"3092\" data-end=\"3110\">F\u00e1cil activaci\u00f3n<\/p>\n<\/li>\n<li data-start=\"3111\" data-end=\"3131\">\n<p data-start=\"3113\" data-end=\"3131\">Dise\u00f1o funcional<\/p>\n<\/li>\n<\/ul>\n<p data-start=\"802\" data-end=\"824\"><strong data-start=\"802\" data-end=\"822\">Detalles del producto:<\/strong><\/p>\n<ul>\n<li><strong>Materiales<\/strong>: oro, plata, cobre, hierro, esta\u00f1o, plomo y zinc.<\/li>\n<li><strong>T\u00e9cnica<\/strong>: Artesanal.<\/li>\n<li><strong>Estilo<\/strong>: Oriental \/ Zen \/ Espiritual<\/li>\n<li><strong>Uso<\/strong>: meditaci\u00f3n, relajaci\u00f3n profunda, sanaci\u00f3n sonora y reducci\u00f3n del estr\u00e9s.<\/li>\n<li><strong>Dimensiones<\/strong>: 8*15 cm.<\/li>\n<li><strong>Peso<\/strong>: 600 gramos<\/li>\n<\/ul>","protected":false},"excerpt":{"rendered":"<p>Descripci\u00f3n del Producto : Cuenco Tibetano para Yoga y Mindfulness Juego de cuencos tibetanos hechos a mano, elaborados con una mezcla de metales. Estos instrumentos se utilizan para la meditaci\u00f3n, la curaci\u00f3n y la relajaci\u00f3n. A menudo se elabora a partir de una mezcla tradicional de siete metales, incluidos oro, plata, cobre, hierro, esta\u00f1o, plomo [&#8230;]\n","protected":false},"featured_media":2245,"comment_status":"open","ping_status":"closed","template":"","meta":[],"product_brand":[],"product_cat":[57,58],"product_tag":[],"class_list":{"0":"post-2327","1":"product","2":"type-product","3":"status-publish","4":"has-post-thumbnail","6":"product_cat-cuenco-tibetano","7":"product_cat-cuenco-tibetanos","9":"first","10":"instock","11":"taxable","12":"shipping-taxable","13":"purchasable","14":"product-type-simple"},"jetpack_sharing_enabled":true,"_links":{"self":[{"href":"https:\/\/saskar.store\/es\/wp-json\/wp\/v2\/product\/2327","targetHints":{"allow":["GET"]}}],"collection":[{"href":"https:\/\/saskar.store\/es\/wp-json\/wp\/v2\/product"}],"about":[{"href":"https:\/\/saskar.store\/es\/wp-json\/wp\/v2\/types\/product"}],"replies":[{"embeddable":true,"href":"https:\/\/saskar.store\/es\/wp-json\/wp\/v2\/comments?post=2327"}],"wp:featuredmedia":[{"embeddable":true,"href":"https:\/\/saskar.store\/es\/wp-json\/wp\/v2\/media\/2245"}],"wp:attachment":[{"href":"https:\/\/saskar.store\/es\/wp-json\/wp\/v2\/media?parent=2327"}],"wp:term":[{"taxonomy":"product_brand","embeddable":true,"href":"https:\/\/saskar.store\/es\/wp-json\/wp\/v2\/product_brand?post=2327"},{"taxonomy":"product_cat","embeddable":true,"href":"https:\/\/saskar.store\/es\/wp-json\/wp\/v2\/product_cat?post=2327"},{"taxonomy":"product_tag","embeddable":true,"href":"https:\/\/saskar.store\/es\/wp-json\/wp\/v2\/product_tag?post=2327"}],"curies":[{"name":"wp","href":"https:\/\/api.w.org\/{rel}","templated":true}]}}