{"id":2313,"date":"2026-01-27T15:30:17","date_gmt":"2026-01-27T15:30:17","guid":{"rendered":"https:\/\/saskar.store\/?post_type=product&#038;p=2313"},"modified":"2026-01-27T15:30:52","modified_gmt":"2026-01-27T15:30:52","slug":"cuenco-tibetano-artesanal-de-sonido-sanador-profundo","status":"publish","type":"product","link":"https:\/\/saskar.store\/es\/producto\/cuenco-tibetano-artesanal-de-sonido-sanador-profundo\/","title":{"rendered":"Cuenco Tibetano Artesanal de Sonido Sanador Profundo"},"content":{"rendered":"<h2>Descripci\u00f3n del Producto : Cuenco Tibetano Artesanal de Sonido Sanador Profundo<\/h2>\n<p>Juego de cuencos tibetanos hechos a mano, elaborados con una mezcla de metales. Estos instrumentos se utilizan para la meditaci\u00f3n, la curaci\u00f3n y la relajaci\u00f3n.<br \/>\nA menudo se elabora a partir de una mezcla tradicional de siete metales, incluidos oro, plata, cobre, hierro, esta\u00f1o, plomo y zinc, cada uno de los cuales representa una influencia planetaria.<br \/>\nProduce un sonido y una vibraci\u00f3n ricos y armoniosos cuando se toca con el mazo (palo) incluido.<br \/>\nSe cree que el sonido y las vibraciones promueven la calma, el alivio del estr\u00e9s y el equilibrio interior.<br \/>\nViene con un coj\u00edn de anillo (base) y un palo de madera (mazo).<\/p>\n<p data-start=\"58\" data-end=\"506\">Este cuenco tibetano artesanal est\u00e1 elaborado utilizando t\u00e9cnicas tradicionales del Himalaya, lo que le permite producir vibraciones profundas, ricas y de larga duraci\u00f3n. Su sonido ayuda a calmar la mente durante la meditaci\u00f3n, reducir el estr\u00e9s y restaurar el equilibrio interior. Al estar fabricado con una aleaci\u00f3n natural de lat\u00f3n, el tono es puro y estable, siendo especialmente valorado para la sanaci\u00f3n sonora y el equilibrio de los chakras.<\/p>\n<p data-start=\"508\" data-end=\"827\">Este cuenco tibetano es adecuado tanto para principiantes como para terapeutas de sonido profesionales. Al utilizar el mazo de madera, el borde liso permite activar el sonido con facilidad. Sus vibraciones generan una sensaci\u00f3n de calidez y enraizamiento en el cuerpo, favoreciendo la atenci\u00f3n plena y la concentraci\u00f3n.<\/p>\n<p data-start=\"829\" data-end=\"1207\" data-is-last-node=\"\" data-is-only-node=\"\">Es una excelente opci\u00f3n para yoga, meditaci\u00f3n, reiki, sesiones terap\u00e9uticas o para crear un ambiente tranquilo en el hogar. Al ser hecho a mano, cada cuenco puede presentar ligeras variaciones, lo que lo convierte en una pieza \u00fanica. Gracias a su dise\u00f1o duradero y atemporal, este cuenco tibetano se convierte en un compa\u00f1ero confiable para la pr\u00e1ctica espiritual a largo plazo.<\/p>\n<p data-start=\"802\" data-end=\"824\"><strong data-start=\"802\" data-end=\"822\">Caracter\u00edsticas:<\/strong><\/p>\n<ul data-start=\"825\" data-end=\"942\">\n<li data-start=\"825\" data-end=\"841\">\n<p data-start=\"827\" data-end=\"841\">Hecho a mano<\/p>\n<\/li>\n<li data-start=\"842\" data-end=\"871\">\n<p data-start=\"844\" data-end=\"871\">Sonido profundo y estable<\/p>\n<\/li>\n<li data-start=\"872\" data-end=\"908\">\n<p data-start=\"874\" data-end=\"908\">Ideal para meditaci\u00f3n y sanaci\u00f3n<\/p>\n<\/li>\n<li data-start=\"909\" data-end=\"942\">\n<p data-start=\"911\" data-end=\"942\">Material de lat\u00f3n tradicional<\/p>\n<p style=\"text-align: left;\"><strong>Detalles del producto:<\/strong><\/p>\n<p><strong>Materiales<\/strong>: oro, plata, cobre, hierro, esta\u00f1o, plomo y zinc.<\/p>\n<p><strong>T\u00e9cnica<\/strong>: Artesanal.<\/p>\n<p><strong>Estilo<\/strong>: Oriental \/ Zen \/ Espiritual<\/p>\n<p><strong>Uso<\/strong>: meditaci\u00f3n, relajaci\u00f3n profunda, sanaci\u00f3n sonora y reducci\u00f3n del estr\u00e9s.<\/p>\n<p><strong>Dimensiones<\/strong>: 4*9 cm.<\/p>\n<p><strong>Peso<\/strong>: 150 gramos<\/li>\n<\/ul>","protected":false},"excerpt":{"rendered":"<p>Descripci\u00f3n del Producto : Cuenco Tibetano Artesanal de Sonido Sanador Profundo Juego de cuencos tibetanos hechos a mano, elaborados con una mezcla de metales. Estos instrumentos se utilizan para la meditaci\u00f3n, la curaci\u00f3n y la relajaci\u00f3n. A menudo se elabora a partir de una mezcla tradicional de siete metales, incluidos oro, plata, cobre, hierro, esta\u00f1o, [&#8230;]\n","protected":false},"featured_media":2234,"comment_status":"open","ping_status":"closed","template":"","meta":[],"product_brand":[],"product_cat":[57],"product_tag":[],"class_list":{"0":"post-2313","1":"product","2":"type-product","3":"status-publish","4":"has-post-thumbnail","6":"product_cat-cuenco-tibetano","8":"first","9":"instock","10":"taxable","11":"shipping-taxable","12":"purchasable","13":"product-type-simple"},"jetpack_sharing_enabled":true,"_links":{"self":[{"href":"https:\/\/saskar.store\/es\/wp-json\/wp\/v2\/product\/2313","targetHints":{"allow":["GET"]}}],"collection":[{"href":"https:\/\/saskar.store\/es\/wp-json\/wp\/v2\/product"}],"about":[{"href":"https:\/\/saskar.store\/es\/wp-json\/wp\/v2\/types\/product"}],"replies":[{"embeddable":true,"href":"https:\/\/saskar.store\/es\/wp-json\/wp\/v2\/comments?post=2313"}],"wp:featuredmedia":[{"embeddable":true,"href":"https:\/\/saskar.store\/es\/wp-json\/wp\/v2\/media\/2234"}],"wp:attachment":[{"href":"https:\/\/saskar.store\/es\/wp-json\/wp\/v2\/media?parent=2313"}],"wp:term":[{"taxonomy":"product_brand","embeddable":true,"href":"https:\/\/saskar.store\/es\/wp-json\/wp\/v2\/product_brand?post=2313"},{"taxonomy":"product_cat","embeddable":true,"href":"https:\/\/saskar.store\/es\/wp-json\/wp\/v2\/product_cat?post=2313"},{"taxonomy":"product_tag","embeddable":true,"href":"https:\/\/saskar.store\/es\/wp-json\/wp\/v2\/product_tag?post=2313"}],"curies":[{"name":"wp","href":"https:\/\/api.w.org\/{rel}","templated":true}]}}