{"id":2094,"date":"2026-01-26T11:03:22","date_gmt":"2026-01-26T11:03:22","guid":{"rendered":"https:\/\/saskar.store\/?post_type=product&#038;p=2094"},"modified":"2026-01-26T11:05:56","modified_gmt":"2026-01-26T11:05:56","slug":"hand-drum-tongue-drum-con-bolsa-y-palos","status":"publish","type":"product","link":"https:\/\/saskar.store\/es\/producto\/hand-drum-tongue-drum-con-bolsa-y-palos\/","title":{"rendered":"Hand Drum TONGUE DRUM \u2013 HAPI DRUM CON BOLSA Y PALOS"},"content":{"rendered":"<h2>Descripci\u00f3n del Producto:TONGUE DRUM \u2013 HAPI DRUM CON BOLSA Y PALOS<\/h2>\n<p>Hand Drum TONGUE DRUM \u2013 HAPI DRUM<\/p>\n<p>Instrumentos musicales de lujo hechos a mano\u00a0 Hapi Drum con 8 notas tambor de lengua de acero para principiantes.<\/p>\n<p>Hapi Musical Drum: Steel Tongue Drum es ideal para tocar y tocar ritmos de percusi\u00f3n. El dise\u00f1o de notas del Hapi Drum hace que sea f\u00e1cil saltar directamente a ritmos de ritmo. Un arreglo intuitivo de las notas facilita la exploraci\u00f3n de nuevos horizontes musicales.<\/p>","protected":false},"excerpt":{"rendered":"<p>Descripci\u00f3n del Producto:TONGUE DRUM \u2013 HAPI DRUM CON BOLSA Y PALOS Hand Drum TONGUE DRUM \u2013 HAPI DRUM Instrumentos musicales de lujo hechos a mano\u00a0 Hapi Drum con 8 notas tambor de lengua de acero para principiantes. Hapi Musical Drum: Steel Tongue Drum es ideal para tocar y tocar ritmos de percusi\u00f3n. El dise\u00f1o de [&#8230;]\n","protected":false},"featured_media":2047,"comment_status":"open","ping_status":"closed","template":"","meta":[],"product_brand":[],"product_cat":[133],"product_tag":[],"class_list":{"0":"post-2094","1":"product","2":"type-product","3":"status-publish","4":"has-post-thumbnail","6":"product_cat-hapi-drum","8":"first","9":"instock","10":"taxable","11":"shipping-taxable","12":"purchasable","13":"product-type-variable"},"jetpack_sharing_enabled":true,"_links":{"self":[{"href":"https:\/\/saskar.store\/es\/wp-json\/wp\/v2\/product\/2094","targetHints":{"allow":["GET"]}}],"collection":[{"href":"https:\/\/saskar.store\/es\/wp-json\/wp\/v2\/product"}],"about":[{"href":"https:\/\/saskar.store\/es\/wp-json\/wp\/v2\/types\/product"}],"replies":[{"embeddable":true,"href":"https:\/\/saskar.store\/es\/wp-json\/wp\/v2\/comments?post=2094"}],"wp:featuredmedia":[{"embeddable":true,"href":"https:\/\/saskar.store\/es\/wp-json\/wp\/v2\/media\/2047"}],"wp:attachment":[{"href":"https:\/\/saskar.store\/es\/wp-json\/wp\/v2\/media?parent=2094"}],"wp:term":[{"taxonomy":"product_brand","embeddable":true,"href":"https:\/\/saskar.store\/es\/wp-json\/wp\/v2\/product_brand?post=2094"},{"taxonomy":"product_cat","embeddable":true,"href":"https:\/\/saskar.store\/es\/wp-json\/wp\/v2\/product_cat?post=2094"},{"taxonomy":"product_tag","embeddable":true,"href":"https:\/\/saskar.store\/es\/wp-json\/wp\/v2\/product_tag?post=2094"}],"curies":[{"name":"wp","href":"https:\/\/api.w.org\/{rel}","templated":true}]}}