{"id":2082,"date":"2026-01-26T10:38:48","date_gmt":"2026-01-26T10:38:48","guid":{"rendered":"https:\/\/saskar.store\/?post_type=product&#038;p=2082"},"modified":"2026-01-26T10:46:26","modified_gmt":"2026-01-26T10:46:26","slug":"hand-drum-tongue-drum-hapi-drum","status":"publish","type":"product","link":"https:\/\/saskar.store\/es\/producto\/hand-drum-tongue-drum-hapi-drum\/","title":{"rendered":"Hand Drum TONGUE DRUM \u2013 HAPI DRUM"},"content":{"rendered":"<h2>Descripci\u00f3n del Producto:TONGUE DRUM \u2013 HAPI DRUM<\/h2>\n<p>Hand Drum TONGUE DRUM \u2013 HAPI DRUM<\/p>\n<p>Instrumentos musicales de lujo hechos a mano\u00a0 Hapi Drum 8 pulgadas 8 notas tambor de lengua de acero para principiantes.<\/p>\n<p>Hapi Musical Drum: Steel Tongue Drum es ideal para tocar y tocar ritmos de percusi\u00f3n. El dise\u00f1o de notas del Hapi Drum hace que sea f\u00e1cil saltar directamente a ritmos de ritmo. Un arreglo intuitivo de las notas facilita la exploraci\u00f3n de nuevos horizontes musicales.<\/p>","protected":false},"excerpt":{"rendered":"<p>Descripci\u00f3n del Producto:TONGUE DRUM \u2013 HAPI DRUM Hand Drum TONGUE DRUM \u2013 HAPI DRUM Instrumentos musicales de lujo hechos a mano\u00a0 Hapi Drum 8 pulgadas 8 notas tambor de lengua de acero para principiantes. Hapi Musical Drum: Steel Tongue Drum es ideal para tocar y tocar ritmos de percusi\u00f3n. El dise\u00f1o de notas del Hapi [&#8230;]\n","protected":false},"featured_media":2048,"comment_status":"open","ping_status":"closed","template":"","meta":[],"product_brand":[],"product_cat":[133,57],"product_tag":[],"class_list":{"0":"post-2082","1":"product","2":"type-product","3":"status-publish","4":"has-post-thumbnail","6":"product_cat-hapi-drum","7":"product_cat-cuenco-tibetano","9":"first","10":"instock","11":"taxable","12":"shipping-taxable","13":"purchasable","14":"product-type-variable"},"jetpack_sharing_enabled":true,"_links":{"self":[{"href":"https:\/\/saskar.store\/es\/wp-json\/wp\/v2\/product\/2082","targetHints":{"allow":["GET"]}}],"collection":[{"href":"https:\/\/saskar.store\/es\/wp-json\/wp\/v2\/product"}],"about":[{"href":"https:\/\/saskar.store\/es\/wp-json\/wp\/v2\/types\/product"}],"replies":[{"embeddable":true,"href":"https:\/\/saskar.store\/es\/wp-json\/wp\/v2\/comments?post=2082"}],"wp:featuredmedia":[{"embeddable":true,"href":"https:\/\/saskar.store\/es\/wp-json\/wp\/v2\/media\/2048"}],"wp:attachment":[{"href":"https:\/\/saskar.store\/es\/wp-json\/wp\/v2\/media?parent=2082"}],"wp:term":[{"taxonomy":"product_brand","embeddable":true,"href":"https:\/\/saskar.store\/es\/wp-json\/wp\/v2\/product_brand?post=2082"},{"taxonomy":"product_cat","embeddable":true,"href":"https:\/\/saskar.store\/es\/wp-json\/wp\/v2\/product_cat?post=2082"},{"taxonomy":"product_tag","embeddable":true,"href":"https:\/\/saskar.store\/es\/wp-json\/wp\/v2\/product_tag?post=2082"}],"curies":[{"name":"wp","href":"https:\/\/api.w.org\/{rel}","templated":true}]}}