{"id":2081,"date":"2026-01-26T10:28:35","date_gmt":"2026-01-26T10:28:35","guid":{"rendered":"https:\/\/saskar.store\/?post_type=product&#038;p=2081"},"modified":"2026-01-26T11:49:19","modified_gmt":"2026-01-26T11:49:19","slug":"mascara-de-bhairava-mahakala-red","status":"publish","type":"product","link":"https:\/\/saskar.store\/es\/producto\/mascara-de-bhairava-mahakala-red\/","title":{"rendered":"M\u00e1scara tradicional de Bhairab (Bhairava \/ Mahakala)- Rojo"},"content":{"rendered":"<h2>Descripci\u00f3n del Producto: M\u00e1scara tradicional de Bhairab (Bhairava \/ Mahakala)<\/h2>\n<p>Esta m\u00e1scara de madera, tallada y pintada a mano, representa a <strong data-start=\"287\" data-end=\"298\">Bhairab<\/strong>, una deidad de car\u00e1cter feroz venerada en el hinduismo y en el budismo tibetano. Procedente de la regi\u00f3n del Himalaya, especialmente de <strong data-start=\"435\" data-end=\"444\">Nepal<\/strong>, es una pieza elaborada por artesanos locales y apreciada tanto por su valor cultural como espiritual.<\/p>\n<p><strong data-start=\"549\" data-end=\"575\">Significado espiritual<\/strong><br data-start=\"575\" data-end=\"578\" \/>Bhairab es una forma iracunda del <strong data-start=\"612\" data-end=\"626\">dios Shiva<\/strong>, asociada con la eliminaci\u00f3n de obst\u00e1culos, la protecci\u00f3n del orden c\u00f3smico (Dharma) y la defensa frente a energ\u00edas negativas. Su expresi\u00f3n intimidante simboliza fuerza protectora y transformaci\u00f3n.<\/p>\n<p><strong data-start=\"826\" data-end=\"840\">Simbolismo<\/strong><br data-start=\"840\" data-end=\"843\" \/>Tradicionalmente, se cree que la presencia de esta deidad favorece la <strong data-start=\"913\" data-end=\"937\">protecci\u00f3n del hogar<\/strong>, la prosperidad y el \u00e9xito, adem\u00e1s de actuar como resguardo frente a influencias adversas y la muerte prematura.<\/p>\n<p><strong data-start=\"1052\" data-end=\"1074\">Rasgos distintivos<\/strong><br data-start=\"1074\" data-end=\"1077\" \/>La m\u00e1scara suele presentar un <strong data-start=\"1107\" data-end=\"1129\">intenso color rojo<\/strong>, <strong data-start=\"1131\" data-end=\"1151\">ojos prominentes<\/strong>, <strong data-start=\"1153\" data-end=\"1175\">colmillos visibles<\/strong> y una <strong data-start=\"1182\" data-end=\"1220\">corona formada por cinco calaveras<\/strong>, elementos que representan la transformaci\u00f3n de las emociones negativas en sabidur\u00eda y conocimiento espiritual.<\/p>\n<p><strong data-start=\"1334\" data-end=\"1350\">Origen y uso<\/strong><br data-start=\"1350\" data-end=\"1353\" \/>Estas m\u00e1scaras forman parte del arte popular del Himalaya, especialmente de Nepal, y se utilizan principalmente como <strong data-start=\"1470\" data-end=\"1490\">decoraci\u00f3n mural<\/strong> en hogares, espacios de meditaci\u00f3n o entornos rituales, por su fuerte simbolismo protector.<\/p>","protected":false},"excerpt":{"rendered":"<p>Descripci\u00f3n del Producto: M\u00e1scara tradicional de Bhairab (Bhairava \/ Mahakala) Esta m\u00e1scara de madera, tallada y pintada a mano, representa a Bhairab, una deidad de car\u00e1cter feroz venerada en el hinduismo y en el budismo tibetano. Procedente de la regi\u00f3n del Himalaya, especialmente de Nepal, es una pieza elaborada por artesanos locales y apreciada tanto [&#8230;]\n","protected":false},"featured_media":2067,"comment_status":"open","ping_status":"closed","template":"","meta":[],"product_brand":[],"product_cat":[19,29],"product_tag":[],"class_list":{"0":"post-2081","1":"product","2":"type-product","3":"status-publish","4":"has-post-thumbnail","6":"product_cat-bhairava","7":"product_cat-mascara-de-madera","9":"first","10":"instock","11":"taxable","12":"shipping-taxable","13":"purchasable","14":"product-type-variable"},"jetpack_sharing_enabled":true,"_links":{"self":[{"href":"https:\/\/saskar.store\/es\/wp-json\/wp\/v2\/product\/2081","targetHints":{"allow":["GET"]}}],"collection":[{"href":"https:\/\/saskar.store\/es\/wp-json\/wp\/v2\/product"}],"about":[{"href":"https:\/\/saskar.store\/es\/wp-json\/wp\/v2\/types\/product"}],"replies":[{"embeddable":true,"href":"https:\/\/saskar.store\/es\/wp-json\/wp\/v2\/comments?post=2081"}],"wp:featuredmedia":[{"embeddable":true,"href":"https:\/\/saskar.store\/es\/wp-json\/wp\/v2\/media\/2067"}],"wp:attachment":[{"href":"https:\/\/saskar.store\/es\/wp-json\/wp\/v2\/media?parent=2081"}],"wp:term":[{"taxonomy":"product_brand","embeddable":true,"href":"https:\/\/saskar.store\/es\/wp-json\/wp\/v2\/product_brand?post=2081"},{"taxonomy":"product_cat","embeddable":true,"href":"https:\/\/saskar.store\/es\/wp-json\/wp\/v2\/product_cat?post=2081"},{"taxonomy":"product_tag","embeddable":true,"href":"https:\/\/saskar.store\/es\/wp-json\/wp\/v2\/product_tag?post=2081"}],"curies":[{"name":"wp","href":"https:\/\/api.w.org\/{rel}","templated":true}]}}