{"id":2062,"date":"2026-01-25T21:42:10","date_gmt":"2026-01-25T21:42:10","guid":{"rendered":"https:\/\/saskar.store\/?post_type=product&#038;p=2062"},"modified":"2026-01-26T10:00:15","modified_gmt":"2026-01-26T10:00:15","slug":"home-singing-bowl-hand-drum-tongue-drum-hapi-drum","status":"publish","type":"product","link":"https:\/\/saskar.store\/es\/producto\/home-singing-bowl-hand-drum-tongue-drum-hapi-drum\/","title":{"rendered":"Hand Drum TONGUE DRUM \u2013 HAPI DRUM"},"content":{"rendered":"<h2>Descripci\u00f3n del Producto:TONGUE DRUM \u2013 HAPI DRUM<\/h2>\n<p>TONGUE DRUM \u2013 HAPI DRUM<\/p>\n<p>Instrumentos musicales de lujo hechos a mano indios Hapi Drum 6 pulgadas 8 notas tambor de lengua de acero para principiantes.<\/p>\n<p>Hapi Musical Drum: Steel Tongue Drum es ideal para tocar y tocar ritmos de percusi\u00f3n. El dise\u00f1o de notas del Hapi Drum hace que sea f\u00e1cil saltar directamente a ritmos de ritmo. Un arreglo intuitivo de las notas facilita la exploraci\u00f3n de nuevos horizontes musicales.<\/p>","protected":false},"excerpt":{"rendered":"<p>Descripci\u00f3n del Producto:TONGUE DRUM \u2013 HAPI DRUM TONGUE DRUM \u2013 HAPI DRUM Instrumentos musicales de lujo hechos a mano indios Hapi Drum 6 pulgadas 8 notas tambor de lengua de acero para principiantes. Hapi Musical Drum: Steel Tongue Drum es ideal para tocar y tocar ritmos de percusi\u00f3n. El dise\u00f1o de notas del Hapi Drum [&#8230;]\n","protected":false},"featured_media":2020,"comment_status":"open","ping_status":"closed","template":"","meta":[],"product_brand":[],"product_cat":[133,57],"product_tag":[],"class_list":{"0":"post-2062","1":"product","2":"type-product","3":"status-publish","4":"has-post-thumbnail","6":"product_cat-hapi-drum","7":"product_cat-cuenco-tibetano","9":"first","10":"instock","11":"taxable","12":"shipping-taxable","13":"purchasable","14":"product-type-simple"},"jetpack_sharing_enabled":true,"_links":{"self":[{"href":"https:\/\/saskar.store\/es\/wp-json\/wp\/v2\/product\/2062","targetHints":{"allow":["GET"]}}],"collection":[{"href":"https:\/\/saskar.store\/es\/wp-json\/wp\/v2\/product"}],"about":[{"href":"https:\/\/saskar.store\/es\/wp-json\/wp\/v2\/types\/product"}],"replies":[{"embeddable":true,"href":"https:\/\/saskar.store\/es\/wp-json\/wp\/v2\/comments?post=2062"}],"wp:featuredmedia":[{"embeddable":true,"href":"https:\/\/saskar.store\/es\/wp-json\/wp\/v2\/media\/2020"}],"wp:attachment":[{"href":"https:\/\/saskar.store\/es\/wp-json\/wp\/v2\/media?parent=2062"}],"wp:term":[{"taxonomy":"product_brand","embeddable":true,"href":"https:\/\/saskar.store\/es\/wp-json\/wp\/v2\/product_brand?post=2062"},{"taxonomy":"product_cat","embeddable":true,"href":"https:\/\/saskar.store\/es\/wp-json\/wp\/v2\/product_cat?post=2062"},{"taxonomy":"product_tag","embeddable":true,"href":"https:\/\/saskar.store\/es\/wp-json\/wp\/v2\/product_tag?post=2062"}],"curies":[{"name":"wp","href":"https:\/\/api.w.org\/{rel}","templated":true}]}}