{"id":2057,"date":"2026-01-25T14:02:13","date_gmt":"2026-01-25T14:02:13","guid":{"rendered":"https:\/\/saskar.store\/?post_type=product&#038;p=2057"},"modified":"2026-01-25T16:51:39","modified_gmt":"2026-01-25T16:51:39","slug":"tongue-drum-hapi-drum","status":"publish","type":"product","link":"https:\/\/saskar.store\/es\/producto\/tongue-drum-hapi-drum\/","title":{"rendered":"TONGUE DRUM \u2013 HAPI DRUM"},"content":{"rendered":"<h2>Descripci\u00f3n del Producto:TONGUE DRUM \u2013 HAPI DRUM<\/h2>\n<p class=\"thin-font\">El tambor de lengua de acero es uno de los instrumentos musicales nacionales m\u00e1s j\u00f3venes de los \u00faltimos a\u00f1os. Es un nuevo tipo de instrumento de percusi\u00f3n que emite sonidos mediante la vibraci\u00f3n de una lengua de acero.<br \/>\nHa atra\u00eddo a un gran n\u00famero de usuarios por su tono et\u00e9reo y su apariencia peque\u00f1a y redonda, y se puede tocar con muchos otros instrumentos juntos. Es sencillo aprender cu\u00e1l es el mejor instrumento musical para principiantes.<br \/>\nJUGANDO<br \/>\n\u2022 Coloque el tambor frente a usted, con el parche del logotipo del tambor mirando hacia usted.<br \/>\n\u2022 Jugar con mazos: use el pulgar y el \u00edndice para sostener la mitad de los mazos. y golpee la parte media superior de la lengua con los mazos. No golpees demasiado fuerte, eso s\u00f3lo puede producir una voz agradable con la intensidad adecuada.<br \/>\n\u2022 Juegue con los dedos: toque la parte media superior de la lengua con los dedos para hacer que suene.<\/p>\n<p>\u2023Golpee la parte media superior de la lengua con los mazos.<br \/>\n\u2023 Utilice el pulgar y el \u00edndice para sostener la mitad de los mazos.<\/p>","protected":false},"excerpt":{"rendered":"<p>Descripci\u00f3n del Producto:TONGUE DRUM \u2013 HAPI DRUM El tambor de lengua de acero es uno de los instrumentos musicales nacionales m\u00e1s j\u00f3venes de los \u00faltimos a\u00f1os. Es un nuevo tipo de instrumento de percusi\u00f3n que emite sonidos mediante la vibraci\u00f3n de una lengua de acero. Ha atra\u00eddo a un gran n\u00famero de usuarios por su [&#8230;]\n","protected":false},"featured_media":2027,"comment_status":"open","ping_status":"closed","template":"","meta":[],"product_brand":[],"product_cat":[133,57],"product_tag":[],"class_list":{"0":"post-2057","1":"product","2":"type-product","3":"status-publish","4":"has-post-thumbnail","6":"product_cat-hapi-drum","7":"product_cat-cuenco-tibetano","9":"first","10":"instock","11":"taxable","12":"shipping-taxable","13":"purchasable","14":"product-type-simple"},"jetpack_sharing_enabled":true,"_links":{"self":[{"href":"https:\/\/saskar.store\/es\/wp-json\/wp\/v2\/product\/2057","targetHints":{"allow":["GET"]}}],"collection":[{"href":"https:\/\/saskar.store\/es\/wp-json\/wp\/v2\/product"}],"about":[{"href":"https:\/\/saskar.store\/es\/wp-json\/wp\/v2\/types\/product"}],"replies":[{"embeddable":true,"href":"https:\/\/saskar.store\/es\/wp-json\/wp\/v2\/comments?post=2057"}],"wp:featuredmedia":[{"embeddable":true,"href":"https:\/\/saskar.store\/es\/wp-json\/wp\/v2\/media\/2027"}],"wp:attachment":[{"href":"https:\/\/saskar.store\/es\/wp-json\/wp\/v2\/media?parent=2057"}],"wp:term":[{"taxonomy":"product_brand","embeddable":true,"href":"https:\/\/saskar.store\/es\/wp-json\/wp\/v2\/product_brand?post=2057"},{"taxonomy":"product_cat","embeddable":true,"href":"https:\/\/saskar.store\/es\/wp-json\/wp\/v2\/product_cat?post=2057"},{"taxonomy":"product_tag","embeddable":true,"href":"https:\/\/saskar.store\/es\/wp-json\/wp\/v2\/product_tag?post=2057"}],"curies":[{"name":"wp","href":"https:\/\/api.w.org\/{rel}","templated":true}]}}