{"id":1928,"date":"2026-01-24T07:30:09","date_gmt":"2026-01-24T07:30:09","guid":{"rendered":"https:\/\/saskar.store\/?post_type=product&#038;p=1928"},"modified":"2026-01-25T10:58:32","modified_gmt":"2026-01-25T10:58:32","slug":"peto-hippie-de-algodon-patchwork-hecho-a-mano","status":"publish","type":"product","link":"https:\/\/saskar.store\/es\/producto\/peto-hippie-de-algodon-patchwork-hecho-a-mano\/","title":{"rendered":"Peto \/ mono hippie de algod\u00f3n patchwork hecho a mano"},"content":{"rendered":"<div>\n<h2>Descripci\u00f3n del Producto : Peto \/ mono hippie de algod\u00f3n patchwork hecho a mano<\/h2>\n<\/div>\n<div>Estos petos de algod\u00f3n con patchwork hechos a mano est\u00e1n confeccionados con tela de algod\u00f3n 100 % natural, dise\u00f1ados para ofrecer comodidad, transpirabilidad y un estilo bohemio \u00fanico. Con paneles de rayas multicolores con motivos florales impresos a mano, cada pieza tiene un car\u00e1cter \u00e9tnico \u00fanico.<\/div>\n<div><\/div>\n<div>El ajuste relajado estilo har\u00e9n hippie permite el libre movimiento, lo que lo hace perfecto para usar en festivales, uso diario informal, yoga, meditaci\u00f3n, viajes o descanso en verano. Las correas ajustables para los hombros brindan un ajuste c\u00f3modo para diferentes tipos de cuerpo, mientras que el bolsillo frontal agrega estilo y funcionalidad.<\/div>\n<div><\/div>\n<div>Esta prenda ecol\u00f3gica est\u00e1 hecha a mano de forma \u00e9tica y utilizando t\u00e9cnicas tradicionales, lo que la convierte en una opci\u00f3n ideal para quienes valoran el slow fashion, la sostenibilidad y la ropa artesanal.<\/div>\n<div>\n<div>Tela de algod\u00f3n 100% hecha a mano.<\/div>\n<div><\/div>\n<ul>\n<li>Transpirable, ligero y agradable al tacto.<\/li>\n<li>Dise\u00f1o de mosaico \u00fanico (cada pieza ligeramente diferente)<\/li>\n<li>Correas de hombro ajustables<\/li>\n<li>Bolsillo utilitario frontal<\/li>\n<li>Ajuste unisex relajado<\/li>\n<li>Ideal para verano, festivales, yoga y viajes.<\/li>\n<li>Estilo: Hippie \/ Boho \/ \u00c9tnico<\/li>\n<li>Ajuste: Suelto y relajado<\/li>\n<li>G\u00e9nero: Unisex<\/li>\n<li>Temporada: Primavera \/ Verano<\/li>\n<li>Tela: Algod\u00f3n tejido a mano<\/li>\n<\/ul>\n<\/div>","protected":false},"excerpt":{"rendered":"<p>Descripci\u00f3n del Producto : Peto \/ mono hippie de algod\u00f3n patchwork hecho a mano Estos petos de algod\u00f3n con patchwork hechos a mano est\u00e1n confeccionados con tela de algod\u00f3n 100 % natural, dise\u00f1ados para ofrecer comodidad, transpirabilidad y un estilo bohemio \u00fanico. Con paneles de rayas multicolores con motivos florales impresos a mano, cada pieza [&#8230;]\n","protected":false},"featured_media":712,"comment_status":"open","ping_status":"closed","template":"","meta":[],"product_brand":[],"product_cat":[20,26,31,37],"product_tag":[],"class_list":{"0":"post-1928","1":"product","2":"type-product","3":"status-publish","4":"has-post-thumbnail","6":"product_cat-hombre","7":"product_cat-mujer","8":"product_cat-pantalon","9":"product_cat-pantalones","11":"first","12":"instock","13":"taxable","14":"shipping-taxable","15":"purchasable","16":"product-type-variable"},"jetpack_sharing_enabled":true,"_links":{"self":[{"href":"https:\/\/saskar.store\/es\/wp-json\/wp\/v2\/product\/1928","targetHints":{"allow":["GET"]}}],"collection":[{"href":"https:\/\/saskar.store\/es\/wp-json\/wp\/v2\/product"}],"about":[{"href":"https:\/\/saskar.store\/es\/wp-json\/wp\/v2\/types\/product"}],"replies":[{"embeddable":true,"href":"https:\/\/saskar.store\/es\/wp-json\/wp\/v2\/comments?post=1928"}],"wp:featuredmedia":[{"embeddable":true,"href":"https:\/\/saskar.store\/es\/wp-json\/wp\/v2\/media\/712"}],"wp:attachment":[{"href":"https:\/\/saskar.store\/es\/wp-json\/wp\/v2\/media?parent=1928"}],"wp:term":[{"taxonomy":"product_brand","embeddable":true,"href":"https:\/\/saskar.store\/es\/wp-json\/wp\/v2\/product_brand?post=1928"},{"taxonomy":"product_cat","embeddable":true,"href":"https:\/\/saskar.store\/es\/wp-json\/wp\/v2\/product_cat?post=1928"},{"taxonomy":"product_tag","embeddable":true,"href":"https:\/\/saskar.store\/es\/wp-json\/wp\/v2\/product_tag?post=1928"}],"curies":[{"name":"wp","href":"https:\/\/api.w.org\/{rel}","templated":true}]}}