{"id":1802,"date":"2026-01-22T12:51:56","date_gmt":"2026-01-22T12:51:56","guid":{"rendered":"https:\/\/saskar.store\/?post_type=product&#038;p=1802"},"modified":"2026-01-22T13:23:44","modified_gmt":"2026-01-22T13:23:44","slug":"pantalones-harem-boho-patchwork-algodon-lisos","status":"publish","type":"product","link":"https:\/\/saskar.store\/es\/producto\/pantalones-harem-boho-patchwork-algodon-lisos\/","title":{"rendered":"Pantalones Harem Boho De Algod\u00f3n Patchwork Lisos &#8211; Unisex"},"content":{"rendered":"<p>Dale a tu look un estilo libre y aut\u00e9ntico con estos pantalones har\u00e9n boho patchwork en color liso, ideales para quienes buscan comodidad sin perder el estilo. Est\u00e1n confeccionadas en algod\u00f3n suave y transpirable, perfectas para primavera, verano y entretiempo, manteniendo la piel fresca durante todo el d\u00eda.<br \/>\nSu dise\u00f1o holgado, de corte har\u00e9n y de talle bajo permite una total libertad de movimiento, lo que los hace ideales para yoga, meditaci\u00f3n, viajes, festivales, la playa o el uso diario. La cintura es totalmente el\u00e1stica, se adapta c\u00f3modamente a diferentes tallas y facilita pon\u00e9rselos y quit\u00e1rselos sin esfuerzo. Los pu\u00f1os el\u00e1sticos en los tobillos mantienen la forma cl\u00e1sica del pantal\u00f3n har\u00e9n.<br \/>\nSon unisex y vers\u00e1tiles, f\u00e1ciles de combinar con camisetas, tops, sudaderas o camisas boho. Ideal para las amantes de la moda bohemia, hippie y relajada.<br \/>\nCuidado: Lavar a mano o en ciclo suave con agua fr\u00eda y secar al aire para preservar los colores y la calidad.<\/p>\n<p id=\"tw-target-text\" class=\"tw-data-text tw-text-large tw-ta\" dir=\"ltr\" tabindex=\"-1\" role=\"text\" data-placeholder=\"Traducci\u00f3n\" data-ved=\"2ahUKEwiF08SNwJySAxUZT6QEHfqVE88Q3ewLegQIDBAW\" aria-label=\"Texto traducido: con dos bolsillos laterales\"><span class=\"Y2IQFc\" lang=\"es\">con dos bolsillos laterales<\/span><\/p>\n<h2>Caracter\u00edsticas de los pantalones Harem Boho<\/h2>","protected":false},"excerpt":{"rendered":"<p>Dale a tu look un estilo libre y aut\u00e9ntico con estos pantalones har\u00e9n boho patchwork en color liso, ideales para quienes buscan comodidad sin perder el estilo. Est\u00e1n confeccionadas en algod\u00f3n suave y transpirable, perfectas para primavera, verano y entretiempo, manteniendo la piel fresca durante todo el d\u00eda. Su dise\u00f1o holgado, de corte har\u00e9n y [&#8230;]\n","protected":false},"featured_media":1806,"comment_status":"open","ping_status":"closed","template":"","meta":[],"product_brand":[],"product_cat":[26,20,31,37],"product_tag":[],"class_list":{"0":"post-1802","1":"product","2":"type-product","3":"status-publish","4":"has-post-thumbnail","6":"product_cat-mujer","7":"product_cat-hombre","8":"product_cat-pantalon","9":"product_cat-pantalones","11":"first","12":"instock","13":"taxable","14":"shipping-taxable","15":"purchasable","16":"product-type-variable"},"jetpack_sharing_enabled":true,"_links":{"self":[{"href":"https:\/\/saskar.store\/es\/wp-json\/wp\/v2\/product\/1802","targetHints":{"allow":["GET"]}}],"collection":[{"href":"https:\/\/saskar.store\/es\/wp-json\/wp\/v2\/product"}],"about":[{"href":"https:\/\/saskar.store\/es\/wp-json\/wp\/v2\/types\/product"}],"replies":[{"embeddable":true,"href":"https:\/\/saskar.store\/es\/wp-json\/wp\/v2\/comments?post=1802"}],"wp:featuredmedia":[{"embeddable":true,"href":"https:\/\/saskar.store\/es\/wp-json\/wp\/v2\/media\/1806"}],"wp:attachment":[{"href":"https:\/\/saskar.store\/es\/wp-json\/wp\/v2\/media?parent=1802"}],"wp:term":[{"taxonomy":"product_brand","embeddable":true,"href":"https:\/\/saskar.store\/es\/wp-json\/wp\/v2\/product_brand?post=1802"},{"taxonomy":"product_cat","embeddable":true,"href":"https:\/\/saskar.store\/es\/wp-json\/wp\/v2\/product_cat?post=1802"},{"taxonomy":"product_tag","embeddable":true,"href":"https:\/\/saskar.store\/es\/wp-json\/wp\/v2\/product_tag?post=1802"}],"curies":[{"name":"wp","href":"https:\/\/api.w.org\/{rel}","templated":true}]}}