{"id":1584,"date":"2026-01-10T14:24:02","date_gmt":"2026-01-10T14:24:02","guid":{"rendered":"https:\/\/saskar.store\/?post_type=product&#038;p=1584"},"modified":"2026-02-12T12:50:59","modified_gmt":"2026-02-12T12:50:59","slug":"gong-de-meditacion-zen-disco-de-bronce-martillado-a-mano-para-banos-de-sonido-y-yoga","status":"publish","type":"product","link":"https:\/\/saskar.store\/es\/producto\/gong-de-meditacion-zen-disco-de-bronce-martillado-a-mano-para-banos-de-sonido-y-yoga\/","title":{"rendered":"Gong de Meditaci\u00f3n Zen \u2013 Disco de Bronce Martillado a Mano para Ba\u00f1os de Sonido y Yoga"},"content":{"rendered":"<h2>Descripci\u00f3n del Producto : Gong de Meditaci\u00f3n Zen \u2013 Disco de Bronce Martillado a Mano para Ba\u00f1os de Sonido y Yoga<\/h2>\n<p>Eleva tu pr\u00e1ctica espiritual y musical con este aut\u00e9ntico\u00a0<strong class=\"Yjhzub\" data-complete=\"true\" data-processed=\"true\">Gong Chau martillado a mano<\/strong>, tambi\u00e9n conocido como\u00a0<strong class=\"Yjhzub\" data-complete=\"true\" data-processed=\"true\">Tam Tam<\/strong>\u00a0o\u00a0<strong class=\"Yjhzub\" data-complete=\"true\" data-processed=\"true\">Chao Luo<\/strong>. Fabricado siguiendo tradiciones milenarias, este majestuoso instrumento es famoso por su ic\u00f3nico dise\u00f1o de &#8220;ojo de buey&#8221; y su capacidad para producir una onda compleja de tonos arm\u00f3nicos que resuenan profundamente.<\/p>\n<h3 class=\"Y3BBE\" data-hveid=\"CAEICRAA\" data-complete=\"true\" data-processed=\"true\">Especificaciones:<\/h3>\n<ul class=\"KsbFXc U6u95\" data-complete=\"true\" data-processed=\"true\">\n<li data-hveid=\"CAEIChAA\" data-complete=\"true\" data-sae=\"\"><span class=\"T286Pc\" data-sfc-cp=\"\" data-complete=\"true\"><strong class=\"Yjhzub\" data-complete=\"true\">Material:<\/strong>\u00a0Bronce de alta calidad martillado a mano.<\/span><\/li>\n<li data-hveid=\"CAEIChAB\" data-complete=\"true\" data-sae=\"\"><span class=\"T286Pc\" data-sfc-cp=\"\" data-complete=\"true\"><strong class=\"Yjhzub\" data-complete=\"true\">Dise\u00f1o:<\/strong>\u00a0Estilo Chau con punto central negro y borde exterior oscuro.<\/span><\/li>\n<li data-hveid=\"CAEIChAC\" data-complete=\"true\" data-sae=\"\"><span class=\"T286Pc\" data-sfc-cp=\"\" data-complete=\"true\"><strong class=\"Yjhzub\" data-complete=\"true\">Aplicaci\u00f3n:<\/strong>\u00a0Meditaci\u00f3n, terapia de sonido, yoga, orquestas y decoraci\u00f3n zen.<\/span><\/li>\n<\/ul>\n<div class=\"Y3BBE\" data-sfc-cp=\"\" data-hveid=\"CAEICxAA\" data-complete=\"true\" data-processed=\"true\">Incorpora la m\u00edstica del Lejano Oriente y una vibraci\u00f3n sanadora a tu espacio hoy mismo.<\/div>\n<h3 class=\"Y3BBE\" data-hveid=\"CAEICxAA\" data-complete=\"true\" data-processed=\"true\">Caracter\u00edsticas y beneficios clave:<\/h3>\n<ul class=\"KsbFXc U6u95\" data-processed=\"true\" data-complete=\"true\">\n<li data-hveid=\"CAEICBAA\" data-complete=\"true\" data-sae=\"\"><span class=\"T286Pc\" data-sfc-cp=\"\" data-complete=\"true\"><strong class=\"Yjhzub\" data-complete=\"true\">Artesan\u00eda tradicional:<\/strong>\u00a0Cada gong est\u00e1 forjado a mano con una aleaci\u00f3n de bronce de alta calidad, presentando un centro y un borde oscuros (de los residuos de la fundici\u00f3n) que contrastan con una secci\u00f3n media pulida para un aspecto y sonido \u00fanicos.<\/span><\/li>\n<li data-hveid=\"CAEICBAB\" data-sae=\"\" data-complete=\"true\"><span class=\"T286Pc\" data-sfc-cp=\"\" data-complete=\"true\"><strong class=\"Yjhzub\" data-complete=\"true\">Sonido potente y equilibrado:<\/strong>\u00a0Produce un tono fundamental profundo con arm\u00f3nicos ricos que crecen hasta un rugido distintivo cuando se golpea con fuerza, ideal para\u00a0<strong class=\"Yjhzub\" data-complete=\"true\">orquestas sinf\u00f3nicas<\/strong>, desfiles y celebraciones.<\/span><\/li>\n<li data-hveid=\"CAEICBAC\" data-complete=\"true\" data-processed=\"true\" data-sae=\"\"><span class=\"T286Pc\" data-sfc-cp=\"\" data-complete=\"true\"><strong class=\"Yjhzub\" data-complete=\"true\">Herramienta de bienestar:<\/strong>\u00a0Es el acompa\u00f1amiento perfecto para sesiones de\u00a0<strong class=\"Yjhzub\" data-complete=\"true\">meditaci\u00f3n, yoga y terapia de sonido<\/strong>, ya que sus vibraciones ayudan a calmar la mente y equilibrar la energ\u00eda corporal.<\/span><\/li>\n<li data-hveid=\"CAEICBAD\" data-complete=\"true\" data-processed=\"true\" data-sae=\"\"><span class=\"T286Pc\" data-sfc-cp=\"\" data-complete=\"true\"><strong class=\"Yjhzub\" data-complete=\"true\">Versatilidad de uso:<\/strong>\u00a0El tono puede variar seg\u00fan donde se golpee; el centro ofrece un sonido m\u00e1s enfocado, mientras que los bordes liberan arm\u00f3nicos m\u00e1s complejos.<\/span><\/li>\n<li data-hveid=\"CAEICBAE\" data-complete=\"true\" data-processed=\"true\" data-sae=\"\"><span class=\"T286Pc\" data-sfc-cp=\"\" data-complete=\"true\" aria-owns=\"action-menu-parent-container\"><strong class=\"Yjhzub\" data-complete=\"true\">Construcci\u00f3n duradera:<\/strong>\u00a0Los bordes generosamente plegados proporcionan profundidad f\u00edsica y estabilidad estructural, asegurando que el gong mantenga su resonancia durante a\u00f1os.<\/span><\/li>\n<\/ul>\n<h3>Detalle del Producto:<\/h3>\n<ul>\n<li>40 cm de di\u00e1metro.<\/li>\n<li>1.950 kg<\/li>\n<li>Incluye maza de algod\u00f3n.<\/li>\n<\/ul>","protected":false},"excerpt":{"rendered":"<p>Descripci\u00f3n del Producto : Gong de Meditaci\u00f3n Zen \u2013 Disco de Bronce Martillado a Mano para Ba\u00f1os de Sonido y Yoga Eleva tu pr\u00e1ctica espiritual y musical con este aut\u00e9ntico\u00a0Gong Chau martillado a mano, tambi\u00e9n conocido como\u00a0Tam Tam\u00a0o\u00a0Chao Luo. Fabricado siguiendo tradiciones milenarias, este majestuoso instrumento es famoso por su ic\u00f3nico dise\u00f1o de &#8220;ojo de [&#8230;]\n","protected":false},"featured_media":1574,"comment_status":"open","ping_status":"closed","template":"","meta":[],"product_brand":[],"product_cat":[127,57],"product_tag":[],"class_list":{"0":"post-1584","1":"product","2":"type-product","3":"status-publish","4":"has-post-thumbnail","6":"product_cat-gong","7":"product_cat-cuenco-tibetano","9":"first","10":"instock","11":"taxable","12":"shipping-taxable","13":"purchasable","14":"product-type-simple"},"jetpack_sharing_enabled":true,"_links":{"self":[{"href":"https:\/\/saskar.store\/es\/wp-json\/wp\/v2\/product\/1584","targetHints":{"allow":["GET"]}}],"collection":[{"href":"https:\/\/saskar.store\/es\/wp-json\/wp\/v2\/product"}],"about":[{"href":"https:\/\/saskar.store\/es\/wp-json\/wp\/v2\/types\/product"}],"replies":[{"embeddable":true,"href":"https:\/\/saskar.store\/es\/wp-json\/wp\/v2\/comments?post=1584"}],"wp:featuredmedia":[{"embeddable":true,"href":"https:\/\/saskar.store\/es\/wp-json\/wp\/v2\/media\/1574"}],"wp:attachment":[{"href":"https:\/\/saskar.store\/es\/wp-json\/wp\/v2\/media?parent=1584"}],"wp:term":[{"taxonomy":"product_brand","embeddable":true,"href":"https:\/\/saskar.store\/es\/wp-json\/wp\/v2\/product_brand?post=1584"},{"taxonomy":"product_cat","embeddable":true,"href":"https:\/\/saskar.store\/es\/wp-json\/wp\/v2\/product_cat?post=1584"},{"taxonomy":"product_tag","embeddable":true,"href":"https:\/\/saskar.store\/es\/wp-json\/wp\/v2\/product_tag?post=1584"}],"curies":[{"name":"wp","href":"https:\/\/api.w.org\/{rel}","templated":true}]}}