{"id":1465,"date":"2026-01-02T13:58:52","date_gmt":"2026-01-02T13:58:52","guid":{"rendered":"https:\/\/saskar.store\/?post_type=product&#038;p=1465"},"modified":"2026-01-31T14:40:41","modified_gmt":"2026-01-31T14:40:41","slug":"beautiful-fine-hand-carved-beaded-yak-bone-necklace-with-two-buddhist-auspicious-symbols-of-eternity-knot-or-endless-knot-from-nepal","status":"publish","type":"product","link":"https:\/\/saskar.store\/es\/producto\/beautiful-fine-hand-carved-beaded-yak-bone-necklace-with-two-buddhist-auspicious-symbols-of-eternity-knot-or-endless-knot-from-nepal\/","title":{"rendered":"Hermoso collar de hueso de yak con cuentas finas talladas a mano con dos s\u00edmbolos budistas auspiciosos de nudo de eternidad o nudo sin fin de Nepal"},"content":{"rendered":"<div class=\"xdj266r x14z9mp xat24cr x1lziwak x1vvkbs x126k92a\">\n<div dir=\"auto\">\n<h2>Descripci\u00f3n del Producto:Hermoso collar de hueso de yak con cuentas finas talladas a mano con dos s\u00edmbolos auspiciosos budistas diferentes de nudo de la eternidad o nudo sin fin. Interesante collar hecho a mano ligero y port\u00e1til de Nepal.<\/h2>\n<\/div>\n<\/div>\n<div class=\"x14z9mp xat24cr x1lziwak x1vvkbs xtlvy1s x126k92a\">\n<div dir=\"auto\">El nudo sin fin o nudo eterno (s\u00e1nscrito: Shrivatsa; tibetano Dpal be\u2019u) es un nudo simb\u00f3lico y uno de los Ocho Auspiciosos.<\/div>\n<\/div>\n<div class=\"x14z9mp xat24cr x1lziwak x1vvkbs xtlvy1s x126k92a\">\n<div dir=\"auto\">El nudo sin fin ha sido descrito como &#8220;un s\u00edmbolo antiguo que representa el entrelazamiento del camino espiritual, el fluir del Tiempo y el Movimiento dentro de Lo Que es Eterno. Toda existencia, dice, est\u00e1 limitada por el tiempo y el cambio, pero en \u00faltima instancia descansa serenamente dentro de lo Divino y lo Eterno. Varias interpretaciones del s\u00edmbolo son:<\/div>\n<\/div>\n<div class=\"x14z9mp xat24cr x1lziwak x1vvkbs xtlvy1s x126k92a\">\n<div dir=\"auto\">Amor y amistad eternos<\/div>\n<div dir=\"auto\">La iconograf\u00eda del nudo sin fin simboliza el Samsara, es decir, el ciclo interminable de sufrimiento o nacimiento, muerte y renacimiento dentro del budismo tibetano.<\/div>\n<div dir=\"auto\">El entrelazamiento de la sabidur\u00eda y la compasi\u00f3n.<\/div>\n<div dir=\"auto\">Interacci\u00f3n e interacci\u00f3n de las fuerzas opuestas en el mundo dualista de manifestaci\u00f3n, que conduce a su uni\u00f3n y, en \u00faltima instancia, a la armon\u00eda en el universo.<\/div>\n<div dir=\"auto\">La dependencia mutua de la doctrina religiosa y los asuntos seculares.<\/div>\n<div dir=\"auto\">La uni\u00f3n de la sabidur\u00eda y el m\u00e9todo.<\/div>\n<div dir=\"auto\">La inseparabilidad de la vacuidad (shunyata) y el origen dependiente, la realidad subyacente de la existencia.<\/div>\n<div dir=\"auto\">Simb\u00f3lico del simbolismo del nudo al vincular a los ancestros y la omnipresencia y el ritual m\u00e1gico y el metaproceso de uni\u00f3n (Yoga y religi\u00f3n).<\/div>\n<div dir=\"auto\">Dado que el nudo no tiene principio ni fin, tambi\u00e9n simboliza la sabidur\u00eda de Buda.<\/div>\n<\/div>\n<div class=\"x14z9mp xat24cr x1lziwak x1vvkbs xtlvy1s x126k92a\">\n<div dir=\"auto\">En el budismo, los peces dorados simbolizan la felicidad, ya que tienen total libertad en el agua. Representan fertilidad y abundancia ya que se multiplican muy r\u00e1pidamente.<\/div>\n<\/div>\n<div class=\"x14z9mp xat24cr x1lziwak x1vvkbs xtlvy1s x126k92a\">\n<div dir=\"auto\">Medidas:-<\/div>\n<div dir=\"auto\">Longitud: 22 pulgadas (aproximadamente)<\/div>\n<div dir=\"auto\">Ancho -25 mm<\/div>\n<\/div>\n<div class=\"x14z9mp xat24cr x1lziwak x1vvkbs xtlvy1s x126k92a\">\n<div dir=\"auto\">Peso \u2013 150 gramos<\/div>\n<\/div>\n<div class=\"x14z9mp xat24cr x1lziwak x1vvkbs xtlvy1s x126k92a\">\n<div dir=\"auto\">Los colores pueden variar ligeramente en persona debido a la iluminaci\u00f3n\/flash en las sesiones de fotos.<\/div>\n<\/div>","protected":false},"excerpt":{"rendered":"<p>Descripci\u00f3n del Producto:Hermoso collar de hueso de yak con cuentas finas talladas a mano con dos s\u00edmbolos auspiciosos budistas diferentes de nudo de la eternidad o nudo sin fin. Interesante collar hecho a mano ligero y port\u00e1til de Nepal. El nudo sin fin o nudo eterno (s\u00e1nscrito: Shrivatsa; tibetano Dpal be\u2019u) es un nudo simb\u00f3lico [&#8230;]\n","protected":false},"featured_media":1145,"comment_status":"open","ping_status":"closed","template":"","meta":[],"product_brand":[],"product_cat":[47,44],"product_tag":[],"class_list":{"0":"post-1465","1":"product","2":"type-product","3":"status-publish","4":"has-post-thumbnail","6":"product_cat-collar","7":"product_cat-joyeria","9":"first","10":"instock","11":"taxable","12":"shipping-taxable","13":"purchasable","14":"product-type-simple"},"jetpack_sharing_enabled":true,"_links":{"self":[{"href":"https:\/\/saskar.store\/es\/wp-json\/wp\/v2\/product\/1465","targetHints":{"allow":["GET"]}}],"collection":[{"href":"https:\/\/saskar.store\/es\/wp-json\/wp\/v2\/product"}],"about":[{"href":"https:\/\/saskar.store\/es\/wp-json\/wp\/v2\/types\/product"}],"replies":[{"embeddable":true,"href":"https:\/\/saskar.store\/es\/wp-json\/wp\/v2\/comments?post=1465"}],"wp:featuredmedia":[{"embeddable":true,"href":"https:\/\/saskar.store\/es\/wp-json\/wp\/v2\/media\/1145"}],"wp:attachment":[{"href":"https:\/\/saskar.store\/es\/wp-json\/wp\/v2\/media?parent=1465"}],"wp:term":[{"taxonomy":"product_brand","embeddable":true,"href":"https:\/\/saskar.store\/es\/wp-json\/wp\/v2\/product_brand?post=1465"},{"taxonomy":"product_cat","embeddable":true,"href":"https:\/\/saskar.store\/es\/wp-json\/wp\/v2\/product_cat?post=1465"},{"taxonomy":"product_tag","embeddable":true,"href":"https:\/\/saskar.store\/es\/wp-json\/wp\/v2\/product_tag?post=1465"}],"curies":[{"name":"wp","href":"https:\/\/api.w.org\/{rel}","templated":true}]}}