{"id":1192,"date":"2026-01-01T04:19:32","date_gmt":"2026-01-01T04:19:32","guid":{"rendered":"https:\/\/saskar.store\/?post_type=product&#038;p=1192"},"modified":"2026-01-31T14:54:49","modified_gmt":"2026-01-31T14:54:49","slug":"red-sandalwood-mala-also-known-as-a-rakta-chandan-mala-which-is-a-set-of-prayer-beads-used-in-spiritual-practices","status":"publish","type":"product","link":"https:\/\/saskar.store\/es\/producto\/red-sandalwood-mala-also-known-as-a-rakta-chandan-mala-which-is-a-set-of-prayer-beads-used-in-spiritual-practices\/","title":{"rendered":"Mala de s\u00e1ndalo rojo, tambi\u00e9n conocida como rakta chandan mala, que es un conjunto de cuentas de oraci\u00f3n utilizadas en pr\u00e1cticas espirituales."},"content":{"rendered":"<h2>Descripci\u00f3n del Producto:Mala de s\u00e1ndalo rojo, tambi\u00e9n conocida como rakta chandan mala, que es un conjunto de cuentas de oraci\u00f3n utilizadas en pr\u00e1cticas espirituales.<\/h2>\n<p>Este es un mala de s\u00e1ndalo rojo o Lal Chandan Mala, un conjunto de cuentas de oraci\u00f3n utilizadas para la meditaci\u00f3n, el canto de mantras (japa) y la pr\u00e1ctica espiritual general en el hinduismo y el budismo. Cuenta con 108 cuentas principales m\u00e1s una cuenta &#8220;gur\u00fa&#8221; m\u00e1s grande, una configuraci\u00f3n tradicional.<\/p>\n<p>Informaci\u00f3n clave<\/p>\n<p>Material: Las cuentas est\u00e1n hechas de s\u00e1ndalo rojo (tambi\u00e9n conocido como Pterocarpus santalinus o Rakt Chandan). La madera es conocida por su aroma natural y su tono rojizo.<br \/>\nProp\u00f3sito: Los malas se usan principalmente para contar repeticiones de mantras durante la meditaci\u00f3n o la oraci\u00f3n, lo que ayuda a enfocar la mente.<br \/>\nSignificado espiritual: el s\u00e1ndalo rojo se considera auspicioso, simboliza al Se\u00f1or Brahma y es bendecido por la diosa Lakshmi. Se cree que tiene un efecto refrescante en la mente, ayuda a controlar la ira, mejora la concentraci\u00f3n y atrae abundancia y prosperidad.<\/p>","protected":false},"excerpt":{"rendered":"<p>Descripci\u00f3n del Producto:Mala de s\u00e1ndalo rojo, tambi\u00e9n conocida como rakta chandan mala, que es un conjunto de cuentas de oraci\u00f3n utilizadas en pr\u00e1cticas espirituales. Este es un mala de s\u00e1ndalo rojo o Lal Chandan Mala, un conjunto de cuentas de oraci\u00f3n utilizadas para la meditaci\u00f3n, el canto de mantras (japa) y la pr\u00e1ctica espiritual general [&#8230;]\n","protected":false},"featured_media":1138,"comment_status":"open","ping_status":"closed","template":"","meta":[],"product_brand":[],"product_cat":[47,44],"product_tag":[],"class_list":{"0":"post-1192","1":"product","2":"type-product","3":"status-publish","4":"has-post-thumbnail","6":"product_cat-collar","7":"product_cat-joyeria","9":"first","10":"instock","11":"taxable","12":"shipping-taxable","13":"purchasable","14":"product-type-simple"},"jetpack_sharing_enabled":true,"_links":{"self":[{"href":"https:\/\/saskar.store\/es\/wp-json\/wp\/v2\/product\/1192","targetHints":{"allow":["GET"]}}],"collection":[{"href":"https:\/\/saskar.store\/es\/wp-json\/wp\/v2\/product"}],"about":[{"href":"https:\/\/saskar.store\/es\/wp-json\/wp\/v2\/types\/product"}],"replies":[{"embeddable":true,"href":"https:\/\/saskar.store\/es\/wp-json\/wp\/v2\/comments?post=1192"}],"wp:featuredmedia":[{"embeddable":true,"href":"https:\/\/saskar.store\/es\/wp-json\/wp\/v2\/media\/1138"}],"wp:attachment":[{"href":"https:\/\/saskar.store\/es\/wp-json\/wp\/v2\/media?parent=1192"}],"wp:term":[{"taxonomy":"product_brand","embeddable":true,"href":"https:\/\/saskar.store\/es\/wp-json\/wp\/v2\/product_brand?post=1192"},{"taxonomy":"product_cat","embeddable":true,"href":"https:\/\/saskar.store\/es\/wp-json\/wp\/v2\/product_cat?post=1192"},{"taxonomy":"product_tag","embeddable":true,"href":"https:\/\/saskar.store\/es\/wp-json\/wp\/v2\/product_tag?post=1192"}],"curies":[{"name":"wp","href":"https:\/\/api.w.org\/{rel}","templated":true}]}}