{"id":822,"date":"2025-12-29T12:19:24","date_gmt":"2025-12-29T12:19:24","guid":{"rendered":"https:\/\/saskar.store\/?post_type=product&#038;p=822"},"modified":"2026-01-23T11:54:12","modified_gmt":"2026-01-23T11:54:12","slug":"peto-artesanal-tie-dye-fuego","status":"publish","type":"product","link":"https:\/\/saskar.store\/en\/product\/peto-artesanal-tie-dye-fuego\/","title":{"rendered":"Peto artesanal tie-dye &#8211; Fuego"},"content":{"rendered":"<h2>Descripci\u00f3n del Producto : Peto artesanal tie-dye &#8211; Fuego<\/h2>\n<p>Peto corto de estilo artesanal, confeccionado en algod\u00f3n ligero y c\u00f3modo. Presenta un exclusivo dise\u00f1o\u00a0tie-dye\u00a0en tonos negro, amarillo y rojo, que hace que cada prenda sea \u00fanica. Cuenta con tirantes ajustables con botones, bolsillo frontal funcional y corte relajado que ofrece libertad de movimiento.<\/p>\n<p>Perfecto para looks casuales, festivales, verano o estilos bohemios y alternativos. Se puede combinar f\u00e1cilmente con camisas, camisetas o usar solo en d\u00edas c\u00e1lidos.<\/p>\n<p>Mono con tirantes tie-dye, pantalones cortos con tirantes, mono holgado con tirantes tie-dye, botones de coco, bolsillo delantero en el pecho, dos bolsillos traseros, dos bolsillos laterales<\/p>\n","protected":false},"excerpt":{"rendered":"<p>Descripci\u00f3n del Producto : Peto artesanal tie-dye &#8211; Fuego Peto corto de estilo artesanal, confeccionado en algod\u00f3n ligero y c\u00f3modo. Presenta un exclusivo dise\u00f1o\u00a0tie-dye\u00a0en tonos negro, amarillo y rojo, que hace que cada prenda sea \u00fanica. Cuenta con tirantes ajustables con botones, bolsillo frontal funcional y corte relajado que ofrece libertad de movimiento. Perfecto para [&#8230;]\n","protected":false},"featured_media":714,"comment_status":"open","ping_status":"closed","template":"","meta":[],"product_brand":[],"product_cat":[26,37],"product_tag":[],"class_list":{"0":"post-822","1":"product","2":"type-product","3":"status-publish","4":"has-post-thumbnail","6":"product_cat-mujer","7":"product_cat-pantalones","9":"first","10":"instock","11":"taxable","12":"shipping-taxable","13":"purchasable","14":"product-type-variable"},"jetpack_sharing_enabled":true,"_links":{"self":[{"href":"https:\/\/saskar.store\/en\/wp-json\/wp\/v2\/product\/822","targetHints":{"allow":["GET"]}}],"collection":[{"href":"https:\/\/saskar.store\/en\/wp-json\/wp\/v2\/product"}],"about":[{"href":"https:\/\/saskar.store\/en\/wp-json\/wp\/v2\/types\/product"}],"replies":[{"embeddable":true,"href":"https:\/\/saskar.store\/en\/wp-json\/wp\/v2\/comments?post=822"}],"wp:featuredmedia":[{"embeddable":true,"href":"https:\/\/saskar.store\/en\/wp-json\/wp\/v2\/media\/714"}],"wp:attachment":[{"href":"https:\/\/saskar.store\/en\/wp-json\/wp\/v2\/media?parent=822"}],"wp:term":[{"taxonomy":"product_brand","embeddable":true,"href":"https:\/\/saskar.store\/en\/wp-json\/wp\/v2\/product_brand?post=822"},{"taxonomy":"product_cat","embeddable":true,"href":"https:\/\/saskar.store\/en\/wp-json\/wp\/v2\/product_cat?post=822"},{"taxonomy":"product_tag","embeddable":true,"href":"https:\/\/saskar.store\/en\/wp-json\/wp\/v2\/product_tag?post=822"}],"curies":[{"name":"wp","href":"https:\/\/api.w.org\/{rel}","templated":true}]}}