{"id":779,"date":"2025-12-29T11:13:25","date_gmt":"2025-12-29T11:13:25","guid":{"rendered":"https:\/\/saskar.store\/?post_type=product&#038;p=779"},"modified":"2025-12-29T11:19:13","modified_gmt":"2025-12-29T11:19:13","slug":"mono-peto-hippie-patchwork-con-entrepierna-caida","status":"publish","type":"product","link":"https:\/\/saskar.store\/en\/product\/mono-peto-hippie-patchwork-con-entrepierna-caida\/","title":{"rendered":"Mono Peto Hippie patchwork  con entrepierna ca\u00edda"},"content":{"rendered":"<p>Peto estilo hippie de algod\u00f3n, confeccionado en patchwork. Cuenta con bolsillos delanteros, traseros y uno adicional en el frente. De tiro largo, el\u00e1stico en los tobillos y tirantes ajustables con botones de coco y madera.<\/p>\n<p>Los colores y la disposici\u00f3n de los parches pueden variar respecto al modelo mostrado, lo que hace que cada prenda sea \u00fanica. El color del producto hace referencia al tono predominante.<\/p>\n<p>Talla \u00fanica, equivale a una M<\/p>\n<p>Talla \u00fanica, equivale a una L\/ XL<\/p>\n","protected":false},"excerpt":{"rendered":"<p>Peto estilo hippie de algod\u00f3n, confeccionado en patchwork. Cuenta con bolsillos delanteros, traseros y uno adicional en el frente. De tiro largo, el\u00e1stico en los tobillos y tirantes ajustables con botones de coco y madera. Los colores y la disposici\u00f3n de los parches pueden variar respecto al modelo mostrado, lo que hace que cada prenda [&#8230;]\n","protected":false},"featured_media":713,"comment_status":"open","ping_status":"closed","template":"","meta":[],"product_brand":[],"product_cat":[26,37],"product_tag":[],"class_list":{"0":"post-779","1":"product","2":"type-product","3":"status-publish","4":"has-post-thumbnail","6":"product_cat-mujer","7":"product_cat-pantalones","9":"first","10":"instock","11":"taxable","12":"shipping-taxable","13":"purchasable","14":"product-type-variable"},"jetpack_sharing_enabled":true,"_links":{"self":[{"href":"https:\/\/saskar.store\/en\/wp-json\/wp\/v2\/product\/779","targetHints":{"allow":["GET"]}}],"collection":[{"href":"https:\/\/saskar.store\/en\/wp-json\/wp\/v2\/product"}],"about":[{"href":"https:\/\/saskar.store\/en\/wp-json\/wp\/v2\/types\/product"}],"replies":[{"embeddable":true,"href":"https:\/\/saskar.store\/en\/wp-json\/wp\/v2\/comments?post=779"}],"wp:featuredmedia":[{"embeddable":true,"href":"https:\/\/saskar.store\/en\/wp-json\/wp\/v2\/media\/713"}],"wp:attachment":[{"href":"https:\/\/saskar.store\/en\/wp-json\/wp\/v2\/media?parent=779"}],"wp:term":[{"taxonomy":"product_brand","embeddable":true,"href":"https:\/\/saskar.store\/en\/wp-json\/wp\/v2\/product_brand?post=779"},{"taxonomy":"product_cat","embeddable":true,"href":"https:\/\/saskar.store\/en\/wp-json\/wp\/v2\/product_cat?post=779"},{"taxonomy":"product_tag","embeddable":true,"href":"https:\/\/saskar.store\/en\/wp-json\/wp\/v2\/product_tag?post=779"}],"curies":[{"name":"wp","href":"https:\/\/api.w.org\/{rel}","templated":true}]}}