{"id":768,"date":"2025-12-28T12:59:08","date_gmt":"2025-12-28T12:59:08","guid":{"rendered":"https:\/\/saskar.store\/?post_type=product&#038;p=768"},"modified":"2025-12-28T12:59:51","modified_gmt":"2025-12-28T12:59:51","slug":"womens-linen-and-cotton-trousers-with-elastic-waistband-and-drawstring-pockets-lightweight-long-casual-high-waisted-solid-color-loose-fit","status":"publish","type":"product","link":"https:\/\/saskar.store\/en\/product\/womens-linen-and-cotton-trousers-with-elastic-waistband-and-drawstring-pockets-lightweight-long-casual-high-waisted-solid-color-loose-fit\/","title":{"rendered":"Women&#8217;s linen and cotton trousers with elastic waistband and drawstring. Pockets, lightweight, long, casual, high-waisted, solid color, loose fit"},"content":{"rendered":"<ul class=\"a-unordered-list a-vertical a-spacing-small\">\n<li><span class=\"a-list-item a-size-base a-color-base\">Materiales: hecho de algod\u00f3n y lino, c\u00f3modo, suave y agradable al tacto, transpirable, adecuado para primavera y verano.<\/span><\/li>\n<li><span class=\"a-list-item a-size-base a-color-base\">Ejecuci\u00f3n: monocromo-neinfach aber nie aus der Zeit; Taschen &#8211; packen Sie Handy, Schl\u00fcssel, brieftasche und taschent\u00fccher ein, damit sie schnell ohne Rucksack losziehen k\u00f6nnen. Kordelzug\/Gummiband &#8211; elastisch Sie k\u00f6nnen die enge an Ihre pers\u00f6nliche Situation anpassen, damit sie bequem zu tragen.<\/span><\/li>\n<li><span class=\"a-list-item a-size-base a-color-base\">Ocasi\u00f3n: Adecuado para el uso diario, compras, citas, fiesta, hogar, mar, vacaciones, festival, salir, deportes al aire libre, oficina<\/span><\/li>\n<li><span class=\"a-list-item a-size-base a-color-base\">Bonito regalo: si est\u00e1s buscando un regalo adecuado para tus amigos, novias, esposas, entonces estos pantalones de lino son una muy buena opci\u00f3n.<\/span><\/li>\n<li><span class=\"a-list-item a-size-base a-color-base\">Por favor, tenga en cuenta: por favor, consulte la informaci\u00f3n de tallas en las fotos o detalles del producto, elija el tama\u00f1o correcto antes de realizar el pedido.<\/span><\/li>\n<\/ul>\n","protected":false},"excerpt":{"rendered":"<p>Materiales: hecho de algod\u00f3n y lino, c\u00f3modo, suave y agradable al tacto, transpirable, adecuado para primavera y verano. Ejecuci\u00f3n: monocromo-neinfach aber nie aus der Zeit; Taschen &#8211; packen Sie Handy, Schl\u00fcssel, brieftasche und taschent\u00fccher ein, damit sie schnell ohne Rucksack losziehen k\u00f6nnen. Kordelzug\/Gummiband &#8211; elastisch Sie k\u00f6nnen die enge an Ihre pers\u00f6nliche Situation anpassen, damit [&#8230;]\n","protected":false},"featured_media":718,"comment_status":"open","ping_status":"closed","template":"","meta":[],"product_brand":[],"product_cat":[26,37],"product_tag":[],"class_list":{"0":"post-768","1":"product","2":"type-product","3":"status-publish","4":"has-post-thumbnail","6":"product_cat-mujer","7":"product_cat-pantalones","9":"first","10":"instock","11":"taxable","12":"shipping-taxable","13":"purchasable","14":"product-type-variable"},"jetpack_sharing_enabled":true,"_links":{"self":[{"href":"https:\/\/saskar.store\/en\/wp-json\/wp\/v2\/product\/768","targetHints":{"allow":["GET"]}}],"collection":[{"href":"https:\/\/saskar.store\/en\/wp-json\/wp\/v2\/product"}],"about":[{"href":"https:\/\/saskar.store\/en\/wp-json\/wp\/v2\/types\/product"}],"replies":[{"embeddable":true,"href":"https:\/\/saskar.store\/en\/wp-json\/wp\/v2\/comments?post=768"}],"wp:featuredmedia":[{"embeddable":true,"href":"https:\/\/saskar.store\/en\/wp-json\/wp\/v2\/media\/718"}],"wp:attachment":[{"href":"https:\/\/saskar.store\/en\/wp-json\/wp\/v2\/media?parent=768"}],"wp:term":[{"taxonomy":"product_brand","embeddable":true,"href":"https:\/\/saskar.store\/en\/wp-json\/wp\/v2\/product_brand?post=768"},{"taxonomy":"product_cat","embeddable":true,"href":"https:\/\/saskar.store\/en\/wp-json\/wp\/v2\/product_cat?post=768"},{"taxonomy":"product_tag","embeddable":true,"href":"https:\/\/saskar.store\/en\/wp-json\/wp\/v2\/product_tag?post=768"}],"curies":[{"name":"wp","href":"https:\/\/api.w.org\/{rel}","templated":true}]}}