{"id":761,"date":"2025-12-28T12:21:22","date_gmt":"2025-12-28T12:21:22","guid":{"rendered":"https:\/\/saskar.store\/?post_type=product&#038;p=761"},"modified":"2026-01-31T16:10:03","modified_gmt":"2026-01-31T16:10:03","slug":"fair-isle-wool-vintage-ski-sweater-one-size-fits-all","status":"publish","type":"product","link":"https:\/\/saskar.store\/en\/product\/fair-isle-wool-vintage-ski-sweater-one-size-fits-all\/","title":{"rendered":"Su\u00e9ter De Esqu\u00ed Vintage De Lana Fair Isle, Talla unica"},"content":{"rendered":"<h2>Descripci\u00f3n del Producto: Su\u00e9ter De Esqu\u00ed Vintage De Lana Fair Isle, Talla unica<\/h2>\n<p>Su\u00e9ter de lana con un cl\u00e1sico patr\u00f3n Fair Isle en negro y crema. Este c\u00e1lido tejido presenta un cuello redondo tradicional y mangas largas, perfecto para usar en capas en d\u00edas fr\u00edos. Ideal para ropa casual, aventuras al aire libre o veladas acogedoras junto al fuego.<br \/>\nHombres\/Mujeres Material: 100% lana, Mezcla de lana Escote: Cuello redondo Tema: Naturaleza, Tribal, Retro, Cl\u00e1sico, Exterior Tipo: Su\u00e9ter Longitud de la manga: Manga larga Caracter\u00edsticas: Peso pesado, Todas las estaciones Patr\u00f3n: Fair Isle Tipo de tela: Punto Acentos: Logo Palabras clave: Saskar, Su\u00e9ter de lana, Fair Isle, Cuello redondo, Manga larga, Prendas de punto, Noruego, N\u00f3rdico, Invierno, Al aire libre, Casual, Acogedor, Capas, Estilo vintage.<\/p>\n<p>Agradable y acogedor. muy c\u00e1lido. perfecto para el clima fr\u00edo.<br \/>\nGran calidad y excelente calidad para el cuidado Lavar a mano en agua fr\u00eda y colocar plana para secar.<br \/>\nTalla \u00danica<br \/>\nya que es hecho a mano no hay dos exactamente el mismo. as\u00ed que por favor esperar algunas variaciones en el tama\u00f1o, el color y la sombra.<br \/>\ntela a mano por las mujeres Comunidad de Katmand\u00fa en un pr\u00e1cticas de comercio justo.<\/p>\n","protected":false},"excerpt":{"rendered":"<p>Descripci\u00f3n del Producto: Su\u00e9ter De Esqu\u00ed Vintage De Lana Fair Isle, Talla unica Su\u00e9ter de lana con un cl\u00e1sico patr\u00f3n Fair Isle en negro y crema. Este c\u00e1lido tejido presenta un cuello redondo tradicional y mangas largas, perfecto para usar en capas en d\u00edas fr\u00edos. Ideal para ropa casual, aventuras al aire libre o veladas [&#8230;]\n","protected":false},"featured_media":744,"comment_status":"open","ping_status":"closed","template":"","meta":[],"product_brand":[],"product_cat":[20,30,26,38],"product_tag":[],"class_list":{"0":"post-761","1":"product","2":"type-product","3":"status-publish","4":"has-post-thumbnail","6":"product_cat-hombre","7":"product_cat-hoodies-and-sweaters","8":"product_cat-mujer","9":"product_cat-sudaderas-y-sueteres","11":"first","12":"instock","13":"taxable","14":"shipping-taxable","15":"purchasable","16":"product-type-variable"},"jetpack_sharing_enabled":true,"_links":{"self":[{"href":"https:\/\/saskar.store\/en\/wp-json\/wp\/v2\/product\/761","targetHints":{"allow":["GET"]}}],"collection":[{"href":"https:\/\/saskar.store\/en\/wp-json\/wp\/v2\/product"}],"about":[{"href":"https:\/\/saskar.store\/en\/wp-json\/wp\/v2\/types\/product"}],"replies":[{"embeddable":true,"href":"https:\/\/saskar.store\/en\/wp-json\/wp\/v2\/comments?post=761"}],"wp:featuredmedia":[{"embeddable":true,"href":"https:\/\/saskar.store\/en\/wp-json\/wp\/v2\/media\/744"}],"wp:attachment":[{"href":"https:\/\/saskar.store\/en\/wp-json\/wp\/v2\/media?parent=761"}],"wp:term":[{"taxonomy":"product_brand","embeddable":true,"href":"https:\/\/saskar.store\/en\/wp-json\/wp\/v2\/product_brand?post=761"},{"taxonomy":"product_cat","embeddable":true,"href":"https:\/\/saskar.store\/en\/wp-json\/wp\/v2\/product_cat?post=761"},{"taxonomy":"product_tag","embeddable":true,"href":"https:\/\/saskar.store\/en\/wp-json\/wp\/v2\/product_tag?post=761"}],"curies":[{"name":"wp","href":"https:\/\/api.w.org\/{rel}","templated":true}]}}