{"id":388,"date":"2025-12-05T12:21:43","date_gmt":"2025-12-05T12:21:43","guid":{"rendered":"https:\/\/saskar.store\/?post_type=product&#038;p=388"},"modified":"2026-01-24T16:44:27","modified_gmt":"2026-01-24T16:44:27","slug":"harem-pants-harem-pants-bloomers-aladdin-pant","status":"publish","type":"product","link":"https:\/\/saskar.store\/en\/product\/harem-pants-harem-pants-bloomers-aladdin-pant\/","title":{"rendered":"Pantalones Har\u00e9n, Pantalones Aladino, Pantalones Goa"},"content":{"rendered":"<div>\n<h2>Descripci\u00f3n del Producto : Pantalones Har\u00e9n, Pantalones Aladino, Pantalones Goa<\/h2>\n<\/div>\n<div>\n<div><strong>Color<\/strong>: El color principal es azul marino oscuro o negro, con grandes parches naranjas en contraste en los bolsillos cargo y una parte de la parte inferior de la pernera.<\/div>\n<\/div>\n<div><strong>Dise\u00f1o<\/strong>: Se caracterizan por un corte holgado y muy suelto, con una entrepierna baja o ca\u00edda que se extiende hasta las rodillas. Las perneras se estrechan y se fruncen en los tobillos, que parecen tener un bajo el\u00e1stico.<br \/>\n<strong>Material y comodidad<\/strong>: Generalmente confeccionados con un material ligero, transpirable y suave como el algod\u00f3n, ofrecen m\u00e1xima comodidad y libertad de movimiento.<br \/>\n<strong>Cintura<\/strong>: La cintura es el\u00e1stica y, a menudo, tambi\u00e9n incluye un cord\u00f3n ajustable para un ajuste seguro y flexible.<br \/>\n<strong>Bolsillos<\/strong>: Los pantalones cuentan con m\u00faltiples bolsillos, incluyendo bolsillos laterales y grandes y prominentes bolsillos cargo de parche en las <strong>perneras<\/strong>, resaltados por el color naranja en contraste y los ribetes negros. Uno de los bolsillos cargo tiene un elemento decorativo circular, posiblemente un mandala bordado o un dise\u00f1o en espiral.<br \/>\n<strong>Estilo<\/strong>: Este estilo se asocia con las tendencias de moda hippie, bohemia y Goa, lo que los hace ideales para ropa casual, festivales, yoga o para relajarse.<\/div>\n<div><\/div>\n<div><\/div>\n<div><\/div>\n","protected":false},"excerpt":{"rendered":"<p>Descripci\u00f3n del Producto : Pantalones Har\u00e9n, Pantalones Aladino, Pantalones Goa Color: El color principal es azul marino oscuro o negro, con grandes parches naranjas en contraste en los bolsillos cargo y una parte de la parte inferior de la pernera. Dise\u00f1o: Se caracterizan por un corte holgado y muy suelto, con una entrepierna baja o [&#8230;]\n","protected":false},"featured_media":219,"comment_status":"open","ping_status":"closed","template":"","meta":[],"product_brand":[],"product_cat":[20,31,37],"product_tag":[],"class_list":{"0":"post-388","1":"product","2":"type-product","3":"status-publish","4":"has-post-thumbnail","6":"product_cat-hombre","7":"product_cat-pantalon","8":"product_cat-pantalones","10":"first","11":"instock","12":"taxable","13":"shipping-taxable","14":"purchasable","15":"product-type-variable"},"jetpack_sharing_enabled":true,"_links":{"self":[{"href":"https:\/\/saskar.store\/en\/wp-json\/wp\/v2\/product\/388","targetHints":{"allow":["GET"]}}],"collection":[{"href":"https:\/\/saskar.store\/en\/wp-json\/wp\/v2\/product"}],"about":[{"href":"https:\/\/saskar.store\/en\/wp-json\/wp\/v2\/types\/product"}],"replies":[{"embeddable":true,"href":"https:\/\/saskar.store\/en\/wp-json\/wp\/v2\/comments?post=388"}],"wp:featuredmedia":[{"embeddable":true,"href":"https:\/\/saskar.store\/en\/wp-json\/wp\/v2\/media\/219"}],"wp:attachment":[{"href":"https:\/\/saskar.store\/en\/wp-json\/wp\/v2\/media?parent=388"}],"wp:term":[{"taxonomy":"product_brand","embeddable":true,"href":"https:\/\/saskar.store\/en\/wp-json\/wp\/v2\/product_brand?post=388"},{"taxonomy":"product_cat","embeddable":true,"href":"https:\/\/saskar.store\/en\/wp-json\/wp\/v2\/product_cat?post=388"},{"taxonomy":"product_tag","embeddable":true,"href":"https:\/\/saskar.store\/en\/wp-json\/wp\/v2\/product_tag?post=388"}],"curies":[{"name":"wp","href":"https:\/\/api.w.org\/{rel}","templated":true}]}}