{"id":2983,"date":"2026-02-20T08:02:31","date_gmt":"2026-02-20T08:02:31","guid":{"rendered":"https:\/\/saskar.store\/?post_type=product&#038;p=2983"},"modified":"2026-02-20T08:02:31","modified_gmt":"2026-02-20T08:02:31","slug":"pantalones-harem-boho-patchwork-de-algodon-unisex-naranja","status":"publish","type":"product","link":"https:\/\/saskar.store\/en\/product\/pantalones-harem-boho-patchwork-de-algodon-unisex-naranja\/","title":{"rendered":"Pantalones Harem Boho Patchwork de Algod\u00f3n \u2013 Unisex- Naranja"},"content":{"rendered":"<div>\n<h3 class=\"AdPoic\" role=\"heading\" aria-level=\"3\" data-complete=\"true\" data-processed=\"true\">Detalles del producto : Pantalones Harem Boho Patchwork de Algod\u00f3n \u2013 Unisex- Naranja<\/h3>\n<\/div>\n<div>Dale a tu look un estilo libre y aut\u00e9ntico con estos pantalones harem boho de patchwork en tonos mostaza y verde oliva, ideales para quienes buscan comodidad sin perder el estilo. Est\u00e1n confeccionados en algod\u00f3n suave y transpirable, perfectos para primavera, verano y entretiempo, manteniendo la piel fresca durante todo el d\u00eda.<br \/>\nSu dise\u00f1o holgado con corte harem y tiro bajo permite total libertad de movimiento, por lo que son excelentes para yoga, meditaci\u00f3n, viajes, festivales, playa o uso diario. La cintura es totalmente el\u00e1stica, se adapta c\u00f3modamente a diferentes tallas y facilita ponerlos y quitarlos sin esfuerzo. Los pu\u00f1os el\u00e1sticos en los tobillos mantienen la forma cl\u00e1sica del pantal\u00f3n harem.<br \/>\nEl patr\u00f3n patchwork artesanal combina bloques de color con detalles sutiles de rayas, dando a cada prenda un car\u00e1cter \u00fanico. Peque\u00f1as variaciones son parte del encanto hecho a mano y reflejando su origen artesanal.<br \/>\nSon unisex y vers\u00e1tiles, f\u00e1ciles de combinar con camisetas, tops, sudaderas o camisas boho. Ideales para quienes aman la moda bohemia, hippie y relajada.<\/div>\n<div>\n<h4 class=\"Y3BBE\" data-hveid=\"CAEIBhAA\" data-complete=\"true\" data-processed=\"true\"><strong>Este modelo espec\u00edfico destaca por las siguientes caracter\u00edsticas:<\/strong><\/h4>\n<ul class=\"KsbFXc U6u95\" data-complete=\"true\" data-processed=\"true\">\n<li data-hveid=\"CAEIBxAA\" data-complete=\"true\" data-sae=\"\"><span class=\"T286Pc\" data-sfc-cp=\"\" data-complete=\"true\"><strong class=\"Yjhzub\" data-complete=\"true\">Dise\u00f1o:<\/strong>\u00a0Presenta un estilo de\u00a0<strong class=\"Yjhzub\" data-complete=\"true\">patchwork<\/strong>\u00a0con bandas anchas en colores tierra, principalmente\u00a0<strong class=\"Yjhzub\" data-complete=\"true\">naranja, terracota y marr\u00f3n<\/strong>.<\/span><\/li>\n<li data-hveid=\"CAEIBxAB\" data-complete=\"true\" data-sae=\"\"><span class=\"T286Pc\" data-sfc-cp=\"\" data-complete=\"true\"><strong class=\"Yjhzub\" data-complete=\"true\">Material:<\/strong>\u00a0Generalmente est\u00e1n confeccionados en\u00a0<strong class=\"Yjhzub\" data-complete=\"true\">algod\u00f3n 100%<\/strong>, lo que proporciona una textura ligera, transpirable y c\u00f3moda para climas c\u00e1lidos o actividades como el yoga.<\/span><\/li>\n<li data-hveid=\"CAEIBxAC\" data-complete=\"true\" data-sae=\"\"><span class=\"T286Pc\" data-sfc-cp=\"\" data-complete=\"true\"><strong class=\"Yjhzub\" data-complete=\"true\">Ajuste:<\/strong>\u00a0Cuenta con una\u00a0<strong class=\"Yjhzub\" data-complete=\"true\">cintura el\u00e1stica<\/strong>\u00a0que a menudo incluye un cord\u00f3n para un ajuste seguro, y es com\u00fan que se comercialicen como\u00a0<strong class=\"Yjhzub\" data-complete=\"true\">talla \u00fanica<\/strong>\u00a0debido a su amplitud.<\/span><\/li>\n<li data-hveid=\"CAEIBxAD\" data-complete=\"true\" data-sae=\"\"><span class=\"T286Pc\" data-sfc-cp=\"\" data-complete=\"true\" aria-owns=\"action-menu-parent-container\"><strong class=\"Yjhzub\" data-complete=\"true\">Origen:<\/strong>\u00a0Muchas de estas piezas son artesanales y provienen de regiones como\u00a0<strong class=\"Yjhzub\" data-complete=\"true\">Nepal o India<\/strong>, asociadas con la moda \u00e9tica y bohemia.<\/span><\/li>\n<\/ul>\n<\/div>\n","protected":false},"excerpt":{"rendered":"<p>Detalles del producto : Pantalones Harem Boho Patchwork de Algod\u00f3n \u2013 Unisex- Naranja Dale a tu look un estilo libre y aut\u00e9ntico con estos pantalones harem boho de patchwork en tonos mostaza y verde oliva, ideales para quienes buscan comodidad sin perder el estilo. Est\u00e1n confeccionados en algod\u00f3n suave y transpirable, perfectos para primavera, verano [&#8230;]\n","protected":false},"featured_media":2985,"comment_status":"open","ping_status":"closed","template":"","meta":[],"product_brand":[],"product_cat":[31,20,26,37],"product_tag":[],"class_list":{"0":"post-2983","1":"product","2":"type-product","3":"status-publish","4":"has-post-thumbnail","6":"product_cat-pantalon","7":"product_cat-hombre","8":"product_cat-mujer","9":"product_cat-pantalones","11":"first","12":"instock","13":"taxable","14":"shipping-taxable","15":"purchasable","16":"product-type-simple"},"jetpack_sharing_enabled":true,"_links":{"self":[{"href":"https:\/\/saskar.store\/en\/wp-json\/wp\/v2\/product\/2983","targetHints":{"allow":["GET"]}}],"collection":[{"href":"https:\/\/saskar.store\/en\/wp-json\/wp\/v2\/product"}],"about":[{"href":"https:\/\/saskar.store\/en\/wp-json\/wp\/v2\/types\/product"}],"replies":[{"embeddable":true,"href":"https:\/\/saskar.store\/en\/wp-json\/wp\/v2\/comments?post=2983"}],"wp:featuredmedia":[{"embeddable":true,"href":"https:\/\/saskar.store\/en\/wp-json\/wp\/v2\/media\/2985"}],"wp:attachment":[{"href":"https:\/\/saskar.store\/en\/wp-json\/wp\/v2\/media?parent=2983"}],"wp:term":[{"taxonomy":"product_brand","embeddable":true,"href":"https:\/\/saskar.store\/en\/wp-json\/wp\/v2\/product_brand?post=2983"},{"taxonomy":"product_cat","embeddable":true,"href":"https:\/\/saskar.store\/en\/wp-json\/wp\/v2\/product_cat?post=2983"},{"taxonomy":"product_tag","embeddable":true,"href":"https:\/\/saskar.store\/en\/wp-json\/wp\/v2\/product_tag?post=2983"}],"curies":[{"name":"wp","href":"https:\/\/api.w.org\/{rel}","templated":true}]}}