{"id":2980,"date":"2026-02-20T07:52:55","date_gmt":"2026-02-20T07:52:55","guid":{"rendered":"https:\/\/saskar.store\/?post_type=product&#038;p=2980"},"modified":"2026-02-20T07:52:55","modified_gmt":"2026-02-20T07:52:55","slug":"pantalones-harem-boho-patchwork-de-algodon-unisex-marron","status":"publish","type":"product","link":"https:\/\/saskar.store\/en\/product\/pantalones-harem-boho-patchwork-de-algodon-unisex-marron\/","title":{"rendered":"Pantalones Harem Boho Patchwork de Algod\u00f3n \u2013 Unisex-Marr\u00f3n"},"content":{"rendered":"<div>\n<h3 class=\"AdPoic\" role=\"heading\" aria-level=\"3\" data-complete=\"true\" data-processed=\"true\">Detalles del Producto : Pantalones Harem Boho Patchwork de Algod\u00f3n \u2013 Unisex- Marr\u00f3n<\/h3>\n<\/div>\n<div>Dale a tu look un estilo libre y aut\u00e9ntico con estos pantalones harem boho de patchwork en tonos mostaza y verde oliva, ideales para quienes buscan comodidad sin perder el estilo. Est\u00e1n confeccionados en algod\u00f3n suave y transpirable, perfectos para primavera, verano y entretiempo, manteniendo la piel fresca durante todo el d\u00eda.<br \/>\nSu dise\u00f1o holgado con corte harem y tiro bajo permite total libertad de movimiento, por lo que son excelentes para yoga, meditaci\u00f3n, viajes, festivales, playa o uso diario. La cintura es totalmente el\u00e1stica, se adapta c\u00f3modamente a diferentes tallas y facilita ponerlos y quitarlos sin esfuerzo. Los pu\u00f1os el\u00e1sticos en los tobillos mantienen la forma cl\u00e1sica del pantal\u00f3n harem.<br \/>\nEl patr\u00f3n patchwork artesanal combina bloques de color con detalles sutiles de rayas, dando a cada prenda un car\u00e1cter \u00fanico. Peque\u00f1as variaciones son parte del encanto hecho a mano y reflejando su origen artesanal.<br \/>\nSon unisex y vers\u00e1tiles, f\u00e1ciles de combinar con camisetas, tops, sudaderas o camisas boho. Ideales para quienes aman la moda bohemia, hippie y relajada.<\/div>\n<div>\n<div class=\"Y3BBE\" data-sfc-cp=\"\" data-hveid=\"CAEIBBAA\" data-complete=\"true\" data-processed=\"true\">Esta prenda es un\u00a0<strong class=\"Yjhzub\" data-complete=\"true\" data-processed=\"true\">pantal\u00f3n harem tipo Aladino<\/strong>\u00a0(o afgano), caracterizado por su corte de entrepierna muy baja, casi hasta los tobillos, y pu\u00f1os el\u00e1sticos.<span class=\"uJ19be notranslate\" data-wiz-uids=\"jrhHwd_l,jrhHwd_m\" data-complete=\"true\" data-processed=\"true\"><span class=\"vKEkVd\" data-animation-atomic=\"\" data-wiz-attrbind=\"class=jrhHwd_k\/TKHnVd\" data-sae=\"\"><span aria-hidden=\"true\">\u00a0<\/span><\/span><\/span><\/div>\n<div class=\"Fsg96\" data-sfc-cp=\"\" data-complete=\"true\" data-processed=\"true\"><\/div>\n<h3 class=\"AdPoic\" role=\"heading\" aria-level=\"3\" data-complete=\"true\" data-processed=\"true\">Detalles del dise\u00f1o<\/h3>\n<ul class=\"KsbFXc U6u95\" data-complete=\"true\" data-processed=\"true\">\n<li data-hveid=\"CAEIBhAA\" data-complete=\"true\" data-sae=\"\"><span class=\"T286Pc\" data-sfc-cp=\"\" data-complete=\"true\"><strong class=\"Yjhzub\" data-complete=\"true\">Estilo:<\/strong>\u00a0Presenta un dise\u00f1o de\u00a0<strong class=\"Yjhzub\" data-complete=\"true\">patchwork<\/strong>\u00a0con bloques asim\u00e9tricos de tela en tonos negro, terracota y granate.<\/span><\/li>\n<li data-hveid=\"CAEIBhAB\" data-complete=\"true\" data-sae=\"\"><span class=\"T286Pc\" data-sfc-cp=\"\" data-complete=\"true\"><strong class=\"Yjhzub\" data-complete=\"true\">Material:<\/strong>\u00a0Suelen estar confeccionados en\u00a0<strong class=\"Yjhzub\" data-complete=\"true\">algod\u00f3n 100%<\/strong>, lo que los hace ideales para yoga, festivales o ropa de descanso por su ligereza y comodidad.<\/span><\/li>\n<li data-hveid=\"CAEIBhAC\" data-complete=\"true\" data-sae=\"\"><span class=\"T286Pc\" data-sfc-cp=\"\" data-complete=\"true\" aria-owns=\"action-menu-parent-container\"><strong class=\"Yjhzub\" data-complete=\"true\">Ajuste:<\/strong>\u00a0Incluyen una\u00a0<strong class=\"Yjhzub\" data-complete=\"true\">cintura el\u00e1stica con cord\u00f3n<\/strong>\u00a0ajustable y bolsillos laterales, siendo generalmente de talla \u00fanica.<\/span><\/li>\n<\/ul>\n<\/div>\n","protected":false},"excerpt":{"rendered":"<p>Detalles del Producto : Pantalones Harem Boho Patchwork de Algod\u00f3n \u2013 Unisex- Marr\u00f3n Dale a tu look un estilo libre y aut\u00e9ntico con estos pantalones harem boho de patchwork en tonos mostaza y verde oliva, ideales para quienes buscan comodidad sin perder el estilo. Est\u00e1n confeccionados en algod\u00f3n suave y transpirable, perfectos para primavera, verano [&#8230;]\n","protected":false},"featured_media":2982,"comment_status":"open","ping_status":"closed","template":"","meta":[],"product_brand":[],"product_cat":[31,20,26,37],"product_tag":[],"class_list":{"0":"post-2980","1":"product","2":"type-product","3":"status-publish","4":"has-post-thumbnail","6":"product_cat-pantalon","7":"product_cat-hombre","8":"product_cat-mujer","9":"product_cat-pantalones","11":"first","12":"instock","13":"taxable","14":"shipping-taxable","15":"purchasable","16":"product-type-simple"},"jetpack_sharing_enabled":true,"_links":{"self":[{"href":"https:\/\/saskar.store\/en\/wp-json\/wp\/v2\/product\/2980","targetHints":{"allow":["GET"]}}],"collection":[{"href":"https:\/\/saskar.store\/en\/wp-json\/wp\/v2\/product"}],"about":[{"href":"https:\/\/saskar.store\/en\/wp-json\/wp\/v2\/types\/product"}],"replies":[{"embeddable":true,"href":"https:\/\/saskar.store\/en\/wp-json\/wp\/v2\/comments?post=2980"}],"wp:featuredmedia":[{"embeddable":true,"href":"https:\/\/saskar.store\/en\/wp-json\/wp\/v2\/media\/2982"}],"wp:attachment":[{"href":"https:\/\/saskar.store\/en\/wp-json\/wp\/v2\/media?parent=2980"}],"wp:term":[{"taxonomy":"product_brand","embeddable":true,"href":"https:\/\/saskar.store\/en\/wp-json\/wp\/v2\/product_brand?post=2980"},{"taxonomy":"product_cat","embeddable":true,"href":"https:\/\/saskar.store\/en\/wp-json\/wp\/v2\/product_cat?post=2980"},{"taxonomy":"product_tag","embeddable":true,"href":"https:\/\/saskar.store\/en\/wp-json\/wp\/v2\/product_tag?post=2980"}],"curies":[{"name":"wp","href":"https:\/\/api.w.org\/{rel}","templated":true}]}}