{"id":2846,"date":"2026-02-13T17:58:51","date_gmt":"2026-02-13T17:58:51","guid":{"rendered":"https:\/\/saskar.store\/?post_type=product&#038;p=2846"},"modified":"2026-02-13T17:58:52","modified_gmt":"2026-02-13T17:58:52","slug":"mochila-de-canamo-del-himalaya-hecha-a-mano-mochila-eco-friendly-con-bordado-de-hoja-y-tela-gheri","status":"publish","type":"product","link":"https:\/\/saskar.store\/en\/product\/mochila-de-canamo-del-himalaya-hecha-a-mano-mochila-eco-friendly-con-bordado-de-hoja-y-tela-gheri\/","title":{"rendered":"Mochila de C\u00e1\u00f1amo del Himalaya Hecha a Mano &#8211; Mochila Eco-Friendly con Bordado de Hoja y Tela Gheri"},"content":{"rendered":"<h3 class=\"AdPoic\" role=\"heading\" aria-level=\"3\" data-complete=\"true\" data-processed=\"true\">Descripci\u00f3n del Producto : Mochila de C\u00e1\u00f1amo del Himalaya Hecha a Mano &#8211; Mochila Eco-Friendly con Bordado de Hoja y Tela Gheri<\/h3>\n<div class=\"Y3BBE\" data-sfc-cp=\"\" data-hveid=\"CAEICRAA\" data-processed=\"true\" data-complete=\"true\">Destaca con un accesorio que combina resistencia natural y un dise\u00f1o vibrante. Nuestra\u00a0<strong class=\"Yjhzub\" data-complete=\"true\">mochila de c\u00e1\u00f1amo del Himalaya<\/strong>\u00a0es el complemento perfecto para quienes buscan moda \u00e9tica, funcional y con un fuerte car\u00e1cter artesanal. Fabricada en Nepal, cada mochila es una pieza \u00fanica que refleja la rica tradici\u00f3n textil de la regi\u00f3n.<span class=\"uJ19be notranslate\" data-wiz-uids=\"vGqZwd_6r,vGqZwd_6s\" data-complete=\"true\"><span class=\"vKEkVd\" data-animation-atomic=\"\" data-wiz-attrbind=\"class=vGqZwd_6q\/TKHnVd\" data-sae=\"\"><span aria-hidden=\"true\">\u00a0<\/span><\/span><\/span><\/div>\n<div class=\"Y3BBE\" data-sfc-cp=\"\" data-hveid=\"CAEIChAA\" data-complete=\"true\" data-processed=\"true\">Este modelo se caracteriza por su panel frontal de\u00a0<strong class=\"Yjhzub\" data-complete=\"true\">c\u00e1\u00f1amo 100% natural<\/strong>\u00a0adornado con un bordado central de la\u00a0<strong class=\"Yjhzub\" data-complete=\"true\">hoja de c\u00e1\u00f1amo<\/strong>, rodeado de patrones geom\u00e9tricos y franjas de\u00a0<strong class=\"Yjhzub\" data-complete=\"true\">tela Gheri multicolor<\/strong>. Su estructura robusta y compartimentos bien distribuidos la convierten en la opci\u00f3n ideal para festivales, el campus universitario o excursiones al aire libre.<\/div>\n<h3 class=\"Y3BBE\" data-hveid=\"CAEICxAA\" data-complete=\"true\" data-processed=\"true\">Caracter\u00edsticas Principales:<\/h3>\n<ul class=\"KsbFXc U6u95\" data-complete=\"true\" data-processed=\"true\">\n<li data-hveid=\"CAEIDBAA\" data-complete=\"true\" data-sae=\"\"><span class=\"T286Pc\" data-sfc-cp=\"\" data-complete=\"true\"><strong class=\"Yjhzub\" data-complete=\"true\">Sostenibilidad y Resistencia:<\/strong>\u00a0Elaborada con fibras de c\u00e1\u00f1amo org\u00e1nico del Himalaya, conocidas por ser incre\u00edblemente fuertes, duraderas y respetuosas con el medio ambiente.<\/span><\/li>\n<li data-hveid=\"CAEIDBAB\" data-complete=\"true\" data-sae=\"\"><span class=\"T286Pc\" data-sfc-cp=\"\" data-complete=\"true\"><strong class=\"Yjhzub\" data-complete=\"true\">Organizaci\u00f3n Vers\u00e1til:<\/strong>\u00a0Cuenta con un amplio compartimento principal (ideal para libros o port\u00e1tiles peque\u00f1os), un bolsillo frontal con cremallera y dos pr\u00e1cticos bolsillos laterales de malla para botellas de agua.<\/span><\/li>\n<li data-hveid=\"CAEIDBAC\" data-complete=\"true\" data-sae=\"\"><span class=\"T286Pc\" data-sfc-cp=\"\" data-complete=\"true\"><strong class=\"Yjhzub\" data-complete=\"true\">M\u00e1ximo Confort:<\/strong>\u00a0Equipada con correas acolchadas y totalmente ajustables que aseguran una experiencia de uso c\u00f3moda durante todo el d\u00eda.<\/span><\/li>\n<li data-hveid=\"CAEIDBAD\" data-complete=\"true\" data-sae=\"\"><span class=\"T286Pc\" data-sfc-cp=\"\" data-complete=\"true\"><strong class=\"Yjhzub\" data-complete=\"true\">Detalles \u00danicos:<\/strong>\u00a0Incluye la etiqueta aut\u00e9ntica &#8220;Himalayan Hemp&#8221;, garantizando un producto libre de THC y fabricado bajo est\u00e1ndares de comercio justo en Nepal.<\/span><\/li>\n<li data-hveid=\"CAEIDBAE\" data-complete=\"true\" data-sae=\"\"><span class=\"T286Pc\" data-sfc-cp=\"\" data-complete=\"true\"><strong class=\"Yjhzub\" data-complete=\"true\">Ligera y Duradera:<\/strong>\u00a0Su tejido mixto de c\u00e1\u00f1amo y algod\u00f3n ofrece una larga vida \u00fatil y una textura que se suaviza con el tiempo sin perder su forma.<\/span><\/li>\n<\/ul>\n<h3 class=\"Y3BBE\" data-hveid=\"CAEIDRAA\" data-complete=\"true\" data-processed=\"true\">Especificaciones T\u00e9cnicas:<\/h3>\n<ul class=\"KsbFXc U6u95\" data-complete=\"true\" data-processed=\"true\">\n<li data-hveid=\"CAEIDhAA\" data-complete=\"true\" data-sae=\"\"><span class=\"T286Pc\" data-sfc-cp=\"\" data-complete=\"true\"><strong class=\"Yjhzub\" data-complete=\"true\">Material:<\/strong>\u00a0C\u00e1\u00f1amo natural y algod\u00f3n Gheri tejido a mano.<\/span><\/li>\n<li data-hveid=\"CAEIDhAC\" data-complete=\"true\" data-sae=\"\"><span class=\"T286Pc\" data-sfc-cp=\"\" data-complete=\"true\" aria-owns=\"action-menu-parent-container\"><strong class=\"Yjhzub\" data-complete=\"true\">Cuidado:<\/strong>\u00a0Se recomienda lavar a mano y secar al aire para preservar las fibras naturales y los colores<\/span><\/li>\n<\/ul>\n","protected":false},"excerpt":{"rendered":"<p>Descripci\u00f3n del Producto : Mochila de C\u00e1\u00f1amo del Himalaya Hecha a Mano &#8211; Mochila Eco-Friendly con Bordado de Hoja y Tela Gheri Destaca con un accesorio que combina resistencia natural y un dise\u00f1o vibrante. Nuestra\u00a0mochila de c\u00e1\u00f1amo del Himalaya\u00a0es el complemento perfecto para quienes buscan moda \u00e9tica, funcional y con un fuerte car\u00e1cter artesanal. Fabricada [&#8230;]\n","protected":false},"featured_media":2806,"comment_status":"open","ping_status":"closed","template":"","meta":[],"product_brand":[],"product_cat":[43,39],"product_tag":[],"class_list":{"0":"post-2846","1":"product","2":"type-product","3":"status-publish","4":"has-post-thumbnail","6":"product_cat-handmande-products","7":"product_cat-accessories","9":"first","10":"instock","11":"taxable","12":"shipping-taxable","13":"purchasable","14":"product-type-simple"},"jetpack_sharing_enabled":true,"_links":{"self":[{"href":"https:\/\/saskar.store\/en\/wp-json\/wp\/v2\/product\/2846","targetHints":{"allow":["GET"]}}],"collection":[{"href":"https:\/\/saskar.store\/en\/wp-json\/wp\/v2\/product"}],"about":[{"href":"https:\/\/saskar.store\/en\/wp-json\/wp\/v2\/types\/product"}],"replies":[{"embeddable":true,"href":"https:\/\/saskar.store\/en\/wp-json\/wp\/v2\/comments?post=2846"}],"wp:featuredmedia":[{"embeddable":true,"href":"https:\/\/saskar.store\/en\/wp-json\/wp\/v2\/media\/2806"}],"wp:attachment":[{"href":"https:\/\/saskar.store\/en\/wp-json\/wp\/v2\/media?parent=2846"}],"wp:term":[{"taxonomy":"product_brand","embeddable":true,"href":"https:\/\/saskar.store\/en\/wp-json\/wp\/v2\/product_brand?post=2846"},{"taxonomy":"product_cat","embeddable":true,"href":"https:\/\/saskar.store\/en\/wp-json\/wp\/v2\/product_cat?post=2846"},{"taxonomy":"product_tag","embeddable":true,"href":"https:\/\/saskar.store\/en\/wp-json\/wp\/v2\/product_tag?post=2846"}],"curies":[{"name":"wp","href":"https:\/\/api.w.org\/{rel}","templated":true}]}}