{"id":2845,"date":"2026-02-13T17:55:22","date_gmt":"2026-02-13T17:55:22","guid":{"rendered":"https:\/\/saskar.store\/?post_type=product&#038;p=2845"},"modified":"2026-02-13T17:55:23","modified_gmt":"2026-02-13T17:55:23","slug":"mochila-de-canamo-del-himalaya-con-simbolo-om-mochila-etnica-hecha-a-mano-en-nepal-sostenible-y-vegana","status":"publish","type":"product","link":"https:\/\/saskar.store\/en\/product\/mochila-de-canamo-del-himalaya-con-simbolo-om-mochila-etnica-hecha-a-mano-en-nepal-sostenible-y-vegana\/","title":{"rendered":"Mochila de C\u00e1\u00f1amo del Himalaya con S\u00edmbolo Om &#8211; Mochila \u00c9tnica Hecha a Mano en Nepal &#8211; Sostenible y Vegana"},"content":{"rendered":"<h3 class=\"AdPoic\" role=\"heading\" aria-level=\"3\" data-complete=\"true\" data-processed=\"true\">Descripci\u00f3n del Producto : Mochila de C\u00e1\u00f1amo del Himalaya con S\u00edmbolo Om &#8211; Mochila \u00c9tnica Hecha a Mano en Nepal &#8211; Sostenible y Vegana<\/h3>\n<div class=\"Y3BBE\" data-sfc-cp=\"\" data-hveid=\"CAEIBxAA\" data-complete=\"true\" data-processed=\"true\">Eleva tu estilo con nuestra\u00a0<strong class=\"Yjhzub\" data-complete=\"true\">mochila de c\u00e1\u00f1amo del Himalaya<\/strong>, un accesorio que combina a la perfecci\u00f3n la durabilidad natural con un profundo simbolismo espiritual. Fabricada artesanalmente en Nepal, esta mochila destaca por su ic\u00f3nico estampado central del\u00a0<strong class=\"Yjhzub\" data-complete=\"true\">s\u00edmbolo Om<\/strong>, que representa la paz y la armon\u00eda universal.<\/div>\n<div class=\"Y3BBE\" data-sfc-cp=\"\" data-hveid=\"CAEICBAA\" data-complete=\"true\" data-processed=\"true\">Esta mochila est\u00e1 confeccionada con\u00a0<strong class=\"Yjhzub\" data-complete=\"true\">c\u00e1\u00f1amo 100% natural<\/strong>\u00a0y algod\u00f3n de alta calidad, materiales conocidos por su excepcional resistencia y longevidad. Su dise\u00f1o \u00fanico mezcla la textura r\u00fastica del c\u00e1\u00f1amo en el panel frontal con vibrantes patrones de rayas laterales, capturando la esencia de la artesan\u00eda nepal\u00ed.<\/div>\n<h3 class=\"Y3BBE\" data-hveid=\"CAEICRAA\" data-complete=\"true\" data-processed=\"true\">Caracter\u00edsticas que la hacen \u00fanica:<\/h3>\n<ul class=\"KsbFXc U6u95\" data-complete=\"true\" data-processed=\"true\">\n<li data-hveid=\"CAEIChAA\" data-complete=\"true\" data-sae=\"\"><span class=\"T286Pc\" data-sfc-cp=\"\" data-complete=\"true\"><strong class=\"Yjhzub\" data-complete=\"true\">Material Ecol\u00f3gico:<\/strong>\u00a0Hecha de fibras de c\u00e1\u00f1amo org\u00e1nico, una de las materias primas m\u00e1s fuertes y sostenibles del mundo, totalmente libre de THC.<\/span><\/li>\n<li data-hveid=\"CAEIChAB\" data-complete=\"true\" data-sae=\"\"><span class=\"T286Pc\" data-sfc-cp=\"\" data-complete=\"true\"><strong class=\"Yjhzub\" data-complete=\"true\">Gran Capacidad y Organizaci\u00f3n:<\/strong>\u00a0Cuenta con un amplio compartimento principal (ideal para libros o un port\u00e1til de hasta 17 pulgadas) y un bolsillo frontal con cremallera para objetos de acceso r\u00e1pido.<\/span><\/li>\n<li data-hveid=\"CAEIChAC\" data-complete=\"true\" data-sae=\"\"><span class=\"T286Pc\" data-sfc-cp=\"\" data-complete=\"true\"><strong class=\"Yjhzub\" data-complete=\"true\">Dise\u00f1o Funcional:<\/strong>\u00a0Incluye dos bolsillos laterales externos, perfectos para llevar botellas de agua o accesorios peque\u00f1os.<\/span><\/li>\n<li data-hveid=\"CAEIChAD\" data-complete=\"true\" data-sae=\"\"><span class=\"T286Pc\" data-sfc-cp=\"\" data-complete=\"true\"><strong class=\"Yjhzub\" data-complete=\"true\">Comodidad Garantizada:<\/strong>\u00a0Equipada con correas ajustables y acolchadas para los hombros, dise\u00f1adas para un uso c\u00f3modo durante todo el d\u00eda.<\/span><\/li>\n<li data-hveid=\"CAEIChAE\" data-complete=\"true\" data-sae=\"\"><span class=\"T286Pc\" data-sfc-cp=\"\" data-complete=\"true\"><strong class=\"Yjhzub\" data-complete=\"true\">Artesan\u00eda de Comercio Justo:<\/strong>\u00a0Cada mochila es una pieza \u00fanica hecha a mano por artesanos en Nepal, apoyando directamente a comunidades locales.<\/span><\/li>\n<\/ul>\n<h3 class=\"Y3BBE\" data-hveid=\"CAEICxAA\" data-complete=\"true\" data-processed=\"true\">Especificaciones T\u00e9cnicas:<\/h3>\n<ul class=\"KsbFXc U6u95\" data-complete=\"true\" data-processed=\"true\">\n<li data-hveid=\"CAEIDBAB\" data-complete=\"true\" data-sae=\"\"><span class=\"T286Pc\" data-sfc-cp=\"\" data-complete=\"true\"><strong class=\"Yjhzub\" data-complete=\"true\">Material:<\/strong>\u00a0100% C\u00e1\u00f1amo natural y algod\u00f3n org\u00e1nico.<\/span><\/li>\n<li data-hveid=\"CAEIDBAC\" data-complete=\"true\" data-sae=\"\"><span class=\"T286Pc\" data-sfc-cp=\"\" data-complete=\"true\" aria-owns=\"action-menu-parent-container\"><strong class=\"Yjhzub\" data-complete=\"true\">Cuidado:<\/strong>\u00a0Se recomienda lavar a mano y secar al aire para mantener la calidad de las fibras naturales<\/span><\/li>\n<\/ul>\n","protected":false},"excerpt":{"rendered":"<p>Descripci\u00f3n del Producto : Mochila de C\u00e1\u00f1amo del Himalaya con S\u00edmbolo Om &#8211; Mochila \u00c9tnica Hecha a Mano en Nepal &#8211; Sostenible y Vegana Eleva tu estilo con nuestra\u00a0mochila de c\u00e1\u00f1amo del Himalaya, un accesorio que combina a la perfecci\u00f3n la durabilidad natural con un profundo simbolismo espiritual. Fabricada artesanalmente en Nepal, esta mochila destaca [&#8230;]\n","protected":false},"featured_media":2805,"comment_status":"open","ping_status":"closed","template":"","meta":[],"product_brand":[],"product_cat":[43,39],"product_tag":[],"class_list":{"0":"post-2845","1":"product","2":"type-product","3":"status-publish","4":"has-post-thumbnail","6":"product_cat-handmande-products","7":"product_cat-accessories","9":"first","10":"instock","11":"taxable","12":"shipping-taxable","13":"purchasable","14":"product-type-simple"},"jetpack_sharing_enabled":true,"_links":{"self":[{"href":"https:\/\/saskar.store\/en\/wp-json\/wp\/v2\/product\/2845","targetHints":{"allow":["GET"]}}],"collection":[{"href":"https:\/\/saskar.store\/en\/wp-json\/wp\/v2\/product"}],"about":[{"href":"https:\/\/saskar.store\/en\/wp-json\/wp\/v2\/types\/product"}],"replies":[{"embeddable":true,"href":"https:\/\/saskar.store\/en\/wp-json\/wp\/v2\/comments?post=2845"}],"wp:featuredmedia":[{"embeddable":true,"href":"https:\/\/saskar.store\/en\/wp-json\/wp\/v2\/media\/2805"}],"wp:attachment":[{"href":"https:\/\/saskar.store\/en\/wp-json\/wp\/v2\/media?parent=2845"}],"wp:term":[{"taxonomy":"product_brand","embeddable":true,"href":"https:\/\/saskar.store\/en\/wp-json\/wp\/v2\/product_brand?post=2845"},{"taxonomy":"product_cat","embeddable":true,"href":"https:\/\/saskar.store\/en\/wp-json\/wp\/v2\/product_cat?post=2845"},{"taxonomy":"product_tag","embeddable":true,"href":"https:\/\/saskar.store\/en\/wp-json\/wp\/v2\/product_tag?post=2845"}],"curies":[{"name":"wp","href":"https:\/\/api.w.org\/{rel}","templated":true}]}}