{"id":2843,"date":"2026-02-13T17:49:28","date_gmt":"2026-02-13T17:49:28","guid":{"rendered":"https:\/\/saskar.store\/?post_type=product&#038;p=2843"},"modified":"2026-02-13T17:49:28","modified_gmt":"2026-02-13T17:49:28","slug":"mochila-de-canamo-del-himalaya-hecha-a-mano-mochila-eco-friendly-con-panel-de-canamo-natural-y-detalles-tejidos","status":"publish","type":"product","link":"https:\/\/saskar.store\/en\/product\/mochila-de-canamo-del-himalaya-hecha-a-mano-mochila-eco-friendly-con-panel-de-canamo-natural-y-detalles-tejidos\/","title":{"rendered":"Mochila de C\u00e1\u00f1amo del Himalaya Hecha a Mano &#8211; Mochila Eco-Friendly con Panel de C\u00e1\u00f1amo Natural y Detalles Tejidos"},"content":{"rendered":"<h3 class=\"AdPoic\" role=\"heading\" aria-level=\"3\" data-complete=\"true\" data-processed=\"true\">Descripci\u00f3n del Producto : Mochila de C\u00e1\u00f1amo del Himalaya Hecha a Mano &#8211; Mochila Eco-Friendly con Panel de C\u00e1\u00f1amo Natural y Detalles Tejidos<\/h3>\n<div class=\"Y3BBE\" data-sfc-cp=\"\" data-hveid=\"CAEICRAA\" data-complete=\"true\" data-processed=\"true\">Lleva la esencia de la sostenibilidad contigo con nuestra\u00a0<strong class=\"Yjhzub\" data-complete=\"true\">mochila de c\u00e1\u00f1amo del Himalaya<\/strong>. Esta pieza es una muestra perfecta de c\u00f3mo la durabilidad natural se une al dise\u00f1o moderno y artesanal. Fabricada \u00edntegramente en Nepal, esta mochila es ideal para quienes buscan un accesorio\u00a0<strong class=\"Yjhzub\" data-complete=\"true\">vegano, resistente y con un impacto ambiental m\u00ednimo<\/strong>.<span class=\"uJ19be notranslate\" data-wiz-uids=\"u6hM6b_18,u6hM6b_19\" data-complete=\"true\"><span class=\"vKEkVd\" data-animation-atomic=\"\" data-wiz-attrbind=\"class=u6hM6b_17\/TKHnVd\" data-sae=\"\"><span aria-hidden=\"true\">\u00a0<\/span><\/span><\/span><\/div>\n<div class=\"Y3BBE\" data-sfc-cp=\"\" data-hveid=\"CAEIChAA\" data-complete=\"true\" data-processed=\"true\">El dise\u00f1o destaca por un amplio panel frontal de\u00a0<strong class=\"Yjhzub\" data-complete=\"true\">c\u00e1\u00f1amo 100% natural<\/strong>\u00a0en tono crudo, complementado con secciones de tejido en contraste blanco y negro que le aportan una est\u00e9tica urbana y contempor\u00e1nea. Su estructura robusta la convierte en la compa\u00f1era perfecta para la universidad, el trabajo o tus aventuras al aire libre.<span class=\"uJ19be notranslate\" data-wiz-uids=\"u6hM6b_1f,u6hM6b_1g\" data-complete=\"true\"><span class=\"vKEkVd\" data-animation-atomic=\"\" data-wiz-attrbind=\"class=u6hM6b_1e\/TKHnVd\" data-sae=\"\"><span aria-hidden=\"true\">\u00a0<\/span><\/span><\/span><\/div>\n<h3 class=\"Y3BBE\" data-hveid=\"CAEICxAA\" data-complete=\"true\" data-processed=\"true\">Caracter\u00edsticas que la hacen \u00fanica:<\/h3>\n<ul class=\"KsbFXc U6u95\" data-complete=\"true\" data-processed=\"true\">\n<li data-hveid=\"CAEIDBAA\" data-complete=\"true\" data-sae=\"\"><span class=\"T286Pc\" data-sfc-cp=\"\" data-complete=\"true\"><strong class=\"Yjhzub\" data-complete=\"true\">Material 100% Sostenible:<\/strong>\u00a0Confeccionada con fibras de c\u00e1\u00f1amo org\u00e1nico y algod\u00f3n, materiales conocidos por ser m\u00e1s fuertes y duraderos que el algod\u00f3n convencional.<\/span><\/li>\n<li data-hveid=\"CAEIDBAB\" data-complete=\"true\" data-sae=\"\"><span class=\"T286Pc\" data-sfc-cp=\"\" data-complete=\"true\"><strong class=\"Yjhzub\" data-complete=\"true\">Organizaci\u00f3n Inteligente:<\/strong>\u00a0Incluye un compartimento principal espacioso y un pr\u00e1ctico bolsillo frontal con cremallera vertical para acceder r\u00e1pidamente a tus objetos m\u00e1s importantes.<\/span><\/li>\n<li data-hveid=\"CAEIDBAC\" data-complete=\"true\" data-sae=\"\"><span class=\"T286Pc\" data-sfc-cp=\"\" data-complete=\"true\"><strong class=\"Yjhzub\" data-complete=\"true\">Confort para el D\u00eda a D\u00eda:<\/strong>\u00a0Correas para los hombros acolchadas y ajustables que aseguran una distribuci\u00f3n equilibrada del peso y m\u00e1xima comodidad durante el uso prolongado.<\/span><\/li>\n<li data-hveid=\"CAEIDBAD\" data-complete=\"true\" data-sae=\"\"><span class=\"T286Pc\" data-sfc-cp=\"\" data-complete=\"true\"><strong class=\"Yjhzub\" data-complete=\"true\">Artesan\u00eda Aut\u00e9ntica:<\/strong>\u00a0Hecha a mano en Nepal bajo est\u00e1ndares de comercio justo, cada mochila es una pieza \u00fanica que incluye la etiqueta certificada &#8220;Himalayan Hemp&#8221; (libre de THC).<\/span><\/li>\n<li data-hveid=\"CAEIDBAE\" data-complete=\"true\" data-sae=\"\"><span class=\"T286Pc\" data-sfc-cp=\"\" data-complete=\"true\"><strong class=\"Yjhzub\" data-complete=\"true\">Bolsillos Laterales:<\/strong>\u00a0Equipada con bolsillos laterales el\u00e1sticos, ideales para llevar tu botella de agua o un paraguas de forma c\u00f3moda.<\/span><\/li>\n<\/ul>\n<h3 class=\"Y3BBE\" data-hveid=\"CAEIDRAA\" data-complete=\"true\" data-processed=\"true\">Especificaciones T\u00e9cnicas:<\/h3>\n<ul class=\"KsbFXc U6u95\" data-complete=\"true\" data-processed=\"true\">\n<li data-hveid=\"CAEIDhAA\" data-complete=\"true\" data-sae=\"\"><span class=\"T286Pc\" data-sfc-cp=\"\" data-complete=\"true\"><strong class=\"Yjhzub\" data-complete=\"true\">Composici\u00f3n:<\/strong>\u00a0C\u00e1\u00f1amo natural y detalles de algod\u00f3n tejido.<\/span><\/li>\n<li data-hveid=\"CAEIDhAB\" data-complete=\"true\" data-sae=\"\"><span class=\"T286Pc\" data-sfc-cp=\"\" data-complete=\"true\"><strong class=\"Yjhzub\" data-complete=\"true\">Origen:<\/strong>\u00a0Katmand\u00fa, Nepal (Handmade).<\/span><\/li>\n<\/ul>\n","protected":false},"excerpt":{"rendered":"<p>Descripci\u00f3n del Producto : Mochila de C\u00e1\u00f1amo del Himalaya Hecha a Mano &#8211; Mochila Eco-Friendly con Panel de C\u00e1\u00f1amo Natural y Detalles Tejidos Lleva la esencia de la sostenibilidad contigo con nuestra\u00a0mochila de c\u00e1\u00f1amo del Himalaya. Esta pieza es una muestra perfecta de c\u00f3mo la durabilidad natural se une al dise\u00f1o moderno y artesanal. Fabricada [&#8230;]\n","protected":false},"featured_media":2797,"comment_status":"open","ping_status":"closed","template":"","meta":[],"product_brand":[],"product_cat":[43,39],"product_tag":[],"class_list":{"0":"post-2843","1":"product","2":"type-product","3":"status-publish","4":"has-post-thumbnail","6":"product_cat-handmande-products","7":"product_cat-accessories","9":"first","10":"instock","11":"taxable","12":"shipping-taxable","13":"purchasable","14":"product-type-simple"},"jetpack_sharing_enabled":true,"_links":{"self":[{"href":"https:\/\/saskar.store\/en\/wp-json\/wp\/v2\/product\/2843","targetHints":{"allow":["GET"]}}],"collection":[{"href":"https:\/\/saskar.store\/en\/wp-json\/wp\/v2\/product"}],"about":[{"href":"https:\/\/saskar.store\/en\/wp-json\/wp\/v2\/types\/product"}],"replies":[{"embeddable":true,"href":"https:\/\/saskar.store\/en\/wp-json\/wp\/v2\/comments?post=2843"}],"wp:featuredmedia":[{"embeddable":true,"href":"https:\/\/saskar.store\/en\/wp-json\/wp\/v2\/media\/2797"}],"wp:attachment":[{"href":"https:\/\/saskar.store\/en\/wp-json\/wp\/v2\/media?parent=2843"}],"wp:term":[{"taxonomy":"product_brand","embeddable":true,"href":"https:\/\/saskar.store\/en\/wp-json\/wp\/v2\/product_brand?post=2843"},{"taxonomy":"product_cat","embeddable":true,"href":"https:\/\/saskar.store\/en\/wp-json\/wp\/v2\/product_cat?post=2843"},{"taxonomy":"product_tag","embeddable":true,"href":"https:\/\/saskar.store\/en\/wp-json\/wp\/v2\/product_tag?post=2843"}],"curies":[{"name":"wp","href":"https:\/\/api.w.org\/{rel}","templated":true}]}}