{"id":2840,"date":"2026-02-13T17:37:50","date_gmt":"2026-02-13T17:37:50","guid":{"rendered":"https:\/\/saskar.store\/?post_type=product&#038;p=2840"},"modified":"2026-02-13T17:37:51","modified_gmt":"2026-02-13T17:37:51","slug":"mochila-de-canamo-del-himalaya-hecha-a-mano-mochila-etica-con-atrapasuenos-y-tela-gheri","status":"publish","type":"product","link":"https:\/\/saskar.store\/en\/product\/mochila-de-canamo-del-himalaya-hecha-a-mano-mochila-etica-con-atrapasuenos-y-tela-gheri\/","title":{"rendered":"Mochila de C\u00e1\u00f1amo del Himalaya Hecha a Mano &#8211; Mochila \u00c9tica con Atrapasue\u00f1os y Tela Gheri"},"content":{"rendered":"<h3 class=\"AdPoic\" role=\"heading\" aria-level=\"3\" data-complete=\"true\" data-processed=\"true\">Descripci\u00f3n del Producto : Mochila de C\u00e1\u00f1amo del Himalaya Hecha a Mano &#8211; Mochila \u00c9tica con Atrapasue\u00f1os y Tela Gheri<\/h3>\n<div class=\"Y3BBE\" data-sfc-cp=\"\" data-hveid=\"CAEICRAA\" data-complete=\"true\" data-processed=\"true\">Combina estilo, resistencia y conciencia ecol\u00f3gica con nuestra\u00a0<strong class=\"Yjhzub\" data-complete=\"true\">mochila de c\u00e1\u00f1amo del Himalaya<\/strong>. Fabricada artesanalmente en las monta\u00f1as de Nepal, esta pieza es mucho m\u00e1s que un accesorio: es una declaraci\u00f3n de principios en favor de la moda sostenible y el apoyo a las comunidades de artesanos locales.<span class=\"uJ19be notranslate\" data-wiz-uids=\"ru6TQe_17,ru6TQe_18\" data-complete=\"true\"><span class=\"vKEkVd\" data-animation-atomic=\"\" data-wiz-attrbind=\"class=ru6TQe_16\/TKHnVd\" data-sae=\"\"><span aria-hidden=\"true\">\u00a0<\/span><\/span><\/span><\/div>\n<div class=\"Y3BBE\" data-sfc-cp=\"\" data-hveid=\"CAEIChAA\" data-complete=\"true\" data-processed=\"true\">Esta mochila destaca por su dise\u00f1o \u00fanico que mezcla la robustez del\u00a0<strong class=\"Yjhzub\" data-complete=\"true\">c\u00e1\u00f1amo natural<\/strong>\u00a0en el bolsillo frontal con la belleza vibrante de la\u00a0<strong class=\"Yjhzub\" data-complete=\"true\">tela Gheri tradicional<\/strong>\u00a0en la parte superior y trasera. El ic\u00f3nico estampado de\u00a0<strong class=\"Yjhzub\" data-complete=\"true\">atrapasue\u00f1os<\/strong>\u00a0a\u00f1ade un toque espiritual y bohemio, convirti\u00e9ndola en la compa\u00f1era perfecta para festivales, viajes o tu d\u00eda a d\u00eda urbano.<span class=\"uJ19be notranslate\" data-wiz-uids=\"ru6TQe_1h,ru6TQe_1i\" data-complete=\"true\"><span class=\"vKEkVd\" data-animation-atomic=\"\" data-wiz-attrbind=\"class=ru6TQe_1g\/TKHnVd\" data-sae=\"\"><span aria-hidden=\"true\">\u00a0<\/span><\/span><\/span><\/div>\n<h3 class=\"Y3BBE\" data-hveid=\"CAEICxAA\" data-complete=\"true\" data-processed=\"true\">Caracter\u00edsticas que la hacen \u00fanica:<\/h3>\n<ul class=\"KsbFXc U6u95\" data-complete=\"true\" data-processed=\"true\">\n<li data-hveid=\"CAEIDBAA\" data-complete=\"true\" data-sae=\"\"><span class=\"T286Pc\" data-sfc-cp=\"\" data-complete=\"true\"><strong class=\"Yjhzub\" data-complete=\"true\">Material 100% Ecol\u00f3gico:<\/strong>\u00a0Confeccionada con fibras de c\u00e1\u00f1amo org\u00e1nico, una de las materias primas m\u00e1s duraderas, biodegradables y respetuosas con el medio ambiente.<\/span><\/li>\n<li data-hveid=\"CAEIDBAB\" data-complete=\"true\" data-sae=\"\"><span class=\"T286Pc\" data-sfc-cp=\"\" data-complete=\"true\"><strong class=\"Yjhzub\" data-complete=\"true\">Dise\u00f1o Funcional:<\/strong>\u00a0Cuenta con un amplio compartimento principal (ideal para cuadernos o port\u00e1tiles peque\u00f1os) y un bolsillo frontal con cremallera para objetos de f\u00e1cil acceso.<\/span><\/li>\n<li data-hveid=\"CAEIDBAC\" data-complete=\"true\" data-sae=\"\"><span class=\"T286Pc\" data-sfc-cp=\"\" data-complete=\"true\"><strong class=\"Yjhzub\" data-complete=\"true\">Confort y Ajuste:<\/strong>\u00a0Las correas para los hombros est\u00e1n totalmente acolchadas y son ajustables para garantizar la m\u00e1xima comodidad durante largos periodos de uso.<\/span><\/li>\n<li data-hveid=\"CAEIDBAD\" data-complete=\"true\" data-sae=\"\"><span class=\"T286Pc\" data-sfc-cp=\"\" data-complete=\"true\"><strong class=\"Yjhzub\" data-complete=\"true\">Detalles Artesanales:<\/strong>\u00a0Incluye la etiqueta aut\u00e9ntica &#8220;Himalayan Hemp&#8221;, certificando su origen artesanal y que es un producto libre de THC.<\/span><\/li>\n<li data-hveid=\"CAEIDBAE\" data-complete=\"true\" data-sae=\"\"><span class=\"T286Pc\" data-sfc-cp=\"\" data-complete=\"true\"><strong class=\"Yjhzub\" data-complete=\"true\">Bolsillos Laterales:<\/strong>\u00a0Equipada con pr\u00e1cticos bolsillos laterales de malla, ideales para llevar botellas de agua o paraguas.<\/span><span class=\"uJ19be notranslate\" data-wiz-uids=\"ru6TQe_28,ru6TQe_29\" data-complete=\"true\"><span class=\"vKEkVd\" data-animation-atomic=\"\" data-wiz-attrbind=\"class=ru6TQe_27\/TKHnVd\" data-sae=\"\"><span aria-hidden=\"true\">\u00a0<\/span><button class=\"rBl3me\" tabindex=\"0\" data-amic=\"true\" data-icl-uuid=\"40028585-ff0d-442f-95e2-4934fcdab484\" aria-label=\"Ver enlaces relacionados\" data-wiz-attrbind=\"disabled=ru6TQe_27\/C5gNJc;aria-label=ru6TQe_27\/bOjMyf;class=ru6TQe_27\/UpSNec\" data-ved=\"2ahUKEwiAg4DZ_taSAxV0fKQEHQurAtcQye0OegYIAQgMEAU\"><\/button><\/span><\/span><\/li>\n<\/ul>\n<h3 class=\"Y3BBE\" data-hveid=\"CAEIDRAA\" data-complete=\"true\" data-processed=\"true\">Especificaciones T\u00e9cnicas:<\/h3>\n<ul class=\"KsbFXc U6u95\" data-complete=\"true\" data-processed=\"true\">\n<li data-hveid=\"CAEIDhAA\" data-complete=\"true\" data-sae=\"\"><span class=\"T286Pc\" data-sfc-cp=\"\" data-complete=\"true\"><strong class=\"Yjhzub\" data-complete=\"true\">Composici\u00f3n:<\/strong>\u00a0C\u00e1\u00f1amo natural y algod\u00f3n Gheri reciclado.<\/span><\/li>\n<li data-hveid=\"CAEIDhAB\" data-complete=\"true\" data-sae=\"\"><span class=\"T286Pc\" data-sfc-cp=\"\" data-complete=\"true\" aria-owns=\"action-menu-parent-container\"><strong class=\"Yjhzub\" data-complete=\"true\">Origen:<\/strong>\u00a0Nepal (Fair Trade \/ Comercio Justo).<\/span><\/li>\n<\/ul>\n","protected":false},"excerpt":{"rendered":"<p>Descripci\u00f3n del Producto : Mochila de C\u00e1\u00f1amo del Himalaya Hecha a Mano &#8211; Mochila \u00c9tica con Atrapasue\u00f1os y Tela Gheri Combina estilo, resistencia y conciencia ecol\u00f3gica con nuestra\u00a0mochila de c\u00e1\u00f1amo del Himalaya. Fabricada artesanalmente en las monta\u00f1as de Nepal, esta pieza es mucho m\u00e1s que un accesorio: es una declaraci\u00f3n de principios en favor de [&#8230;]\n","protected":false},"featured_media":2793,"comment_status":"open","ping_status":"closed","template":"","meta":[],"product_brand":[],"product_cat":[43,39],"product_tag":[],"class_list":{"0":"post-2840","1":"product","2":"type-product","3":"status-publish","4":"has-post-thumbnail","6":"product_cat-handmande-products","7":"product_cat-accessories","9":"first","10":"instock","11":"taxable","12":"shipping-taxable","13":"purchasable","14":"product-type-simple"},"jetpack_sharing_enabled":true,"_links":{"self":[{"href":"https:\/\/saskar.store\/en\/wp-json\/wp\/v2\/product\/2840","targetHints":{"allow":["GET"]}}],"collection":[{"href":"https:\/\/saskar.store\/en\/wp-json\/wp\/v2\/product"}],"about":[{"href":"https:\/\/saskar.store\/en\/wp-json\/wp\/v2\/types\/product"}],"replies":[{"embeddable":true,"href":"https:\/\/saskar.store\/en\/wp-json\/wp\/v2\/comments?post=2840"}],"wp:featuredmedia":[{"embeddable":true,"href":"https:\/\/saskar.store\/en\/wp-json\/wp\/v2\/media\/2793"}],"wp:attachment":[{"href":"https:\/\/saskar.store\/en\/wp-json\/wp\/v2\/media?parent=2840"}],"wp:term":[{"taxonomy":"product_brand","embeddable":true,"href":"https:\/\/saskar.store\/en\/wp-json\/wp\/v2\/product_brand?post=2840"},{"taxonomy":"product_cat","embeddable":true,"href":"https:\/\/saskar.store\/en\/wp-json\/wp\/v2\/product_cat?post=2840"},{"taxonomy":"product_tag","embeddable":true,"href":"https:\/\/saskar.store\/en\/wp-json\/wp\/v2\/product_tag?post=2840"}],"curies":[{"name":"wp","href":"https:\/\/api.w.org\/{rel}","templated":true}]}}